{"id":406,"date":"2017-07-07T10:51:40","date_gmt":"2017-07-07T08:51:40","guid":{"rendered":"http:\/\/www.electronweb.it\/riempimento-bottiglie\/"},"modified":"2020-11-10T12:54:43","modified_gmt":"2020-11-10T11:54:43","slug":"remplissage","status":"publish","type":"page","link":"https:\/\/www.electronweb.it\/fr\/remplissage\/","title":{"rendered":"Remplissage"},"content":{"rendered":"<h1>EMBOUTEILLAGE\u00a0<span style=\"color: #007632;\">ET BOUCHAGE<\/span><\/h1>\n<h2><em>Nos remplisseuses automatiques<\/em><\/h2>\n<p>\u00a0<\/p>\n<p>Les techniciens d\u2019Electron sont sp\u00e9cialis\u00e9s dans la conception, r\u00e9alisation et implantation de machines remplisseuses automatiques ayant des atouts importants tels que la <strong>modularit\u00e9 et la facilit\u00e9 d\u2019utilisation<\/strong>. Gr\u00e2ce \u00e0 la modularit\u00e9 ces machines peuvent \u00eatre int\u00e9gr\u00e9es dans des lignes de production compl\u00e8tes, m\u00eame d\u00e9j\u00e0 existantes, pour l\u2019embouteillage de vins, huiles alimentaires et d\u2019autres liquides.<br>\n<strong>R\u00e9alis\u00e9es avec des mat\u00e9riaux de qualit\u00e9<\/strong>, elles sont bien robustes et fiables permettant de remplir des conteneurs de plusieurs formes et dimensions sans faire des modifications significatives ou installer d\u2019accessoires additionnels, mais tout simplement en agissant sur les r\u00e9glages.<\/p>\n<p>Chaque machine est <strong>\u00e9quip\u00e9e de syst\u00e8mes de dosage de haute pr\u00e9cision<\/strong> et peut avoir jusqu\u2019\u00e0 4 robinets facilement amovibles. Les machines remplisseuses et boucheuses fabriqu\u00e9es par Electron, \u00e9quip\u00e9es de tapis roulant \u00e0 vitesse variable, peuvent avoir un dispositif sp\u00e9cifique pour bouchons \u00e0 pression, bouchons viss\u00e9s et bouchons en li\u00e8ge, a<strong>ssurant ainsi une performance optimale et une grande fiabilit\u00e9 de fonctionnement<\/strong>.<\/p>\n<p>Les op\u00e9rations d\u2019entretien ordinaire sont faciles et leur utilisation s\u2019av\u00e8re \u00eatre extr\u00eamement intuitive gr\u00e2ce \u00e0 leur <strong>\u00e9lectronique de pointe<\/strong> et \u00e0 la gestion automatique enti\u00e8rement par API avec interface tactile command\u00e9e \u00e0 distance \u00e0 travers des dispositifs mobiles.<\/p>\n<p>Les monoblocs lin\u00e9aires pour remplissage et bouchage peuvent \u00eatre utilis\u00e9s ais\u00e9ment m\u00eame par un op\u00e9rateur seulement, donc ils permettent d\u2019optimiser les co\u00fbts et les d\u00e9lais de production et d\u2019engendrer des avantages remarquables pour les petites et les moyennes productions.<\/p>\n<p><img loading=\"lazy\" decoding=\"async\" class=\"aligncenter wp-image-460 size-full\" src=\"http:\/\/www.electronweb.it\/wp-content\/uploads\/2017\/07\/riempimento-02-wide.jpg\" alt=\"Remplisseuses automatiques pour conteneurs et bouteilles\" width=\"1920\" height=\"720\" srcset=\"https:\/\/www.electronweb.it\/wp-content\/uploads\/2017\/07\/riempimento-02-wide.jpg 1920w, https:\/\/www.electronweb.it\/wp-content\/uploads\/2017\/07\/riempimento-02-wide-300x113.jpg 300w, https:\/\/www.electronweb.it\/wp-content\/uploads\/2017\/07\/riempimento-02-wide-768x288.jpg 768w, https:\/\/www.electronweb.it\/wp-content\/uploads\/2017\/07\/riempimento-02-wide-1024x384.jpg 1024w\" sizes=\"auto, (max-width: 1920px) 100vw, 1920px\" \/><\/p>\n","protected":false},"excerpt":{"rendered":"<p>EMBOUTEILLAGE\u00a0ET BOUCHAGE Nos remplisseuses automatiques \u00a0 Les techniciens d\u2019Electron sont sp\u00e9cialis\u00e9s dans la conception, r\u00e9alisation et implantation de machines remplisseuses automatiques ayant des atouts importants tels que la modularit\u00e9 et la facilit\u00e9 d\u2019utilisation. Gr\u00e2ce \u00e0 la modularit\u00e9 ces machines peuvent \u00eatre int\u00e9gr\u00e9es dans des lignes de production compl\u00e8tes, m\u00eame d\u00e9j\u00e0 existantes, pour l\u2019embouteillage de vins, [&hellip;]<\/p>\n","protected":false},"author":3,"featured_media":407,"parent":0,"menu_order":0,"comment_status":"closed","ping_status":"closed","template":"","meta":{"footnotes":""},"class_list":["post-406","page","type-page","status-publish","has-post-thumbnail","hentry"],"yoast_head":"<!-- This site is optimized with the Yoast SEO plugin v27.5 - https:\/\/yoast.com\/product\/yoast-seo-wordpress\/ -->\n<title>Remplisseuses automatiques pour conteneurs et bouteilles<\/title>\n<meta name=\"description\" content=\"Conception, r\u00e9alisation et implantation de machines pour le remplissage de conteneurs de forme et dimension diff\u00e9rente avec syst\u00e8mes de pesage et dosage de haute pr\u00e9cision et interface de contr\u00f4le tactile.\" \/>\n<meta name=\"robots\" content=\"index, follow, max-snippet:-1, max-image-preview:large, max-video-preview:-1\" \/>\n<link rel=\"canonical\" href=\"https:\/\/www.electronweb.it\/fr\/remplissage\/\" \/>\n<meta property=\"og:locale\" content=\"fr_FR\" \/>\n<meta property=\"og:type\" content=\"article\" \/>\n<meta property=\"og:title\" content=\"Remplisseuses automatiques pour conteneurs et bouteilles\" \/>\n<meta property=\"og:description\" content=\"Conception, r\u00e9alisation et implantation de machines pour le remplissage de conteneurs de forme et dimension diff\u00e9rente avec syst\u00e8mes de pesage et dosage de haute pr\u00e9cision et interface de contr\u00f4le tactile.\" \/>\n<meta property=\"og:url\" content=\"https:\/\/www.electronweb.it\/fr\/remplissage\/\" \/>\n<meta property=\"og:site_name\" content=\"Electron\" \/>\n<meta property=\"article:modified_time\" content=\"2020-11-10T11:54:43+00:00\" \/>\n<meta property=\"og:image\" content=\"https:\/\/www.electronweb.it\/wp-content\/uploads\/2017\/07\/riempimento-header.jpg\" \/>\n\t<meta property=\"og:image:width\" content=\"1920\" \/>\n\t<meta property=\"og:image:height\" content=\"720\" \/>\n\t<meta property=\"og:image:type\" content=\"image\/jpeg\" \/>\n<meta name=\"twitter:card\" content=\"summary_large_image\" \/>\n<meta name=\"twitter:label1\" content=\"Dur\u00e9e de lecture estim\u00e9e\" \/>\n\t<meta name=\"twitter:data1\" content=\"1 minute\" \/>\n<script type=\"application\/ld+json\" class=\"yoast-schema-graph\">{\"@context\":\"https:\\\/\\\/schema.org\",\"@graph\":[{\"@type\":\"WebPage\",\"@id\":\"https:\\\/\\\/www.electronweb.it\\\/fr\\\/remplissage\\\/\",\"url\":\"https:\\\/\\\/www.electronweb.it\\\/fr\\\/remplissage\\\/\",\"name\":\"Remplisseuses automatiques pour conteneurs et bouteilles\",\"isPartOf\":{\"@id\":\"https:\\\/\\\/www.electronweb.it\\\/fr\\\/#website\"},\"primaryImageOfPage\":{\"@id\":\"https:\\\/\\\/www.electronweb.it\\\/fr\\\/remplissage\\\/#primaryimage\"},\"image\":{\"@id\":\"https:\\\/\\\/www.electronweb.it\\\/fr\\\/remplissage\\\/#primaryimage\"},\"thumbnailUrl\":\"https:\\\/\\\/www.electronweb.it\\\/wp-content\\\/uploads\\\/2017\\\/07\\\/riempimento-header.jpg\",\"datePublished\":\"2017-07-07T08:51:40+00:00\",\"dateModified\":\"2020-11-10T11:54:43+00:00\",\"description\":\"Conception, r\u00e9alisation et implantation de machines pour le remplissage de conteneurs de forme et dimension diff\u00e9rente avec syst\u00e8mes de pesage et dosage de haute pr\u00e9cision et interface de contr\u00f4le tactile.\",\"breadcrumb\":{\"@id\":\"https:\\\/\\\/www.electronweb.it\\\/fr\\\/remplissage\\\/#breadcrumb\"},\"inLanguage\":\"fr-FR\",\"potentialAction\":[{\"@type\":\"ReadAction\",\"target\":[\"https:\\\/\\\/www.electronweb.it\\\/fr\\\/remplissage\\\/\"]}]},{\"@type\":\"ImageObject\",\"inLanguage\":\"fr-FR\",\"@id\":\"https:\\\/\\\/www.electronweb.it\\\/fr\\\/remplissage\\\/#primaryimage\",\"url\":\"https:\\\/\\\/www.electronweb.it\\\/wp-content\\\/uploads\\\/2017\\\/07\\\/riempimento-header.jpg\",\"contentUrl\":\"https:\\\/\\\/www.electronweb.it\\\/wp-content\\\/uploads\\\/2017\\\/07\\\/riempimento-header.jpg\",\"width\":1920,\"height\":720},{\"@type\":\"BreadcrumbList\",\"@id\":\"https:\\\/\\\/www.electronweb.it\\\/fr\\\/remplissage\\\/#breadcrumb\",\"itemListElement\":[{\"@type\":\"ListItem\",\"position\":1,\"name\":\"Home\",\"item\":\"https:\\\/\\\/www.electronweb.it\\\/fr\\\/\"},{\"@type\":\"ListItem\",\"position\":2,\"name\":\"Remplissage\"}]},{\"@type\":\"WebSite\",\"@id\":\"https:\\\/\\\/www.electronweb.it\\\/fr\\\/#website\",\"url\":\"https:\\\/\\\/www.electronweb.it\\\/fr\\\/\",\"name\":\"Electron\",\"description\":\"Impianti elettrici e macchine per automazione industriale in Toscana\",\"publisher\":{\"@id\":\"https:\\\/\\\/www.electronweb.it\\\/fr\\\/#organization\"},\"potentialAction\":[{\"@type\":\"SearchAction\",\"target\":{\"@type\":\"EntryPoint\",\"urlTemplate\":\"https:\\\/\\\/www.electronweb.it\\\/fr\\\/?s={search_term_string}\"},\"query-input\":{\"@type\":\"PropertyValueSpecification\",\"valueRequired\":true,\"valueName\":\"search_term_string\"}}],\"inLanguage\":\"fr-FR\"},{\"@type\":\"Organization\",\"@id\":\"https:\\\/\\\/www.electronweb.it\\\/fr\\\/#organization\",\"name\":\"Electron S.r.l.\",\"url\":\"https:\\\/\\\/www.electronweb.it\\\/fr\\\/\",\"logo\":{\"@type\":\"ImageObject\",\"inLanguage\":\"fr-FR\",\"@id\":\"https:\\\/\\\/www.electronweb.it\\\/fr\\\/#\\\/schema\\\/logo\\\/image\\\/\",\"url\":\"https:\\\/\\\/www.electronweb.it\\\/wp-content\\\/uploads\\\/2017\\\/08\\\/electron.png\",\"contentUrl\":\"https:\\\/\\\/www.electronweb.it\\\/wp-content\\\/uploads\\\/2017\\\/08\\\/electron.png\",\"width\":1211,\"height\":866,\"caption\":\"Electron S.r.l.\"},\"image\":{\"@id\":\"https:\\\/\\\/www.electronweb.it\\\/fr\\\/#\\\/schema\\\/logo\\\/image\\\/\"}}]}<\/script>\n<!-- \/ Yoast SEO plugin. -->","yoast_head_json":{"title":"Remplisseuses automatiques pour conteneurs et bouteilles","description":"Conception, r\u00e9alisation et implantation de machines pour le remplissage de conteneurs de forme et dimension diff\u00e9rente avec syst\u00e8mes de pesage et dosage de haute pr\u00e9cision et interface de contr\u00f4le tactile.","robots":{"index":"index","follow":"follow","max-snippet":"max-snippet:-1","max-image-preview":"max-image-preview:large","max-video-preview":"max-video-preview:-1"},"canonical":"https:\/\/www.electronweb.it\/fr\/remplissage\/","og_locale":"fr_FR","og_type":"article","og_title":"Remplisseuses automatiques pour conteneurs et bouteilles","og_description":"Conception, r\u00e9alisation et implantation de machines pour le remplissage de conteneurs de forme et dimension diff\u00e9rente avec syst\u00e8mes de pesage et dosage de haute pr\u00e9cision et interface de contr\u00f4le tactile.","og_url":"https:\/\/www.electronweb.it\/fr\/remplissage\/","og_site_name":"Electron","article_modified_time":"2020-11-10T11:54:43+00:00","og_image":[{"width":1920,"height":720,"url":"https:\/\/www.electronweb.it\/wp-content\/uploads\/2017\/07\/riempimento-header.jpg","type":"image\/jpeg"}],"twitter_card":"summary_large_image","twitter_misc":{"Dur\u00e9e de lecture estim\u00e9e":"1 minute"},"schema":{"@context":"https:\/\/schema.org","@graph":[{"@type":"WebPage","@id":"https:\/\/www.electronweb.it\/fr\/remplissage\/","url":"https:\/\/www.electronweb.it\/fr\/remplissage\/","name":"Remplisseuses automatiques pour conteneurs et bouteilles","isPartOf":{"@id":"https:\/\/www.electronweb.it\/fr\/#website"},"primaryImageOfPage":{"@id":"https:\/\/www.electronweb.it\/fr\/remplissage\/#primaryimage"},"image":{"@id":"https:\/\/www.electronweb.it\/fr\/remplissage\/#primaryimage"},"thumbnailUrl":"https:\/\/www.electronweb.it\/wp-content\/uploads\/2017\/07\/riempimento-header.jpg","datePublished":"2017-07-07T08:51:40+00:00","dateModified":"2020-11-10T11:54:43+00:00","description":"Conception, r\u00e9alisation et implantation de machines pour le remplissage de conteneurs de forme et dimension diff\u00e9rente avec syst\u00e8mes de pesage et dosage de haute pr\u00e9cision et interface de contr\u00f4le tactile.","breadcrumb":{"@id":"https:\/\/www.electronweb.it\/fr\/remplissage\/#breadcrumb"},"inLanguage":"fr-FR","potentialAction":[{"@type":"ReadAction","target":["https:\/\/www.electronweb.it\/fr\/remplissage\/"]}]},{"@type":"ImageObject","inLanguage":"fr-FR","@id":"https:\/\/www.electronweb.it\/fr\/remplissage\/#primaryimage","url":"https:\/\/www.electronweb.it\/wp-content\/uploads\/2017\/07\/riempimento-header.jpg","contentUrl":"https:\/\/www.electronweb.it\/wp-content\/uploads\/2017\/07\/riempimento-header.jpg","width":1920,"height":720},{"@type":"BreadcrumbList","@id":"https:\/\/www.electronweb.it\/fr\/remplissage\/#breadcrumb","itemListElement":[{"@type":"ListItem","position":1,"name":"Home","item":"https:\/\/www.electronweb.it\/fr\/"},{"@type":"ListItem","position":2,"name":"Remplissage"}]},{"@type":"WebSite","@id":"https:\/\/www.electronweb.it\/fr\/#website","url":"https:\/\/www.electronweb.it\/fr\/","name":"Electron","description":"Impianti elettrici e macchine per automazione industriale in Toscana","publisher":{"@id":"https:\/\/www.electronweb.it\/fr\/#organization"},"potentialAction":[{"@type":"SearchAction","target":{"@type":"EntryPoint","urlTemplate":"https:\/\/www.electronweb.it\/fr\/?s={search_term_string}"},"query-input":{"@type":"PropertyValueSpecification","valueRequired":true,"valueName":"search_term_string"}}],"inLanguage":"fr-FR"},{"@type":"Organization","@id":"https:\/\/www.electronweb.it\/fr\/#organization","name":"Electron S.r.l.","url":"https:\/\/www.electronweb.it\/fr\/","logo":{"@type":"ImageObject","inLanguage":"fr-FR","@id":"https:\/\/www.electronweb.it\/fr\/#\/schema\/logo\/image\/","url":"https:\/\/www.electronweb.it\/wp-content\/uploads\/2017\/08\/electron.png","contentUrl":"https:\/\/www.electronweb.it\/wp-content\/uploads\/2017\/08\/electron.png","width":1211,"height":866,"caption":"Electron S.r.l."},"image":{"@id":"https:\/\/www.electronweb.it\/fr\/#\/schema\/logo\/image\/"}}]}},"_links":{"self":[{"href":"https:\/\/www.electronweb.it\/fr\/wp-json\/wp\/v2\/pages\/406","targetHints":{"allow":["GET"]}}],"collection":[{"href":"https:\/\/www.electronweb.it\/fr\/wp-json\/wp\/v2\/pages"}],"about":[{"href":"https:\/\/www.electronweb.it\/fr\/wp-json\/wp\/v2\/types\/page"}],"author":[{"embeddable":true,"href":"https:\/\/www.electronweb.it\/fr\/wp-json\/wp\/v2\/users\/3"}],"replies":[{"embeddable":true,"href":"https:\/\/www.electronweb.it\/fr\/wp-json\/wp\/v2\/comments?post=406"}],"version-history":[{"count":5,"href":"https:\/\/www.electronweb.it\/fr\/wp-json\/wp\/v2\/pages\/406\/revisions"}],"predecessor-version":[{"id":732,"href":"https:\/\/www.electronweb.it\/fr\/wp-json\/wp\/v2\/pages\/406\/revisions\/732"}],"wp:featuredmedia":[{"embeddable":true,"href":"https:\/\/www.electronweb.it\/fr\/wp-json\/wp\/v2\/media\/407"}],"wp:attachment":[{"href":"https:\/\/www.electronweb.it\/fr\/wp-json\/wp\/v2\/media?parent=406"}],"curies":[{"name":"wp","href":"https:\/\/api.w.org\/{rel}","templated":true}]}}