{"id":403,"date":"2017-07-07T10:54:47","date_gmt":"2017-07-07T08:54:47","guid":{"rendered":"http:\/\/www.electronweb.it\/residenziale\/"},"modified":"2017-08-01T11:07:22","modified_gmt":"2017-08-01T09:07:22","slug":"logement-et-tertiaire","status":"publish","type":"page","link":"https:\/\/www.electronweb.it\/fr\/logement-et-tertiaire\/","title":{"rendered":"Logement et Tertiaire"},"content":{"rendered":"<h1><a href=\"http:\/\/www.electronweb.it\/wp-content\/uploads\/2017\/07\/residenziale-01-300x169.jpg\"><img loading=\"lazy\" class=\"alignleft wp-image-497\" src=\"http:\/\/www.electronweb.it\/wp-content\/uploads\/2017\/07\/residenziale-01-300x169.jpg\" alt=\"Installations \u00e9lectriques civiles, alarmes, vid\u00e9osurveillance et domotique\" width=\"370\" height=\"208\" srcset=\"https:\/\/www.electronweb.it\/wp-content\/uploads\/2017\/07\/residenziale-01-300x169.jpg 300w, https:\/\/www.electronweb.it\/wp-content\/uploads\/2017\/07\/residenziale-01-768x432.jpg 768w, https:\/\/www.electronweb.it\/wp-content\/uploads\/2017\/07\/residenziale-01-1024x576.jpg 1024w, https:\/\/www.electronweb.it\/wp-content\/uploads\/2017\/07\/residenziale-01.jpg 1920w\" sizes=\"(max-width: 370px) 100vw, 370px\"><\/a><\/h1>\n<h1>ELECTRON <span style=\"color: #007632;\">TOJOURS<\/span>\u00a0\u00c0 VOS C\u00d4T\u00c9S<\/h1>\n<h2><em>Domotique, alarmes et vid\u00e9osurveillance<\/em><\/h2>\n<p>Les particuliers sont d\u00e9sormais pleinement conscients que la technologie peur aider consid\u00e9rablement \u00e0 rendre les milieux de la vie quotidienne plus confortables et qu\u2019il est possible d\u2019interagir avec sa maison ou sa maison de vacances ou son lieu de travail m\u00eame \u00e0 distance \u00e0 travers un ordinateur, une tablette ou un t\u00e9l\u00e9phone intelligent.<\/p>\n<p>Notre travail commence toujours en \u00e9coutant et \u00e9tudiant soigneusement les diff\u00e9rentes exigences de nos clients afin de leur fournir des r\u00e9ponses rapidement et des solutions personnalis\u00e9es. En particulier, nous sommes \u00e0 m\u00eame d\u2019offrir plusieurs services de conception, installation et assistance apr\u00e8s-vente.<\/p>\n<p><a href=\"http:\/\/www.electronweb.it\/wp-content\/uploads\/2017\/07\/residenziale-02-300x169.jpg\"><img loading=\"lazy\" class=\"alignright wp-image-498\" src=\"http:\/\/www.electronweb.it\/wp-content\/uploads\/2017\/07\/residenziale-02-300x169.jpg\" alt=\"Installations \u00e9lectriques civiles, alarmes, vid\u00e9osurveillance et domotique\" width=\"370\" height=\"208\" srcset=\"https:\/\/www.electronweb.it\/wp-content\/uploads\/2017\/07\/residenziale-02-300x169.jpg 300w, https:\/\/www.electronweb.it\/wp-content\/uploads\/2017\/07\/residenziale-02-768x432.jpg 768w, https:\/\/www.electronweb.it\/wp-content\/uploads\/2017\/07\/residenziale-02-1024x576.jpg 1024w, https:\/\/www.electronweb.it\/wp-content\/uploads\/2017\/07\/residenziale-02.jpg 1920w\" sizes=\"(max-width: 370px) 100vw, 370px\"><\/a><\/p>\n<h1>NOS\u00a0<span style=\"color: #007632;\">SERVICES<\/span><\/h1>\n<ul>\n<li>Service d\u2019expertise-conseil: gr\u00e2ce \u00e0 la collaboration avec des bureaux d\u2019\u00e9tudes bien connus nous pouvons soutenir le client en ce qui concerne la conception et la conformit\u00e9 aux normes en vigueur.<\/li>\n<li>R\u00e9alisation et entretien d\u2019installations \u00e9lectriques: de l\u2019\u00e9clairage \u00e0 la distribution de force motrice, toute \u0153uvre est r\u00e9alis\u00e9e selon les r\u00e8gles de l\u2019art et conform\u00e9ment aux lois en vigueur.<\/li>\n<li>Conception, installation et assistance de syst\u00e8mes d\u2019alarme et vid\u00e9osurveillance: toutes les installations pour le contr\u00f4le et la protection des maisons et des espaces commerciales sont r\u00e9alis\u00e9es avec des composants de haute qualit\u00e9 et fiabilit\u00e9 et peuvent \u00eatre g\u00e9r\u00e9es \u00e0 distance par ordinateur ou smartphone.<\/li>\n<li>Domotique et maison intelligente: syst\u00e8mes de gestion coordonn\u00e9e et automatis\u00e9e des toutes les installations de votre maison, qui pourra ainsi \u00eatre contr\u00f4l\u00e9e d\u2019un seul point m\u00eame \u00e0 distance \u00e0 travers un ordinateur ou un t\u00e9l\u00e9phone intelligent.<\/li>\n<\/ul>\n","protected":false},"excerpt":{"rendered":"<p>ELECTRON TOJOURS\u00a0\u00c0 VOS C\u00d4T\u00c9S Domotique, alarmes et vid\u00e9osurveillance Les particuliers sont d\u00e9sormais pleinement conscients que la technologie peur aider consid\u00e9rablement \u00e0 rendre les milieux de la vie quotidienne plus confortables et qu\u2019il est possible d\u2019interagir avec sa maison ou sa maison de vacances ou son lieu de travail m\u00eame \u00e0 distance \u00e0 travers un ordinateur, [&hellip;]<\/p>\n","protected":false},"author":3,"featured_media":404,"parent":0,"menu_order":0,"comment_status":"closed","ping_status":"closed","template":"","meta":[],"yoast_head":"<!-- This site is optimized with the Yoast SEO plugin v18.9 - https:\/\/yoast.com\/wordpress\/plugins\/seo\/ -->\n<title>Installations \u00e9lectriques civiles, alarmes, vid\u00e9osurveillance et domotique<\/title>\n<meta name=\"description\" content=\"Expertise-conseil, conception, r\u00e9alisation et assistance apr\u00e8s-vente d&#039;installations \u00e9lectriques pour immeubles d\u2019habitation et bureaux, alarmes et vid\u00e9o-surveillance par syst\u00e8me de t\u00e9l\u00e9vision en circuit ferm\u00e9, domotique et maison intelligente.\" \/>\n<meta name=\"robots\" content=\"index, follow, max-snippet:-1, max-image-preview:large, max-video-preview:-1\" \/>\n<link rel=\"canonical\" href=\"https:\/\/www.electronweb.it\/fr\/logement-et-tertiaire\/\" \/>\n<meta property=\"og:locale\" content=\"fr_FR\" \/>\n<meta property=\"og:type\" content=\"article\" \/>\n<meta property=\"og:title\" content=\"Installations \u00e9lectriques civiles, alarmes, vid\u00e9osurveillance et domotique\" \/>\n<meta property=\"og:description\" content=\"Expertise-conseil, conception, r\u00e9alisation et assistance apr\u00e8s-vente d&#039;installations \u00e9lectriques pour immeubles d\u2019habitation et bureaux, alarmes et vid\u00e9o-surveillance par syst\u00e8me de t\u00e9l\u00e9vision en circuit ferm\u00e9, domotique et maison intelligente.\" \/>\n<meta property=\"og:url\" content=\"https:\/\/www.electronweb.it\/fr\/logement-et-tertiaire\/\" \/>\n<meta property=\"og:site_name\" content=\"Electron\" \/>\n<meta property=\"article:modified_time\" content=\"2017-08-01T09:07:22+00:00\" \/>\n<meta property=\"og:image\" content=\"https:\/\/www.electronweb.it\/wp-content\/uploads\/2017\/07\/residenziale-header.jpg\" \/>\n\t<meta property=\"og:image:width\" content=\"1920\" \/>\n\t<meta property=\"og:image:height\" content=\"720\" \/>\n\t<meta property=\"og:image:type\" content=\"image\/jpeg\" \/>\n<meta name=\"twitter:card\" content=\"summary\" \/>\n<meta name=\"twitter:label1\" content=\"Dur\u00e9e de lecture estim\u00e9e\" \/>\n\t<meta name=\"twitter:data1\" content=\"1 minute\" \/>\n<script type=\"application\/ld+json\" class=\"yoast-schema-graph\">{\"@context\":\"https:\/\/schema.org\",\"@graph\":[{\"@type\":\"Organization\",\"@id\":\"https:\/\/www.electronweb.it\/fr\/#organization\",\"name\":\"Electron S.r.l.\",\"url\":\"https:\/\/www.electronweb.it\/fr\/\",\"sameAs\":[],\"logo\":{\"@type\":\"ImageObject\",\"inLanguage\":\"fr-FR\",\"@id\":\"https:\/\/www.electronweb.it\/fr\/#\/schema\/logo\/image\/\",\"url\":\"https:\/\/www.electronweb.it\/wp-content\/uploads\/2017\/08\/electron.png\",\"contentUrl\":\"https:\/\/www.electronweb.it\/wp-content\/uploads\/2017\/08\/electron.png\",\"width\":1211,\"height\":866,\"caption\":\"Electron S.r.l.\"},\"image\":{\"@id\":\"https:\/\/www.electronweb.it\/fr\/#\/schema\/logo\/image\/\"}},{\"@type\":\"WebSite\",\"@id\":\"https:\/\/www.electronweb.it\/fr\/#website\",\"url\":\"https:\/\/www.electronweb.it\/fr\/\",\"name\":\"Electron\",\"description\":\"Impianti elettrici e macchine per automazione industriale in Toscana\",\"publisher\":{\"@id\":\"https:\/\/www.electronweb.it\/fr\/#organization\"},\"potentialAction\":[{\"@type\":\"SearchAction\",\"target\":{\"@type\":\"EntryPoint\",\"urlTemplate\":\"https:\/\/www.electronweb.it\/fr\/?s={search_term_string}\"},\"query-input\":\"required name=search_term_string\"}],\"inLanguage\":\"fr-FR\"},{\"@type\":\"ImageObject\",\"inLanguage\":\"fr-FR\",\"@id\":\"https:\/\/www.electronweb.it\/fr\/logement-et-tertiaire\/#primaryimage\",\"url\":\"https:\/\/www.electronweb.it\/wp-content\/uploads\/2017\/07\/residenziale-header.jpg\",\"contentUrl\":\"https:\/\/www.electronweb.it\/wp-content\/uploads\/2017\/07\/residenziale-header.jpg\",\"width\":1920,\"height\":720},{\"@type\":\"WebPage\",\"@id\":\"https:\/\/www.electronweb.it\/fr\/logement-et-tertiaire\/#webpage\",\"url\":\"https:\/\/www.electronweb.it\/fr\/logement-et-tertiaire\/\",\"name\":\"Installations \u00e9lectriques civiles, alarmes, vid\u00e9osurveillance et domotique\",\"isPartOf\":{\"@id\":\"https:\/\/www.electronweb.it\/fr\/#website\"},\"primaryImageOfPage\":{\"@id\":\"https:\/\/www.electronweb.it\/fr\/logement-et-tertiaire\/#primaryimage\"},\"datePublished\":\"2017-07-07T08:54:47+00:00\",\"dateModified\":\"2017-08-01T09:07:22+00:00\",\"description\":\"Expertise-conseil, conception, r\u00e9alisation et assistance apr\u00e8s-vente d'installations \u00e9lectriques pour immeubles d\u2019habitation et bureaux, alarmes et vid\u00e9o-surveillance par syst\u00e8me de t\u00e9l\u00e9vision en circuit ferm\u00e9, domotique et maison intelligente.\",\"breadcrumb\":{\"@id\":\"https:\/\/www.electronweb.it\/fr\/logement-et-tertiaire\/#breadcrumb\"},\"inLanguage\":\"fr-FR\",\"potentialAction\":[{\"@type\":\"ReadAction\",\"target\":[\"https:\/\/www.electronweb.it\/fr\/logement-et-tertiaire\/\"]}]},{\"@type\":\"BreadcrumbList\",\"@id\":\"https:\/\/www.electronweb.it\/fr\/logement-et-tertiaire\/#breadcrumb\",\"itemListElement\":[{\"@type\":\"ListItem\",\"position\":1,\"name\":\"Home\",\"item\":\"https:\/\/www.electronweb.it\/fr\/\"},{\"@type\":\"ListItem\",\"position\":2,\"name\":\"Logement et Tertiaire\"}]}]}<\/script>\n<!-- \/ Yoast SEO plugin. -->","yoast_head_json":{"title":"Installations \u00e9lectriques civiles, alarmes, vid\u00e9osurveillance et domotique","description":"Expertise-conseil, conception, r\u00e9alisation et assistance apr\u00e8s-vente d'installations \u00e9lectriques pour immeubles d\u2019habitation et bureaux, alarmes et vid\u00e9o-surveillance par syst\u00e8me de t\u00e9l\u00e9vision en circuit ferm\u00e9, domotique et maison intelligente.","robots":{"index":"index","follow":"follow","max-snippet":"max-snippet:-1","max-image-preview":"max-image-preview:large","max-video-preview":"max-video-preview:-1"},"canonical":"https:\/\/www.electronweb.it\/fr\/logement-et-tertiaire\/","og_locale":"fr_FR","og_type":"article","og_title":"Installations \u00e9lectriques civiles, alarmes, vid\u00e9osurveillance et domotique","og_description":"Expertise-conseil, conception, r\u00e9alisation et assistance apr\u00e8s-vente d'installations \u00e9lectriques pour immeubles d\u2019habitation et bureaux, alarmes et vid\u00e9o-surveillance par syst\u00e8me de t\u00e9l\u00e9vision en circuit ferm\u00e9, domotique et maison intelligente.","og_url":"https:\/\/www.electronweb.it\/fr\/logement-et-tertiaire\/","og_site_name":"Electron","article_modified_time":"2017-08-01T09:07:22+00:00","og_image":[{"width":1920,"height":720,"url":"https:\/\/www.electronweb.it\/wp-content\/uploads\/2017\/07\/residenziale-header.jpg","type":"image\/jpeg"}],"twitter_card":"summary","twitter_misc":{"Dur\u00e9e de lecture estim\u00e9e":"1 minute"},"schema":{"@context":"https:\/\/schema.org","@graph":[{"@type":"Organization","@id":"https:\/\/www.electronweb.it\/fr\/#organization","name":"Electron S.r.l.","url":"https:\/\/www.electronweb.it\/fr\/","sameAs":[],"logo":{"@type":"ImageObject","inLanguage":"fr-FR","@id":"https:\/\/www.electronweb.it\/fr\/#\/schema\/logo\/image\/","url":"https:\/\/www.electronweb.it\/wp-content\/uploads\/2017\/08\/electron.png","contentUrl":"https:\/\/www.electronweb.it\/wp-content\/uploads\/2017\/08\/electron.png","width":1211,"height":866,"caption":"Electron S.r.l."},"image":{"@id":"https:\/\/www.electronweb.it\/fr\/#\/schema\/logo\/image\/"}},{"@type":"WebSite","@id":"https:\/\/www.electronweb.it\/fr\/#website","url":"https:\/\/www.electronweb.it\/fr\/","name":"Electron","description":"Impianti elettrici e macchine per automazione industriale in Toscana","publisher":{"@id":"https:\/\/www.electronweb.it\/fr\/#organization"},"potentialAction":[{"@type":"SearchAction","target":{"@type":"EntryPoint","urlTemplate":"https:\/\/www.electronweb.it\/fr\/?s={search_term_string}"},"query-input":"required name=search_term_string"}],"inLanguage":"fr-FR"},{"@type":"ImageObject","inLanguage":"fr-FR","@id":"https:\/\/www.electronweb.it\/fr\/logement-et-tertiaire\/#primaryimage","url":"https:\/\/www.electronweb.it\/wp-content\/uploads\/2017\/07\/residenziale-header.jpg","contentUrl":"https:\/\/www.electronweb.it\/wp-content\/uploads\/2017\/07\/residenziale-header.jpg","width":1920,"height":720},{"@type":"WebPage","@id":"https:\/\/www.electronweb.it\/fr\/logement-et-tertiaire\/#webpage","url":"https:\/\/www.electronweb.it\/fr\/logement-et-tertiaire\/","name":"Installations \u00e9lectriques civiles, alarmes, vid\u00e9osurveillance et domotique","isPartOf":{"@id":"https:\/\/www.electronweb.it\/fr\/#website"},"primaryImageOfPage":{"@id":"https:\/\/www.electronweb.it\/fr\/logement-et-tertiaire\/#primaryimage"},"datePublished":"2017-07-07T08:54:47+00:00","dateModified":"2017-08-01T09:07:22+00:00","description":"Expertise-conseil, conception, r\u00e9alisation et assistance apr\u00e8s-vente d'installations \u00e9lectriques pour immeubles d\u2019habitation et bureaux, alarmes et vid\u00e9o-surveillance par syst\u00e8me de t\u00e9l\u00e9vision en circuit ferm\u00e9, domotique et maison intelligente.","breadcrumb":{"@id":"https:\/\/www.electronweb.it\/fr\/logement-et-tertiaire\/#breadcrumb"},"inLanguage":"fr-FR","potentialAction":[{"@type":"ReadAction","target":["https:\/\/www.electronweb.it\/fr\/logement-et-tertiaire\/"]}]},{"@type":"BreadcrumbList","@id":"https:\/\/www.electronweb.it\/fr\/logement-et-tertiaire\/#breadcrumb","itemListElement":[{"@type":"ListItem","position":1,"name":"Home","item":"https:\/\/www.electronweb.it\/fr\/"},{"@type":"ListItem","position":2,"name":"Logement et Tertiaire"}]}]}},"_links":{"self":[{"href":"https:\/\/www.electronweb.it\/fr\/wp-json\/wp\/v2\/pages\/403"}],"collection":[{"href":"https:\/\/www.electronweb.it\/fr\/wp-json\/wp\/v2\/pages"}],"about":[{"href":"https:\/\/www.electronweb.it\/fr\/wp-json\/wp\/v2\/types\/page"}],"author":[{"embeddable":true,"href":"https:\/\/www.electronweb.it\/fr\/wp-json\/wp\/v2\/users\/3"}],"replies":[{"embeddable":true,"href":"https:\/\/www.electronweb.it\/fr\/wp-json\/wp\/v2\/comments?post=403"}],"version-history":[{"count":3,"href":"https:\/\/www.electronweb.it\/fr\/wp-json\/wp\/v2\/pages\/403\/revisions"}],"predecessor-version":[{"id":501,"href":"https:\/\/www.electronweb.it\/fr\/wp-json\/wp\/v2\/pages\/403\/revisions\/501"}],"wp:featuredmedia":[{"embeddable":true,"href":"https:\/\/www.electronweb.it\/fr\/wp-json\/wp\/v2\/media\/404"}],"wp:attachment":[{"href":"https:\/\/www.electronweb.it\/fr\/wp-json\/wp\/v2\/media?parent=403"}],"curies":[{"name":"wp","href":"https:\/\/api.w.org\/{rel}","templated":true}]}}