{"id":400,"date":"2017-07-07T10:52:41","date_gmt":"2017-07-07T08:52:41","guid":{"rendered":"http:\/\/www.electronweb.it\/linee-di-automazione-complete\/"},"modified":"2017-08-01T10:21:59","modified_gmt":"2017-08-01T08:21:59","slug":"lignes-completes","status":"publish","type":"page","link":"https:\/\/www.electronweb.it\/fr\/lignes-completes\/","title":{"rendered":"Lignes Compl\u00e8tes"},"content":{"rendered":"<h1>AUTOMATISATION\u00a0<span style=\"color: #007632;\">INDUSTRIELLE<\/span><\/h1>\n<h2><em>Lignes compl\u00e8tes lin\u00e9aires personnalis\u00e9es<\/em><\/h2>\n<p><strong>Nous concevons et r\u00e9alisons des solutions cl\u00e9 en main<\/strong> quant aux lignes compl\u00e8tes automatiques de conditionnement de vins en partant du contr\u00f4le du proc\u00e8s de vinification, \u00e0 travers la phase de rin\u00e7age et remplissage jusqu\u2019au conditionnement avec \u00e9tiquetage et capsulage et \u00e0 la manutention du produit fini.<\/p>\n<p><img loading=\"lazy\" class=\"aligncenter wp-image-464 size-full\" src=\"http:\/\/www.electronweb.it\/wp-content\/uploads\/2017\/07\/linee-complete-01-1.jpg\" alt=\"Lignes compl\u00e8tes pour embouteillage et conditionnement de vins\" width=\"2000\" height=\"900\" srcset=\"https:\/\/www.electronweb.it\/wp-content\/uploads\/2017\/07\/linee-complete-01-1.jpg 2000w, https:\/\/www.electronweb.it\/wp-content\/uploads\/2017\/07\/linee-complete-01-1-300x135.jpg 300w, https:\/\/www.electronweb.it\/wp-content\/uploads\/2017\/07\/linee-complete-01-1-768x346.jpg 768w, https:\/\/www.electronweb.it\/wp-content\/uploads\/2017\/07\/linee-complete-01-1-1024x461.jpg 1024w\" sizes=\"(max-width: 2000px) 100vw, 2000px\"><\/p>\n<p>\u00a0<\/p>\n<p>En utilisant des monoblocs lin\u00e9aires modulaires, qui sont <strong>extr\u00eamement compacts<\/strong>, il est possible de <strong>r\u00e9aliser des lignes personnalis\u00e9es<\/strong> afin d\u2019assurer des performances optimales.<\/p>\n<p>Les lignes compl\u00e8tes sont ainsi <strong>modul\u00e9es selon l\u2019espace \u00e0 disposition<\/strong>, les exigences de production de chaque client, le produit \u00e0 conditionner, qu\u2019il s\u2019agisse de vin, huile, jus de fruit, conserves ou d\u2019autres aliments.<\/p>\n<p><img loading=\"lazy\" class=\"aligncenter wp-image-463 size-full\" src=\"http:\/\/www.electronweb.it\/wp-content\/uploads\/2017\/07\/linee-complete-02-1.jpg\" alt=\"Lignes compl\u00e8tes pour embouteillage et conditionnement de vins\" width=\"2000\" height=\"900\" srcset=\"https:\/\/www.electronweb.it\/wp-content\/uploads\/2017\/07\/linee-complete-02-1.jpg 2000w, https:\/\/www.electronweb.it\/wp-content\/uploads\/2017\/07\/linee-complete-02-1-300x135.jpg 300w, https:\/\/www.electronweb.it\/wp-content\/uploads\/2017\/07\/linee-complete-02-1-768x346.jpg 768w, https:\/\/www.electronweb.it\/wp-content\/uploads\/2017\/07\/linee-complete-02-1-1024x461.jpg 1024w\" sizes=\"(max-width: 2000px) 100vw, 2000px\"><\/p>\n","protected":false},"excerpt":{"rendered":"<p>AUTOMATISATION\u00a0INDUSTRIELLE Lignes compl\u00e8tes lin\u00e9aires personnalis\u00e9es Nous concevons et r\u00e9alisons des solutions cl\u00e9 en main quant aux lignes compl\u00e8tes automatiques de conditionnement de vins en partant du contr\u00f4le du proc\u00e8s de vinification, \u00e0 travers la phase de rin\u00e7age et remplissage jusqu\u2019au conditionnement avec \u00e9tiquetage et capsulage et \u00e0 la manutention du produit fini. \u00a0 En utilisant [&hellip;]<\/p>\n","protected":false},"author":3,"featured_media":998,"parent":0,"menu_order":0,"comment_status":"closed","ping_status":"closed","template":"","meta":[],"yoast_head":"<!-- This site is optimized with the Yoast SEO plugin v18.9 - https:\/\/yoast.com\/wordpress\/plugins\/seo\/ -->\n<title>Lignes compl\u00e8tes pour embouteillage et conditionnement de vins<\/title>\n<meta name=\"description\" content=\"Lignes compl\u00e8tes automatiques de conditionnement personnalis\u00e9es pour le proc\u00e8s de vinification, embouteillage, bouchage, capsulage et \u00e9tiquetage de vins \u00e0 l&#039;aide de monoblocs lin\u00e9aires modulaires.\" \/>\n<meta name=\"robots\" content=\"index, follow, max-snippet:-1, max-image-preview:large, max-video-preview:-1\" \/>\n<link rel=\"canonical\" href=\"https:\/\/www.electronweb.it\/fr\/lignes-completes\/\" \/>\n<meta property=\"og:locale\" content=\"fr_FR\" \/>\n<meta property=\"og:type\" content=\"article\" \/>\n<meta property=\"og:title\" content=\"Lignes compl\u00e8tes pour embouteillage et conditionnement de vins\" \/>\n<meta property=\"og:description\" content=\"Lignes compl\u00e8tes automatiques de conditionnement personnalis\u00e9es pour le proc\u00e8s de vinification, embouteillage, bouchage, capsulage et \u00e9tiquetage de vins \u00e0 l&#039;aide de monoblocs lin\u00e9aires modulaires.\" \/>\n<meta property=\"og:url\" content=\"https:\/\/www.electronweb.it\/fr\/lignes-completes\/\" \/>\n<meta property=\"og:site_name\" content=\"Electron\" \/>\n<meta property=\"article:modified_time\" content=\"2017-08-01T08:21:59+00:00\" \/>\n<meta property=\"og:image\" content=\"https:\/\/www.electronweb.it\/wp-content\/uploads\/2017\/07\/linee-complete-header.jpg\" \/>\n\t<meta property=\"og:image:width\" content=\"1920\" \/>\n\t<meta property=\"og:image:height\" content=\"720\" \/>\n\t<meta property=\"og:image:type\" content=\"image\/jpeg\" \/>\n<meta name=\"twitter:card\" content=\"summary\" \/>\n<meta name=\"twitter:label1\" content=\"Dur\u00e9e de lecture estim\u00e9e\" \/>\n\t<meta name=\"twitter:data1\" content=\"1 minute\" \/>\n<script type=\"application\/ld+json\" class=\"yoast-schema-graph\">{\"@context\":\"https:\/\/schema.org\",\"@graph\":[{\"@type\":\"Organization\",\"@id\":\"https:\/\/www.electronweb.it\/fr\/#organization\",\"name\":\"Electron S.r.l.\",\"url\":\"https:\/\/www.electronweb.it\/fr\/\",\"sameAs\":[],\"logo\":{\"@type\":\"ImageObject\",\"inLanguage\":\"fr-FR\",\"@id\":\"https:\/\/www.electronweb.it\/fr\/#\/schema\/logo\/image\/\",\"url\":\"https:\/\/www.electronweb.it\/wp-content\/uploads\/2017\/08\/electron.png\",\"contentUrl\":\"https:\/\/www.electronweb.it\/wp-content\/uploads\/2017\/08\/electron.png\",\"width\":1211,\"height\":866,\"caption\":\"Electron S.r.l.\"},\"image\":{\"@id\":\"https:\/\/www.electronweb.it\/fr\/#\/schema\/logo\/image\/\"}},{\"@type\":\"WebSite\",\"@id\":\"https:\/\/www.electronweb.it\/fr\/#website\",\"url\":\"https:\/\/www.electronweb.it\/fr\/\",\"name\":\"Electron\",\"description\":\"Impianti elettrici e macchine per automazione industriale in Toscana\",\"publisher\":{\"@id\":\"https:\/\/www.electronweb.it\/fr\/#organization\"},\"potentialAction\":[{\"@type\":\"SearchAction\",\"target\":{\"@type\":\"EntryPoint\",\"urlTemplate\":\"https:\/\/www.electronweb.it\/fr\/?s={search_term_string}\"},\"query-input\":\"required name=search_term_string\"}],\"inLanguage\":\"fr-FR\"},{\"@type\":\"ImageObject\",\"inLanguage\":\"fr-FR\",\"@id\":\"https:\/\/www.electronweb.it\/fr\/lignes-completes\/#primaryimage\",\"url\":\"https:\/\/www.electronweb.it\/wp-content\/uploads\/2022\/11\/AUTOMAZIONE-1.jpg\",\"contentUrl\":\"https:\/\/www.electronweb.it\/wp-content\/uploads\/2022\/11\/AUTOMAZIONE-1.jpg\",\"width\":1920,\"height\":1080},{\"@type\":\"WebPage\",\"@id\":\"https:\/\/www.electronweb.it\/fr\/lignes-completes\/#webpage\",\"url\":\"https:\/\/www.electronweb.it\/fr\/lignes-completes\/\",\"name\":\"Lignes compl\u00e8tes pour embouteillage et conditionnement de vins\",\"isPartOf\":{\"@id\":\"https:\/\/www.electronweb.it\/fr\/#website\"},\"primaryImageOfPage\":{\"@id\":\"https:\/\/www.electronweb.it\/fr\/lignes-completes\/#primaryimage\"},\"datePublished\":\"2017-07-07T08:52:41+00:00\",\"dateModified\":\"2017-08-01T08:21:59+00:00\",\"description\":\"Lignes compl\u00e8tes automatiques de conditionnement personnalis\u00e9es pour le proc\u00e8s de vinification, embouteillage, bouchage, capsulage et \u00e9tiquetage de vins \u00e0 l'aide de monoblocs lin\u00e9aires modulaires.\",\"breadcrumb\":{\"@id\":\"https:\/\/www.electronweb.it\/fr\/lignes-completes\/#breadcrumb\"},\"inLanguage\":\"fr-FR\",\"potentialAction\":[{\"@type\":\"ReadAction\",\"target\":[\"https:\/\/www.electronweb.it\/fr\/lignes-completes\/\"]}]},{\"@type\":\"BreadcrumbList\",\"@id\":\"https:\/\/www.electronweb.it\/fr\/lignes-completes\/#breadcrumb\",\"itemListElement\":[{\"@type\":\"ListItem\",\"position\":1,\"name\":\"Home\",\"item\":\"https:\/\/www.electronweb.it\/fr\/\"},{\"@type\":\"ListItem\",\"position\":2,\"name\":\"Lignes Compl\u00e8tes\"}]}]}<\/script>\n<!-- \/ Yoast SEO plugin. -->","yoast_head_json":{"title":"Lignes compl\u00e8tes pour embouteillage et conditionnement de vins","description":"Lignes compl\u00e8tes automatiques de conditionnement personnalis\u00e9es pour le proc\u00e8s de vinification, embouteillage, bouchage, capsulage et \u00e9tiquetage de vins \u00e0 l'aide de monoblocs lin\u00e9aires modulaires.","robots":{"index":"index","follow":"follow","max-snippet":"max-snippet:-1","max-image-preview":"max-image-preview:large","max-video-preview":"max-video-preview:-1"},"canonical":"https:\/\/www.electronweb.it\/fr\/lignes-completes\/","og_locale":"fr_FR","og_type":"article","og_title":"Lignes compl\u00e8tes pour embouteillage et conditionnement de vins","og_description":"Lignes compl\u00e8tes automatiques de conditionnement personnalis\u00e9es pour le proc\u00e8s de vinification, embouteillage, bouchage, capsulage et \u00e9tiquetage de vins \u00e0 l'aide de monoblocs lin\u00e9aires modulaires.","og_url":"https:\/\/www.electronweb.it\/fr\/lignes-completes\/","og_site_name":"Electron","article_modified_time":"2017-08-01T08:21:59+00:00","og_image":[{"width":1920,"height":720,"url":"https:\/\/www.electronweb.it\/wp-content\/uploads\/2017\/07\/linee-complete-header.jpg","type":"image\/jpeg"}],"twitter_card":"summary","twitter_misc":{"Dur\u00e9e de lecture estim\u00e9e":"1 minute"},"schema":{"@context":"https:\/\/schema.org","@graph":[{"@type":"Organization","@id":"https:\/\/www.electronweb.it\/fr\/#organization","name":"Electron S.r.l.","url":"https:\/\/www.electronweb.it\/fr\/","sameAs":[],"logo":{"@type":"ImageObject","inLanguage":"fr-FR","@id":"https:\/\/www.electronweb.it\/fr\/#\/schema\/logo\/image\/","url":"https:\/\/www.electronweb.it\/wp-content\/uploads\/2017\/08\/electron.png","contentUrl":"https:\/\/www.electronweb.it\/wp-content\/uploads\/2017\/08\/electron.png","width":1211,"height":866,"caption":"Electron S.r.l."},"image":{"@id":"https:\/\/www.electronweb.it\/fr\/#\/schema\/logo\/image\/"}},{"@type":"WebSite","@id":"https:\/\/www.electronweb.it\/fr\/#website","url":"https:\/\/www.electronweb.it\/fr\/","name":"Electron","description":"Impianti elettrici e macchine per automazione industriale in Toscana","publisher":{"@id":"https:\/\/www.electronweb.it\/fr\/#organization"},"potentialAction":[{"@type":"SearchAction","target":{"@type":"EntryPoint","urlTemplate":"https:\/\/www.electronweb.it\/fr\/?s={search_term_string}"},"query-input":"required name=search_term_string"}],"inLanguage":"fr-FR"},{"@type":"ImageObject","inLanguage":"fr-FR","@id":"https:\/\/www.electronweb.it\/fr\/lignes-completes\/#primaryimage","url":"https:\/\/www.electronweb.it\/wp-content\/uploads\/2022\/11\/AUTOMAZIONE-1.jpg","contentUrl":"https:\/\/www.electronweb.it\/wp-content\/uploads\/2022\/11\/AUTOMAZIONE-1.jpg","width":1920,"height":1080},{"@type":"WebPage","@id":"https:\/\/www.electronweb.it\/fr\/lignes-completes\/#webpage","url":"https:\/\/www.electronweb.it\/fr\/lignes-completes\/","name":"Lignes compl\u00e8tes pour embouteillage et conditionnement de vins","isPartOf":{"@id":"https:\/\/www.electronweb.it\/fr\/#website"},"primaryImageOfPage":{"@id":"https:\/\/www.electronweb.it\/fr\/lignes-completes\/#primaryimage"},"datePublished":"2017-07-07T08:52:41+00:00","dateModified":"2017-08-01T08:21:59+00:00","description":"Lignes compl\u00e8tes automatiques de conditionnement personnalis\u00e9es pour le proc\u00e8s de vinification, embouteillage, bouchage, capsulage et \u00e9tiquetage de vins \u00e0 l'aide de monoblocs lin\u00e9aires modulaires.","breadcrumb":{"@id":"https:\/\/www.electronweb.it\/fr\/lignes-completes\/#breadcrumb"},"inLanguage":"fr-FR","potentialAction":[{"@type":"ReadAction","target":["https:\/\/www.electronweb.it\/fr\/lignes-completes\/"]}]},{"@type":"BreadcrumbList","@id":"https:\/\/www.electronweb.it\/fr\/lignes-completes\/#breadcrumb","itemListElement":[{"@type":"ListItem","position":1,"name":"Home","item":"https:\/\/www.electronweb.it\/fr\/"},{"@type":"ListItem","position":2,"name":"Lignes Compl\u00e8tes"}]}]}},"_links":{"self":[{"href":"https:\/\/www.electronweb.it\/fr\/wp-json\/wp\/v2\/pages\/400"}],"collection":[{"href":"https:\/\/www.electronweb.it\/fr\/wp-json\/wp\/v2\/pages"}],"about":[{"href":"https:\/\/www.electronweb.it\/fr\/wp-json\/wp\/v2\/types\/page"}],"author":[{"embeddable":true,"href":"https:\/\/www.electronweb.it\/fr\/wp-json\/wp\/v2\/users\/3"}],"replies":[{"embeddable":true,"href":"https:\/\/www.electronweb.it\/fr\/wp-json\/wp\/v2\/comments?post=400"}],"version-history":[{"count":4,"href":"https:\/\/www.electronweb.it\/fr\/wp-json\/wp\/v2\/pages\/400\/revisions"}],"predecessor-version":[{"id":467,"href":"https:\/\/www.electronweb.it\/fr\/wp-json\/wp\/v2\/pages\/400\/revisions\/467"}],"wp:featuredmedia":[{"embeddable":true,"href":"https:\/\/www.electronweb.it\/fr\/wp-json\/wp\/v2\/media\/998"}],"wp:attachment":[{"href":"https:\/\/www.electronweb.it\/fr\/wp-json\/wp\/v2\/media?parent=400"}],"curies":[{"name":"wp","href":"https:\/\/api.w.org\/{rel}","templated":true}]}}