{"id":397,"date":"2017-06-24T09:46:04","date_gmt":"2017-06-24T07:46:04","guid":{"rendered":"http:\/\/www.electronweb.it\/lazienda\/"},"modified":"2017-07-31T18:32:24","modified_gmt":"2017-07-31T16:32:24","slug":"lentreprise","status":"publish","type":"page","link":"https:\/\/www.electronweb.it\/fr\/lentreprise\/","title":{"rendered":"L&rsquo;Entreprise"},"content":{"rendered":"<p><a href=\"http:\/\/www.electronweb.it\/wp-content\/uploads\/2017\/06\/azienda-01.jpg\"><img loading=\"lazy\" class=\"alignleft wp-image-419\" src=\"http:\/\/www.electronweb.it\/wp-content\/uploads\/2017\/06\/azienda-01-300x146.jpg\" alt=\"Entreprise \u00e0 Arezzo d\u2019installations \u00e9lectriques et automatisation industrielle\" width=\"370\" height=\"180\" srcset=\"https:\/\/www.electronweb.it\/wp-content\/uploads\/2017\/06\/azienda-01-300x146.jpg 300w, https:\/\/www.electronweb.it\/wp-content\/uploads\/2017\/06\/azienda-01-768x374.jpg 768w, https:\/\/www.electronweb.it\/wp-content\/uploads\/2017\/06\/azienda-01-1024x499.jpg 1024w, https:\/\/www.electronweb.it\/wp-content\/uploads\/2017\/06\/azienda-01.jpg 1600w\" sizes=\"(max-width: 370px) 100vw, 370px\"><\/a><\/p>\n<h1><span style=\"color: #007632;\">INSTALLATIONS<\/span>\u00a0\u00c9LECTRIQUES<\/h1>\n<h2><em>et d\u2019automatisation industrielle<\/em><\/h2>\n<p>Gr\u00e2ce \u00e0 l\u2019exp\u00e9rience acquise en plus de vingt ans d\u2019activit\u00e9 et \u00e0 <strong>l\u2019utilisation constante de technologies de pointe<\/strong>, Electron s.r.l. s\u2019installe sur le march\u00e9 en tant que partenaire fiable \u00e0 m\u00eame de <strong>soutenir ses clients avec expertise<\/strong> et rapidit\u00e9 dans le secteur des installations de moyenne tension jusqu\u2019\u00e0 la conception, r\u00e9alisation et entretien d\u2019installations \u00e9lectriques et d\u2019automatisation industrielle.<\/p>\n<p>\u00a0<\/p>\n<p><a href=\"http:\/\/www.electronweb.it\/wp-content\/uploads\/2017\/06\/azienda-02.jpg\"><img loading=\"lazy\" class=\"alignright wp-image-420\" src=\"http:\/\/www.electronweb.it\/wp-content\/uploads\/2017\/06\/azienda-02-300x224.jpg\" alt=\"Entreprise \u00e0 Arezzo d\u2019installations \u00e9lectriques et automatisation industrielle\" width=\"370\" height=\"276\" srcset=\"https:\/\/www.electronweb.it\/wp-content\/uploads\/2017\/06\/azienda-02-300x224.jpg 300w, https:\/\/www.electronweb.it\/wp-content\/uploads\/2017\/06\/azienda-02-768x574.jpg 768w, https:\/\/www.electronweb.it\/wp-content\/uploads\/2017\/06\/azienda-02-1024x765.jpg 1024w, https:\/\/www.electronweb.it\/wp-content\/uploads\/2017\/06\/azienda-02.jpg 1600w\" sizes=\"(max-width: 370px) 100vw, 370px\"><\/a><\/p>\n<h1>PRODUITS\u00a0<span style=\"color: #007632;\">ALIMENTAIRES<\/span><\/h1>\n<h2><em>conditionnement et l\u2019\u00e9tiquetage<\/em><\/h2>\n<p>Aujourd\u2019hui Electron se d\u00e9die \u00e9galement \u00e0 la r\u00e9alisation de solutions personnalis\u00e9es en ce qui concerne <a href=\"http:\/\/www.electronweb.it\/fr\/etichettatura\/\">l\u2019\u00e9tiquetage<\/a>, l\u2019embouteillage et le bouchage, durant les proc\u00e8s de conditionnement de produits alimentaires aussi bien liquides que denses en <strong>proposant des machines compactes<\/strong>, efficaces, fiables et faciles \u00e0 utiliser. Chaque mod\u00e8le de machine a \u00e9t\u00e9 con\u00e7u <strong>pour assurer des performances excellentes<\/strong>, une haute pr\u00e9cision pendant la phase de remplissage et d\u2019\u00e9tiquetage et une optimisation des co\u00fbts et des d\u00e9lais de production.<\/p>\n<p>\u00a0<\/p>\n<h1><\/h1>\n<h1>CONCEPTION ET <span style=\"color: #007632;\">E R\u00c9ALISATION D\u2019INSTALLATIONS<\/span><\/h1>\n<h2><em>\u00e9lectriques et automatisations<\/em><\/h2>\n<p>Constamment \u00e0 la recherche de la satisfaction du client, nos techniciens s\u2019occupent des machines d\u00e8s la phase de conception jusqu\u2019\u00e0 la phase de commercialisation, en fournissant, le cas \u00e9ch\u00e9ant, <strong>un service cl\u00e9 en main<\/strong> incluant \u00e9galement la r\u00e9alisation de l\u2019enti\u00e8re installation.<\/p>\n<p><img loading=\"lazy\" class=\"aligncenter wp-image-421 size-full\" src=\"http:\/\/www.electronweb.it\/wp-content\/uploads\/2017\/06\/azienda-03-wide-2.jpg\" alt=\"Entreprise \u00e0 Arezzo d\u2019installations \u00e9lectriques et automatisation industrielle\" width=\"1920\" height=\"720\" srcset=\"https:\/\/www.electronweb.it\/wp-content\/uploads\/2017\/06\/azienda-03-wide-2.jpg 1920w, https:\/\/www.electronweb.it\/wp-content\/uploads\/2017\/06\/azienda-03-wide-2-300x113.jpg 300w, https:\/\/www.electronweb.it\/wp-content\/uploads\/2017\/06\/azienda-03-wide-2-768x288.jpg 768w, https:\/\/www.electronweb.it\/wp-content\/uploads\/2017\/06\/azienda-03-wide-2-1024x384.jpg 1024w\" sizes=\"(max-width: 1920px) 100vw, 1920px\"><\/p>\n<p>\u00a0<\/p>\n<h1><\/h1>\n<h1>QUALIFIED <span style=\"color: #007632;\">SERVICES<\/span><\/h1>\n<h2><em>\u00a0assistance et entretien<\/em><\/h2>\n<p>Nos clients peuvent aussi compter sur<strong> un service d\u2019entretien et d\u2019assistance toujours disponible<\/strong>, rapide et qualifi\u00e9 afin d\u2019assurer la continuit\u00e9 de la production et une r\u00e9duction des temps d\u2019arr\u00eat des machines.<\/p>\n","protected":false},"excerpt":{"rendered":"<p>INSTALLATIONS\u00a0\u00c9LECTRIQUES et d\u2019automatisation industrielle Gr\u00e2ce \u00e0 l\u2019exp\u00e9rience acquise en plus de vingt ans d\u2019activit\u00e9 et \u00e0 l\u2019utilisation constante de technologies de pointe, Electron s.r.l. s\u2019installe sur le march\u00e9 en tant que partenaire fiable \u00e0 m\u00eame de soutenir ses clients avec expertise et rapidit\u00e9 dans le secteur des installations de moyenne tension jusqu\u2019\u00e0 la conception, r\u00e9alisation [&hellip;]<\/p>\n","protected":false},"author":3,"featured_media":398,"parent":0,"menu_order":0,"comment_status":"closed","ping_status":"closed","template":"","meta":[],"yoast_head":"<!-- This site is optimized with the Yoast SEO plugin v18.9 - https:\/\/yoast.com\/wordpress\/plugins\/seo\/ -->\n<title>Entreprise \u00e0 Arezzo d\u2019installations \u00e9lectriques et automatisation industrielle<\/title>\n<meta name=\"description\" content=\"Electron est une entreprise de Foiano della Chiana (Arezzo) fournissant des services de conception, r\u00e9alisation, commercialisation et entretien d&#039;installations \u00e9lectriques et technologiques et de machines pour conditionnement et emballage de produits alimentaires.\" \/>\n<meta name=\"robots\" content=\"index, follow, max-snippet:-1, max-image-preview:large, max-video-preview:-1\" \/>\n<link rel=\"canonical\" href=\"https:\/\/www.electronweb.it\/fr\/lentreprise\/\" \/>\n<meta property=\"og:locale\" content=\"fr_FR\" \/>\n<meta property=\"og:type\" content=\"article\" \/>\n<meta property=\"og:title\" content=\"Entreprise \u00e0 Arezzo d\u2019installations \u00e9lectriques et automatisation industrielle\" \/>\n<meta property=\"og:description\" content=\"Electron est une entreprise de Foiano della Chiana (Arezzo) fournissant des services de conception, r\u00e9alisation, commercialisation et entretien d&#039;installations \u00e9lectriques et technologiques et de machines pour conditionnement et emballage de produits alimentaires.\" \/>\n<meta property=\"og:url\" content=\"https:\/\/www.electronweb.it\/fr\/lentreprise\/\" \/>\n<meta property=\"og:site_name\" content=\"Electron\" \/>\n<meta property=\"article:modified_time\" content=\"2017-07-31T16:32:24+00:00\" \/>\n<meta property=\"og:image\" content=\"https:\/\/www.electronweb.it\/wp-content\/uploads\/2017\/06\/azienda-header.jpg\" \/>\n\t<meta property=\"og:image:width\" content=\"1920\" \/>\n\t<meta property=\"og:image:height\" content=\"1080\" \/>\n\t<meta property=\"og:image:type\" content=\"image\/jpeg\" \/>\n<meta name=\"twitter:card\" content=\"summary\" \/>\n<meta name=\"twitter:label1\" content=\"Dur\u00e9e de lecture estim\u00e9e\" \/>\n\t<meta name=\"twitter:data1\" content=\"1 minute\" \/>\n<script type=\"application\/ld+json\" class=\"yoast-schema-graph\">{\"@context\":\"https:\/\/schema.org\",\"@graph\":[{\"@type\":\"Organization\",\"@id\":\"https:\/\/www.electronweb.it\/fr\/#organization\",\"name\":\"Electron S.r.l.\",\"url\":\"https:\/\/www.electronweb.it\/fr\/\",\"sameAs\":[],\"logo\":{\"@type\":\"ImageObject\",\"inLanguage\":\"fr-FR\",\"@id\":\"https:\/\/www.electronweb.it\/fr\/#\/schema\/logo\/image\/\",\"url\":\"https:\/\/www.electronweb.it\/wp-content\/uploads\/2017\/08\/electron.png\",\"contentUrl\":\"https:\/\/www.electronweb.it\/wp-content\/uploads\/2017\/08\/electron.png\",\"width\":1211,\"height\":866,\"caption\":\"Electron S.r.l.\"},\"image\":{\"@id\":\"https:\/\/www.electronweb.it\/fr\/#\/schema\/logo\/image\/\"}},{\"@type\":\"WebSite\",\"@id\":\"https:\/\/www.electronweb.it\/fr\/#website\",\"url\":\"https:\/\/www.electronweb.it\/fr\/\",\"name\":\"Electron\",\"description\":\"Impianti elettrici e macchine per automazione industriale in Toscana\",\"publisher\":{\"@id\":\"https:\/\/www.electronweb.it\/fr\/#organization\"},\"potentialAction\":[{\"@type\":\"SearchAction\",\"target\":{\"@type\":\"EntryPoint\",\"urlTemplate\":\"https:\/\/www.electronweb.it\/fr\/?s={search_term_string}\"},\"query-input\":\"required name=search_term_string\"}],\"inLanguage\":\"fr-FR\"},{\"@type\":\"ImageObject\",\"inLanguage\":\"fr-FR\",\"@id\":\"https:\/\/www.electronweb.it\/fr\/lentreprise\/#primaryimage\",\"url\":\"https:\/\/www.electronweb.it\/wp-content\/uploads\/2017\/06\/azienda-header.jpg\",\"contentUrl\":\"https:\/\/www.electronweb.it\/wp-content\/uploads\/2017\/06\/azienda-header.jpg\",\"width\":1920,\"height\":1080},{\"@type\":\"WebPage\",\"@id\":\"https:\/\/www.electronweb.it\/fr\/lentreprise\/#webpage\",\"url\":\"https:\/\/www.electronweb.it\/fr\/lentreprise\/\",\"name\":\"Entreprise \u00e0 Arezzo d\u2019installations \u00e9lectriques et automatisation industrielle\",\"isPartOf\":{\"@id\":\"https:\/\/www.electronweb.it\/fr\/#website\"},\"primaryImageOfPage\":{\"@id\":\"https:\/\/www.electronweb.it\/fr\/lentreprise\/#primaryimage\"},\"datePublished\":\"2017-06-24T07:46:04+00:00\",\"dateModified\":\"2017-07-31T16:32:24+00:00\",\"description\":\"Electron est une entreprise de Foiano della Chiana (Arezzo) fournissant des services de conception, r\u00e9alisation, commercialisation et entretien d'installations \u00e9lectriques et technologiques et de machines pour conditionnement et emballage de produits alimentaires.\",\"breadcrumb\":{\"@id\":\"https:\/\/www.electronweb.it\/fr\/lentreprise\/#breadcrumb\"},\"inLanguage\":\"fr-FR\",\"potentialAction\":[{\"@type\":\"ReadAction\",\"target\":[\"https:\/\/www.electronweb.it\/fr\/lentreprise\/\"]}]},{\"@type\":\"BreadcrumbList\",\"@id\":\"https:\/\/www.electronweb.it\/fr\/lentreprise\/#breadcrumb\",\"itemListElement\":[{\"@type\":\"ListItem\",\"position\":1,\"name\":\"Home\",\"item\":\"https:\/\/www.electronweb.it\/fr\/\"},{\"@type\":\"ListItem\",\"position\":2,\"name\":\"L&rsquo;Entreprise\"}]}]}<\/script>\n<!-- \/ Yoast SEO plugin. -->","yoast_head_json":{"title":"Entreprise \u00e0 Arezzo d\u2019installations \u00e9lectriques et automatisation industrielle","description":"Electron est une entreprise de Foiano della Chiana (Arezzo) fournissant des services de conception, r\u00e9alisation, commercialisation et entretien d'installations \u00e9lectriques et technologiques et de machines pour conditionnement et emballage de produits alimentaires.","robots":{"index":"index","follow":"follow","max-snippet":"max-snippet:-1","max-image-preview":"max-image-preview:large","max-video-preview":"max-video-preview:-1"},"canonical":"https:\/\/www.electronweb.it\/fr\/lentreprise\/","og_locale":"fr_FR","og_type":"article","og_title":"Entreprise \u00e0 Arezzo d\u2019installations \u00e9lectriques et automatisation industrielle","og_description":"Electron est une entreprise de Foiano della Chiana (Arezzo) fournissant des services de conception, r\u00e9alisation, commercialisation et entretien d'installations \u00e9lectriques et technologiques et de machines pour conditionnement et emballage de produits alimentaires.","og_url":"https:\/\/www.electronweb.it\/fr\/lentreprise\/","og_site_name":"Electron","article_modified_time":"2017-07-31T16:32:24+00:00","og_image":[{"width":1920,"height":1080,"url":"https:\/\/www.electronweb.it\/wp-content\/uploads\/2017\/06\/azienda-header.jpg","type":"image\/jpeg"}],"twitter_card":"summary","twitter_misc":{"Dur\u00e9e de lecture estim\u00e9e":"1 minute"},"schema":{"@context":"https:\/\/schema.org","@graph":[{"@type":"Organization","@id":"https:\/\/www.electronweb.it\/fr\/#organization","name":"Electron S.r.l.","url":"https:\/\/www.electronweb.it\/fr\/","sameAs":[],"logo":{"@type":"ImageObject","inLanguage":"fr-FR","@id":"https:\/\/www.electronweb.it\/fr\/#\/schema\/logo\/image\/","url":"https:\/\/www.electronweb.it\/wp-content\/uploads\/2017\/08\/electron.png","contentUrl":"https:\/\/www.electronweb.it\/wp-content\/uploads\/2017\/08\/electron.png","width":1211,"height":866,"caption":"Electron S.r.l."},"image":{"@id":"https:\/\/www.electronweb.it\/fr\/#\/schema\/logo\/image\/"}},{"@type":"WebSite","@id":"https:\/\/www.electronweb.it\/fr\/#website","url":"https:\/\/www.electronweb.it\/fr\/","name":"Electron","description":"Impianti elettrici e macchine per automazione industriale in Toscana","publisher":{"@id":"https:\/\/www.electronweb.it\/fr\/#organization"},"potentialAction":[{"@type":"SearchAction","target":{"@type":"EntryPoint","urlTemplate":"https:\/\/www.electronweb.it\/fr\/?s={search_term_string}"},"query-input":"required name=search_term_string"}],"inLanguage":"fr-FR"},{"@type":"ImageObject","inLanguage":"fr-FR","@id":"https:\/\/www.electronweb.it\/fr\/lentreprise\/#primaryimage","url":"https:\/\/www.electronweb.it\/wp-content\/uploads\/2017\/06\/azienda-header.jpg","contentUrl":"https:\/\/www.electronweb.it\/wp-content\/uploads\/2017\/06\/azienda-header.jpg","width":1920,"height":1080},{"@type":"WebPage","@id":"https:\/\/www.electronweb.it\/fr\/lentreprise\/#webpage","url":"https:\/\/www.electronweb.it\/fr\/lentreprise\/","name":"Entreprise \u00e0 Arezzo d\u2019installations \u00e9lectriques et automatisation industrielle","isPartOf":{"@id":"https:\/\/www.electronweb.it\/fr\/#website"},"primaryImageOfPage":{"@id":"https:\/\/www.electronweb.it\/fr\/lentreprise\/#primaryimage"},"datePublished":"2017-06-24T07:46:04+00:00","dateModified":"2017-07-31T16:32:24+00:00","description":"Electron est une entreprise de Foiano della Chiana (Arezzo) fournissant des services de conception, r\u00e9alisation, commercialisation et entretien d'installations \u00e9lectriques et technologiques et de machines pour conditionnement et emballage de produits alimentaires.","breadcrumb":{"@id":"https:\/\/www.electronweb.it\/fr\/lentreprise\/#breadcrumb"},"inLanguage":"fr-FR","potentialAction":[{"@type":"ReadAction","target":["https:\/\/www.electronweb.it\/fr\/lentreprise\/"]}]},{"@type":"BreadcrumbList","@id":"https:\/\/www.electronweb.it\/fr\/lentreprise\/#breadcrumb","itemListElement":[{"@type":"ListItem","position":1,"name":"Home","item":"https:\/\/www.electronweb.it\/fr\/"},{"@type":"ListItem","position":2,"name":"L&rsquo;Entreprise"}]}]}},"_links":{"self":[{"href":"https:\/\/www.electronweb.it\/fr\/wp-json\/wp\/v2\/pages\/397"}],"collection":[{"href":"https:\/\/www.electronweb.it\/fr\/wp-json\/wp\/v2\/pages"}],"about":[{"href":"https:\/\/www.electronweb.it\/fr\/wp-json\/wp\/v2\/types\/page"}],"author":[{"embeddable":true,"href":"https:\/\/www.electronweb.it\/fr\/wp-json\/wp\/v2\/users\/3"}],"replies":[{"embeddable":true,"href":"https:\/\/www.electronweb.it\/fr\/wp-json\/wp\/v2\/comments?post=397"}],"version-history":[{"count":6,"href":"https:\/\/www.electronweb.it\/fr\/wp-json\/wp\/v2\/pages\/397\/revisions"}],"predecessor-version":[{"id":434,"href":"https:\/\/www.electronweb.it\/fr\/wp-json\/wp\/v2\/pages\/397\/revisions\/434"}],"wp:featuredmedia":[{"embeddable":true,"href":"https:\/\/www.electronweb.it\/fr\/wp-json\/wp\/v2\/media\/398"}],"wp:attachment":[{"href":"https:\/\/www.electronweb.it\/fr\/wp-json\/wp\/v2\/media?parent=397"}],"curies":[{"name":"wp","href":"https:\/\/api.w.org\/{rel}","templated":true}]}}