{"id":393,"date":"2017-07-07T10:53:21","date_gmt":"2017-07-07T08:53:21","guid":{"rendered":"http:\/\/www.electronweb.it\/industria\/"},"modified":"2017-08-01T11:04:17","modified_gmt":"2017-08-01T09:04:17","slug":"industrie","status":"publish","type":"page","link":"https:\/\/www.electronweb.it\/fr\/industrie\/","title":{"rendered":"Industrie"},"content":{"rendered":"<p><a href=\"http:\/\/www.electronweb.it\/wp-content\/uploads\/2017\/07\/industria-01-300x169.jpg\"><img loading=\"lazy\" decoding=\"async\" class=\"alignleft wp-image-394\" src=\"http:\/\/www.electronweb.it\/wp-content\/uploads\/2017\/07\/industria-01-300x169.jpg\" alt=\"Installations \u00e9lectriques, automatisation et machines industrielles\" width=\"370\" height=\"208\" srcset=\"https:\/\/www.electronweb.it\/wp-content\/uploads\/2017\/07\/industria-01-300x169.jpg 300w, https:\/\/www.electronweb.it\/wp-content\/uploads\/2017\/07\/industria-01-768x432.jpg 768w, https:\/\/www.electronweb.it\/wp-content\/uploads\/2017\/07\/industria-01-1024x576.jpg 1024w, https:\/\/www.electronweb.it\/wp-content\/uploads\/2017\/07\/industria-01.jpg 1920w\" sizes=\"auto, (max-width: 370px) 100vw, 370px\" \/><\/a><\/p>\n<h1>ELECTRON <span style=\"color: #007632;\">POUR L\u2019INDUSTRIE<\/span><\/h1>\n<h2><em>Technologie et automatisation pour tout secteur de production<\/em><\/h2>\n<p>Le monde moderne est de plus en plus impr\u00e9gn\u00e9 de technologie dans tous les secteurs. L\u2019industrie 4.0 est d\u00e9j\u00e0 une r\u00e9alit\u00e9 et un but \u00e0 atteindre dans les plus brefs d\u00e9lais dans tous les domaines.<\/p>\n<p>C\u2019est pour cela que notre entreprise peut \u00eatre consid\u00e9r\u00e9e en tant que partenaire de r\u00e9f\u00e9rence en mati\u00e8re de technologie et automatisation par des op\u00e9rateurs \u00e9conomiques et des industries dans tout secteur de production.<\/p>\n<p>Depuis toujours au service du domaine industriel, Electron s\u2019occupe de la partie des installations et incorporations \u00e9lectriques en fournissant un service global professionnel et qualifi\u00e9.<\/p>\n<p><img loading=\"lazy\" decoding=\"async\" class=\"aligncenter wp-image-488 size-full\" src=\"http:\/\/www.electronweb.it\/wp-content\/uploads\/2017\/07\/industria-02-wide.jpg\" alt=\"Installations \u00e9lectriques, automatisation et machines industrielles\" width=\"1920\" height=\"720\" srcset=\"https:\/\/www.electronweb.it\/wp-content\/uploads\/2017\/07\/industria-02-wide.jpg 1920w, https:\/\/www.electronweb.it\/wp-content\/uploads\/2017\/07\/industria-02-wide-300x113.jpg 300w, https:\/\/www.electronweb.it\/wp-content\/uploads\/2017\/07\/industria-02-wide-768x288.jpg 768w, https:\/\/www.electronweb.it\/wp-content\/uploads\/2017\/07\/industria-02-wide-1024x384.jpg 1024w\" sizes=\"auto, (max-width: 1920px) 100vw, 1920px\" \/><\/p>\n<h1><\/h1>\n<h1>NOS\u00a0<span style=\"color: #007632;\">SERVICES<\/span><\/h1>\n<ul>\n<li>Moyenne Tension: conception, fourniture, installation et entretien de cabines et transformateurs pour usines et \u00e9tablissements industriels.<\/li>\n<li>Basse Tension: conception, r\u00e9alisation et entretien d\u2019installations \u00e9lectriques et fourniture de coffrets de distribution d\u2019\u00e9nergie pour la production industrielle.<\/li>\n<li>\u00c9conomie d\u2019\u00e9nergie: installations photovolta\u00efques pour jouir des b\u00e9n\u00e9fices \u00e9conomiques d\u00e9rivant de la production et de l\u2019autoconsommation d\u2019\u00e9nergie \u00e9lectrique ainsi que des b\u00e9n\u00e9fices fiscaux sous forme de d\u00e9ductions.<\/li>\n<li>Automatisation industrielle: implantation et entretien de syst\u00e8mes d\u2019automatisation industrielle, assistance pour machines et lignes automatis\u00e9es, syst\u00e8mes de contr\u00f4le et gestion de machines pour la production industrielle.<\/li>\n<li>Installations technologiques et r\u00e9seau de donn\u00e9es: installations technologiques r\u00e9alis\u00e9es en cuivre et en fibre optique pour brancher et g\u00e9rer des appareils informatiques.<\/li>\n<li>R\u00e9novation de machines industrielles et de lignes de production: modernisation des technologies et de l\u2019organisation d\u2019installations et machines afin d\u2019am\u00e9liorer les fonctions existantes et d\u2019ajouter de nouvelles fonctionnalit\u00e9s.<\/li>\n<\/ul>\n","protected":false},"excerpt":{"rendered":"<p>ELECTRON POUR L\u2019INDUSTRIE Technologie et automatisation pour tout secteur de production Le monde moderne est de plus en plus impr\u00e9gn\u00e9 de technologie dans tous les secteurs. L\u2019industrie 4.0 est d\u00e9j\u00e0 une r\u00e9alit\u00e9 et un but \u00e0 atteindre dans les plus brefs d\u00e9lais dans tous les domaines. C\u2019est pour cela que notre entreprise peut \u00eatre consid\u00e9r\u00e9e [&hellip;]<\/p>\n","protected":false},"author":3,"featured_media":395,"parent":0,"menu_order":0,"comment_status":"closed","ping_status":"closed","template":"","meta":{"footnotes":""},"class_list":["post-393","page","type-page","status-publish","has-post-thumbnail","hentry"],"yoast_head":"<!-- This site is optimized with the Yoast SEO plugin v27.5 - https:\/\/yoast.com\/product\/yoast-seo-wordpress\/ -->\n<title>Installations \u00e9lectriques, automatisation et machines industrielles<\/title>\n<meta name=\"description\" content=\"Conception, r\u00e9alisation et assistance technique pour installations \u00e9lectriques et technologiques industrielles de moyenne et basse tension, r\u00e9seau de donn\u00e9es, automatisation industrielle et r\u00e9novation de machines et lignes de production.\" \/>\n<meta name=\"robots\" content=\"index, follow, max-snippet:-1, max-image-preview:large, max-video-preview:-1\" \/>\n<link rel=\"canonical\" href=\"https:\/\/www.electronweb.it\/fr\/industrie\/\" \/>\n<meta property=\"og:locale\" content=\"fr_FR\" \/>\n<meta property=\"og:type\" content=\"article\" \/>\n<meta property=\"og:title\" content=\"Installations \u00e9lectriques, automatisation et machines industrielles\" \/>\n<meta property=\"og:description\" content=\"Conception, r\u00e9alisation et assistance technique pour installations \u00e9lectriques et technologiques industrielles de moyenne et basse tension, r\u00e9seau de donn\u00e9es, automatisation industrielle et r\u00e9novation de machines et lignes de production.\" \/>\n<meta property=\"og:url\" content=\"https:\/\/www.electronweb.it\/fr\/industrie\/\" \/>\n<meta property=\"og:site_name\" content=\"Electron\" \/>\n<meta property=\"article:modified_time\" content=\"2017-08-01T09:04:17+00:00\" \/>\n<meta property=\"og:image\" content=\"https:\/\/www.electronweb.it\/wp-content\/uploads\/2017\/07\/industria-header.jpg\" \/>\n\t<meta property=\"og:image:width\" content=\"1920\" \/>\n\t<meta property=\"og:image:height\" content=\"720\" \/>\n\t<meta property=\"og:image:type\" content=\"image\/jpeg\" \/>\n<meta name=\"twitter:card\" content=\"summary_large_image\" \/>\n<meta name=\"twitter:label1\" content=\"Dur\u00e9e de lecture estim\u00e9e\" \/>\n\t<meta name=\"twitter:data1\" content=\"1 minute\" \/>\n<script type=\"application\/ld+json\" class=\"yoast-schema-graph\">{\"@context\":\"https:\\\/\\\/schema.org\",\"@graph\":[{\"@type\":\"WebPage\",\"@id\":\"https:\\\/\\\/www.electronweb.it\\\/fr\\\/industrie\\\/\",\"url\":\"https:\\\/\\\/www.electronweb.it\\\/fr\\\/industrie\\\/\",\"name\":\"Installations \u00e9lectriques, automatisation et machines industrielles\",\"isPartOf\":{\"@id\":\"https:\\\/\\\/www.electronweb.it\\\/fr\\\/#website\"},\"primaryImageOfPage\":{\"@id\":\"https:\\\/\\\/www.electronweb.it\\\/fr\\\/industrie\\\/#primaryimage\"},\"image\":{\"@id\":\"https:\\\/\\\/www.electronweb.it\\\/fr\\\/industrie\\\/#primaryimage\"},\"thumbnailUrl\":\"https:\\\/\\\/www.electronweb.it\\\/wp-content\\\/uploads\\\/2017\\\/07\\\/industria-header.jpg\",\"datePublished\":\"2017-07-07T08:53:21+00:00\",\"dateModified\":\"2017-08-01T09:04:17+00:00\",\"description\":\"Conception, r\u00e9alisation et assistance technique pour installations \u00e9lectriques et technologiques industrielles de moyenne et basse tension, r\u00e9seau de donn\u00e9es, automatisation industrielle et r\u00e9novation de machines et lignes de production.\",\"breadcrumb\":{\"@id\":\"https:\\\/\\\/www.electronweb.it\\\/fr\\\/industrie\\\/#breadcrumb\"},\"inLanguage\":\"fr-FR\",\"potentialAction\":[{\"@type\":\"ReadAction\",\"target\":[\"https:\\\/\\\/www.electronweb.it\\\/fr\\\/industrie\\\/\"]}]},{\"@type\":\"ImageObject\",\"inLanguage\":\"fr-FR\",\"@id\":\"https:\\\/\\\/www.electronweb.it\\\/fr\\\/industrie\\\/#primaryimage\",\"url\":\"https:\\\/\\\/www.electronweb.it\\\/wp-content\\\/uploads\\\/2017\\\/07\\\/industria-header.jpg\",\"contentUrl\":\"https:\\\/\\\/www.electronweb.it\\\/wp-content\\\/uploads\\\/2017\\\/07\\\/industria-header.jpg\",\"width\":1920,\"height\":720},{\"@type\":\"BreadcrumbList\",\"@id\":\"https:\\\/\\\/www.electronweb.it\\\/fr\\\/industrie\\\/#breadcrumb\",\"itemListElement\":[{\"@type\":\"ListItem\",\"position\":1,\"name\":\"Home\",\"item\":\"https:\\\/\\\/www.electronweb.it\\\/fr\\\/\"},{\"@type\":\"ListItem\",\"position\":2,\"name\":\"Industrie\"}]},{\"@type\":\"WebSite\",\"@id\":\"https:\\\/\\\/www.electronweb.it\\\/fr\\\/#website\",\"url\":\"https:\\\/\\\/www.electronweb.it\\\/fr\\\/\",\"name\":\"Electron\",\"description\":\"Impianti elettrici e macchine per automazione industriale in Toscana\",\"publisher\":{\"@id\":\"https:\\\/\\\/www.electronweb.it\\\/fr\\\/#organization\"},\"potentialAction\":[{\"@type\":\"SearchAction\",\"target\":{\"@type\":\"EntryPoint\",\"urlTemplate\":\"https:\\\/\\\/www.electronweb.it\\\/fr\\\/?s={search_term_string}\"},\"query-input\":{\"@type\":\"PropertyValueSpecification\",\"valueRequired\":true,\"valueName\":\"search_term_string\"}}],\"inLanguage\":\"fr-FR\"},{\"@type\":\"Organization\",\"@id\":\"https:\\\/\\\/www.electronweb.it\\\/fr\\\/#organization\",\"name\":\"Electron S.r.l.\",\"url\":\"https:\\\/\\\/www.electronweb.it\\\/fr\\\/\",\"logo\":{\"@type\":\"ImageObject\",\"inLanguage\":\"fr-FR\",\"@id\":\"https:\\\/\\\/www.electronweb.it\\\/fr\\\/#\\\/schema\\\/logo\\\/image\\\/\",\"url\":\"https:\\\/\\\/www.electronweb.it\\\/wp-content\\\/uploads\\\/2017\\\/08\\\/electron.png\",\"contentUrl\":\"https:\\\/\\\/www.electronweb.it\\\/wp-content\\\/uploads\\\/2017\\\/08\\\/electron.png\",\"width\":1211,\"height\":866,\"caption\":\"Electron S.r.l.\"},\"image\":{\"@id\":\"https:\\\/\\\/www.electronweb.it\\\/fr\\\/#\\\/schema\\\/logo\\\/image\\\/\"}}]}<\/script>\n<!-- \/ Yoast SEO plugin. -->","yoast_head_json":{"title":"Installations \u00e9lectriques, automatisation et machines industrielles","description":"Conception, r\u00e9alisation et assistance technique pour installations \u00e9lectriques et technologiques industrielles de moyenne et basse tension, r\u00e9seau de donn\u00e9es, automatisation industrielle et r\u00e9novation de machines et lignes de production.","robots":{"index":"index","follow":"follow","max-snippet":"max-snippet:-1","max-image-preview":"max-image-preview:large","max-video-preview":"max-video-preview:-1"},"canonical":"https:\/\/www.electronweb.it\/fr\/industrie\/","og_locale":"fr_FR","og_type":"article","og_title":"Installations \u00e9lectriques, automatisation et machines industrielles","og_description":"Conception, r\u00e9alisation et assistance technique pour installations \u00e9lectriques et technologiques industrielles de moyenne et basse tension, r\u00e9seau de donn\u00e9es, automatisation industrielle et r\u00e9novation de machines et lignes de production.","og_url":"https:\/\/www.electronweb.it\/fr\/industrie\/","og_site_name":"Electron","article_modified_time":"2017-08-01T09:04:17+00:00","og_image":[{"width":1920,"height":720,"url":"https:\/\/www.electronweb.it\/wp-content\/uploads\/2017\/07\/industria-header.jpg","type":"image\/jpeg"}],"twitter_card":"summary_large_image","twitter_misc":{"Dur\u00e9e de lecture estim\u00e9e":"1 minute"},"schema":{"@context":"https:\/\/schema.org","@graph":[{"@type":"WebPage","@id":"https:\/\/www.electronweb.it\/fr\/industrie\/","url":"https:\/\/www.electronweb.it\/fr\/industrie\/","name":"Installations \u00e9lectriques, automatisation et machines industrielles","isPartOf":{"@id":"https:\/\/www.electronweb.it\/fr\/#website"},"primaryImageOfPage":{"@id":"https:\/\/www.electronweb.it\/fr\/industrie\/#primaryimage"},"image":{"@id":"https:\/\/www.electronweb.it\/fr\/industrie\/#primaryimage"},"thumbnailUrl":"https:\/\/www.electronweb.it\/wp-content\/uploads\/2017\/07\/industria-header.jpg","datePublished":"2017-07-07T08:53:21+00:00","dateModified":"2017-08-01T09:04:17+00:00","description":"Conception, r\u00e9alisation et assistance technique pour installations \u00e9lectriques et technologiques industrielles de moyenne et basse tension, r\u00e9seau de donn\u00e9es, automatisation industrielle et r\u00e9novation de machines et lignes de production.","breadcrumb":{"@id":"https:\/\/www.electronweb.it\/fr\/industrie\/#breadcrumb"},"inLanguage":"fr-FR","potentialAction":[{"@type":"ReadAction","target":["https:\/\/www.electronweb.it\/fr\/industrie\/"]}]},{"@type":"ImageObject","inLanguage":"fr-FR","@id":"https:\/\/www.electronweb.it\/fr\/industrie\/#primaryimage","url":"https:\/\/www.electronweb.it\/wp-content\/uploads\/2017\/07\/industria-header.jpg","contentUrl":"https:\/\/www.electronweb.it\/wp-content\/uploads\/2017\/07\/industria-header.jpg","width":1920,"height":720},{"@type":"BreadcrumbList","@id":"https:\/\/www.electronweb.it\/fr\/industrie\/#breadcrumb","itemListElement":[{"@type":"ListItem","position":1,"name":"Home","item":"https:\/\/www.electronweb.it\/fr\/"},{"@type":"ListItem","position":2,"name":"Industrie"}]},{"@type":"WebSite","@id":"https:\/\/www.electronweb.it\/fr\/#website","url":"https:\/\/www.electronweb.it\/fr\/","name":"Electron","description":"Impianti elettrici e macchine per automazione industriale in Toscana","publisher":{"@id":"https:\/\/www.electronweb.it\/fr\/#organization"},"potentialAction":[{"@type":"SearchAction","target":{"@type":"EntryPoint","urlTemplate":"https:\/\/www.electronweb.it\/fr\/?s={search_term_string}"},"query-input":{"@type":"PropertyValueSpecification","valueRequired":true,"valueName":"search_term_string"}}],"inLanguage":"fr-FR"},{"@type":"Organization","@id":"https:\/\/www.electronweb.it\/fr\/#organization","name":"Electron S.r.l.","url":"https:\/\/www.electronweb.it\/fr\/","logo":{"@type":"ImageObject","inLanguage":"fr-FR","@id":"https:\/\/www.electronweb.it\/fr\/#\/schema\/logo\/image\/","url":"https:\/\/www.electronweb.it\/wp-content\/uploads\/2017\/08\/electron.png","contentUrl":"https:\/\/www.electronweb.it\/wp-content\/uploads\/2017\/08\/electron.png","width":1211,"height":866,"caption":"Electron S.r.l."},"image":{"@id":"https:\/\/www.electronweb.it\/fr\/#\/schema\/logo\/image\/"}}]}},"_links":{"self":[{"href":"https:\/\/www.electronweb.it\/fr\/wp-json\/wp\/v2\/pages\/393","targetHints":{"allow":["GET"]}}],"collection":[{"href":"https:\/\/www.electronweb.it\/fr\/wp-json\/wp\/v2\/pages"}],"about":[{"href":"https:\/\/www.electronweb.it\/fr\/wp-json\/wp\/v2\/types\/page"}],"author":[{"embeddable":true,"href":"https:\/\/www.electronweb.it\/fr\/wp-json\/wp\/v2\/users\/3"}],"replies":[{"embeddable":true,"href":"https:\/\/www.electronweb.it\/fr\/wp-json\/wp\/v2\/comments?post=393"}],"version-history":[{"count":4,"href":"https:\/\/www.electronweb.it\/fr\/wp-json\/wp\/v2\/pages\/393\/revisions"}],"predecessor-version":[{"id":499,"href":"https:\/\/www.electronweb.it\/fr\/wp-json\/wp\/v2\/pages\/393\/revisions\/499"}],"wp:featuredmedia":[{"embeddable":true,"href":"https:\/\/www.electronweb.it\/fr\/wp-json\/wp\/v2\/media\/395"}],"wp:attachment":[{"href":"https:\/\/www.electronweb.it\/fr\/wp-json\/wp\/v2\/media?parent=393"}],"curies":[{"name":"wp","href":"https:\/\/api.w.org\/{rel}","templated":true}]}}