{"id":389,"date":"2017-07-07T10:53:12","date_gmt":"2017-07-07T08:53:12","guid":{"rendered":"http:\/\/www.electronweb.it\/impianti-elettrici\/"},"modified":"2017-08-01T10:35:34","modified_gmt":"2017-08-01T08:35:34","slug":"installations-electriques","status":"publish","type":"page","link":"https:\/\/www.electronweb.it\/fr\/installations-electriques\/","title":{"rendered":"Installations \u00c9lectriques"},"content":{"rendered":"<p><a href=\"http:\/\/www.electronweb.it\/wp-content\/uploads\/2017\/07\/impianti-01-300x169.jpg\"><img loading=\"lazy\" class=\"alignleft wp-image-390\" src=\"http:\/\/www.electronweb.it\/wp-content\/uploads\/2017\/07\/impianti-01-300x169.jpg\" alt=\"Installations \u00e9lectriques civiles et industrielles, domotique et vid\u00e9o-surveillance\" width=\"370\" height=\"208\" srcset=\"https:\/\/www.electronweb.it\/wp-content\/uploads\/2017\/07\/impianti-01-300x169.jpg 300w, https:\/\/www.electronweb.it\/wp-content\/uploads\/2017\/07\/impianti-01-768x432.jpg 768w, https:\/\/www.electronweb.it\/wp-content\/uploads\/2017\/07\/impianti-01-1024x576.jpg 1024w, https:\/\/www.electronweb.it\/wp-content\/uploads\/2017\/07\/impianti-01.jpg 1920w\" sizes=\"(max-width: 370px) 100vw, 370px\"><\/a><\/p>\n<h1>INSTALLATIONS CIVILES ET\u00a0<span style=\"color: #007632;\">INDUSTRIELLES<\/span><\/h1>\n<h2><em>Conception, r\u00e9alisation et assistance<\/em><\/h2>\n<p>Electron s\u2019occupe depuis toujours de la r\u00e9alisation d\u2019installations \u00e9lectriques aussi bien civiles qu\u2019industrielles, de syst\u00e8mes d\u2019alarme, vid\u00e9o-surveillance et domotique, en fournissant au client un service complet et cl\u00e9 en main.<\/p>\n<p>Nous travaillons avec succ\u00e8s dans le domaine des installations et de l\u2019automatisation industrielle en Toscane \u00e0 travers la conception et la r\u00e9alisation d\u2019installations et tableaux \u00e9lectriques \u00e9lectrom\u00e9caniques ou g\u00e9r\u00e9s par API.<\/p>\n<p>Nos \u00e9quipes soutiennent les clients dans la gestion de l\u2019ordre d\u00e8s la phase de conception et fabrication jusqu\u2019\u00e0 la r\u00e9alisation du logiciel de contr\u00f4le et \u00e0 l\u2019assistance technique pendant la phase d\u2019implantation et c\u00e2blage de la machine.<\/p>\n<p><img loading=\"lazy\" class=\"aligncenter wp-image-470 size-full\" src=\"http:\/\/www.electronweb.it\/wp-content\/uploads\/2017\/07\/impianti-02-wide.jpg\" alt=\"Installations \u00e9lectriques civiles et industrielles, domotique et vid\u00e9o-surveillance\" width=\"1920\" height=\"720\" srcset=\"https:\/\/www.electronweb.it\/wp-content\/uploads\/2017\/07\/impianti-02-wide.jpg 1920w, https:\/\/www.electronweb.it\/wp-content\/uploads\/2017\/07\/impianti-02-wide-300x113.jpg 300w, https:\/\/www.electronweb.it\/wp-content\/uploads\/2017\/07\/impianti-02-wide-768x288.jpg 768w, https:\/\/www.electronweb.it\/wp-content\/uploads\/2017\/07\/impianti-02-wide-1024x384.jpg 1024w\" sizes=\"(max-width: 1920px) 100vw, 1920px\"><\/p>\n","protected":false},"excerpt":{"rendered":"<p>INSTALLATIONS CIVILES ET\u00a0INDUSTRIELLES Conception, r\u00e9alisation et assistance Electron s\u2019occupe depuis toujours de la r\u00e9alisation d\u2019installations \u00e9lectriques aussi bien civiles qu\u2019industrielles, de syst\u00e8mes d\u2019alarme, vid\u00e9o-surveillance et domotique, en fournissant au client un service complet et cl\u00e9 en main. Nous travaillons avec succ\u00e8s dans le domaine des installations et de l\u2019automatisation industrielle en Toscane \u00e0 travers la [&hellip;]<\/p>\n","protected":false},"author":3,"featured_media":807,"parent":0,"menu_order":0,"comment_status":"closed","ping_status":"closed","template":"","meta":[],"yoast_head":"<!-- This site is optimized with the Yoast SEO plugin v18.9 - https:\/\/yoast.com\/wordpress\/plugins\/seo\/ -->\n<title>Installations \u00e9lectriques civiles et industrielles, domotique et vid\u00e9o-surveillance<\/title>\n<meta name=\"description\" content=\"Conception, r\u00e9alisation et entretien d&#039;installations pour l&#039;automatisation industrielle et d&#039;installations \u00e9lectriques et \u00e9lectrom\u00e9caniques, alarmes, vid\u00e9o-surveillance et domotique pour particuliers et entreprises en Toscane.\" \/>\n<meta name=\"robots\" content=\"index, follow, max-snippet:-1, max-image-preview:large, max-video-preview:-1\" \/>\n<link rel=\"canonical\" href=\"https:\/\/www.electronweb.it\/fr\/installations-electriques\/\" \/>\n<meta property=\"og:locale\" content=\"fr_FR\" \/>\n<meta property=\"og:type\" content=\"article\" \/>\n<meta property=\"og:title\" content=\"Installations \u00e9lectriques civiles et industrielles, domotique et vid\u00e9o-surveillance\" \/>\n<meta property=\"og:description\" content=\"Conception, r\u00e9alisation et entretien d&#039;installations pour l&#039;automatisation industrielle et d&#039;installations \u00e9lectriques et \u00e9lectrom\u00e9caniques, alarmes, vid\u00e9o-surveillance et domotique pour particuliers et entreprises en Toscane.\" \/>\n<meta property=\"og:url\" content=\"https:\/\/www.electronweb.it\/fr\/installations-electriques\/\" \/>\n<meta property=\"og:site_name\" content=\"Electron\" \/>\n<meta property=\"article:modified_time\" content=\"2017-08-01T08:35:34+00:00\" \/>\n<meta property=\"og:image\" content=\"https:\/\/www.electronweb.it\/wp-content\/uploads\/2021\/05\/pexels-panumas-nikhomkhai-1148820-scaled.jpg\" \/>\n\t<meta property=\"og:image:width\" content=\"2560\" \/>\n\t<meta property=\"og:image:height\" content=\"1709\" \/>\n\t<meta property=\"og:image:type\" content=\"image\/jpeg\" \/>\n<meta name=\"twitter:card\" content=\"summary\" \/>\n<meta name=\"twitter:label1\" content=\"Dur\u00e9e de lecture estim\u00e9e\" \/>\n\t<meta name=\"twitter:data1\" content=\"1 minute\" \/>\n<script type=\"application\/ld+json\" class=\"yoast-schema-graph\">{\"@context\":\"https:\/\/schema.org\",\"@graph\":[{\"@type\":\"Organization\",\"@id\":\"https:\/\/www.electronweb.it\/fr\/#organization\",\"name\":\"Electron S.r.l.\",\"url\":\"https:\/\/www.electronweb.it\/fr\/\",\"sameAs\":[],\"logo\":{\"@type\":\"ImageObject\",\"inLanguage\":\"fr-FR\",\"@id\":\"https:\/\/www.electronweb.it\/fr\/#\/schema\/logo\/image\/\",\"url\":\"https:\/\/www.electronweb.it\/wp-content\/uploads\/2017\/08\/electron.png\",\"contentUrl\":\"https:\/\/www.electronweb.it\/wp-content\/uploads\/2017\/08\/electron.png\",\"width\":1211,\"height\":866,\"caption\":\"Electron S.r.l.\"},\"image\":{\"@id\":\"https:\/\/www.electronweb.it\/fr\/#\/schema\/logo\/image\/\"}},{\"@type\":\"WebSite\",\"@id\":\"https:\/\/www.electronweb.it\/fr\/#website\",\"url\":\"https:\/\/www.electronweb.it\/fr\/\",\"name\":\"Electron\",\"description\":\"Impianti elettrici e macchine per automazione industriale in Toscana\",\"publisher\":{\"@id\":\"https:\/\/www.electronweb.it\/fr\/#organization\"},\"potentialAction\":[{\"@type\":\"SearchAction\",\"target\":{\"@type\":\"EntryPoint\",\"urlTemplate\":\"https:\/\/www.electronweb.it\/fr\/?s={search_term_string}\"},\"query-input\":\"required name=search_term_string\"}],\"inLanguage\":\"fr-FR\"},{\"@type\":\"ImageObject\",\"inLanguage\":\"fr-FR\",\"@id\":\"https:\/\/www.electronweb.it\/fr\/installations-electriques\/#primaryimage\",\"url\":\"https:\/\/www.electronweb.it\/wp-content\/uploads\/2021\/05\/pexels-panumas-nikhomkhai-1148820-scaled.jpg\",\"contentUrl\":\"https:\/\/www.electronweb.it\/wp-content\/uploads\/2021\/05\/pexels-panumas-nikhomkhai-1148820-scaled.jpg\",\"width\":2560,\"height\":1709},{\"@type\":\"WebPage\",\"@id\":\"https:\/\/www.electronweb.it\/fr\/installations-electriques\/#webpage\",\"url\":\"https:\/\/www.electronweb.it\/fr\/installations-electriques\/\",\"name\":\"Installations \u00e9lectriques civiles et industrielles, domotique et vid\u00e9o-surveillance\",\"isPartOf\":{\"@id\":\"https:\/\/www.electronweb.it\/fr\/#website\"},\"primaryImageOfPage\":{\"@id\":\"https:\/\/www.electronweb.it\/fr\/installations-electriques\/#primaryimage\"},\"datePublished\":\"2017-07-07T08:53:12+00:00\",\"dateModified\":\"2017-08-01T08:35:34+00:00\",\"description\":\"Conception, r\u00e9alisation et entretien d'installations pour l'automatisation industrielle et d'installations \u00e9lectriques et \u00e9lectrom\u00e9caniques, alarmes, vid\u00e9o-surveillance et domotique pour particuliers et entreprises en Toscane.\",\"breadcrumb\":{\"@id\":\"https:\/\/www.electronweb.it\/fr\/installations-electriques\/#breadcrumb\"},\"inLanguage\":\"fr-FR\",\"potentialAction\":[{\"@type\":\"ReadAction\",\"target\":[\"https:\/\/www.electronweb.it\/fr\/installations-electriques\/\"]}]},{\"@type\":\"BreadcrumbList\",\"@id\":\"https:\/\/www.electronweb.it\/fr\/installations-electriques\/#breadcrumb\",\"itemListElement\":[{\"@type\":\"ListItem\",\"position\":1,\"name\":\"Home\",\"item\":\"https:\/\/www.electronweb.it\/fr\/\"},{\"@type\":\"ListItem\",\"position\":2,\"name\":\"Installations \u00c9lectriques\"}]}]}<\/script>\n<!-- \/ Yoast SEO plugin. -->","yoast_head_json":{"title":"Installations \u00e9lectriques civiles et industrielles, domotique et vid\u00e9o-surveillance","description":"Conception, r\u00e9alisation et entretien d'installations pour l'automatisation industrielle et d'installations \u00e9lectriques et \u00e9lectrom\u00e9caniques, alarmes, vid\u00e9o-surveillance et domotique pour particuliers et entreprises en Toscane.","robots":{"index":"index","follow":"follow","max-snippet":"max-snippet:-1","max-image-preview":"max-image-preview:large","max-video-preview":"max-video-preview:-1"},"canonical":"https:\/\/www.electronweb.it\/fr\/installations-electriques\/","og_locale":"fr_FR","og_type":"article","og_title":"Installations \u00e9lectriques civiles et industrielles, domotique et vid\u00e9o-surveillance","og_description":"Conception, r\u00e9alisation et entretien d'installations pour l'automatisation industrielle et d'installations \u00e9lectriques et \u00e9lectrom\u00e9caniques, alarmes, vid\u00e9o-surveillance et domotique pour particuliers et entreprises en Toscane.","og_url":"https:\/\/www.electronweb.it\/fr\/installations-electriques\/","og_site_name":"Electron","article_modified_time":"2017-08-01T08:35:34+00:00","og_image":[{"width":2560,"height":1709,"url":"https:\/\/www.electronweb.it\/wp-content\/uploads\/2021\/05\/pexels-panumas-nikhomkhai-1148820-scaled.jpg","type":"image\/jpeg"}],"twitter_card":"summary","twitter_misc":{"Dur\u00e9e de lecture estim\u00e9e":"1 minute"},"schema":{"@context":"https:\/\/schema.org","@graph":[{"@type":"Organization","@id":"https:\/\/www.electronweb.it\/fr\/#organization","name":"Electron S.r.l.","url":"https:\/\/www.electronweb.it\/fr\/","sameAs":[],"logo":{"@type":"ImageObject","inLanguage":"fr-FR","@id":"https:\/\/www.electronweb.it\/fr\/#\/schema\/logo\/image\/","url":"https:\/\/www.electronweb.it\/wp-content\/uploads\/2017\/08\/electron.png","contentUrl":"https:\/\/www.electronweb.it\/wp-content\/uploads\/2017\/08\/electron.png","width":1211,"height":866,"caption":"Electron S.r.l."},"image":{"@id":"https:\/\/www.electronweb.it\/fr\/#\/schema\/logo\/image\/"}},{"@type":"WebSite","@id":"https:\/\/www.electronweb.it\/fr\/#website","url":"https:\/\/www.electronweb.it\/fr\/","name":"Electron","description":"Impianti elettrici e macchine per automazione industriale in Toscana","publisher":{"@id":"https:\/\/www.electronweb.it\/fr\/#organization"},"potentialAction":[{"@type":"SearchAction","target":{"@type":"EntryPoint","urlTemplate":"https:\/\/www.electronweb.it\/fr\/?s={search_term_string}"},"query-input":"required name=search_term_string"}],"inLanguage":"fr-FR"},{"@type":"ImageObject","inLanguage":"fr-FR","@id":"https:\/\/www.electronweb.it\/fr\/installations-electriques\/#primaryimage","url":"https:\/\/www.electronweb.it\/wp-content\/uploads\/2021\/05\/pexels-panumas-nikhomkhai-1148820-scaled.jpg","contentUrl":"https:\/\/www.electronweb.it\/wp-content\/uploads\/2021\/05\/pexels-panumas-nikhomkhai-1148820-scaled.jpg","width":2560,"height":1709},{"@type":"WebPage","@id":"https:\/\/www.electronweb.it\/fr\/installations-electriques\/#webpage","url":"https:\/\/www.electronweb.it\/fr\/installations-electriques\/","name":"Installations \u00e9lectriques civiles et industrielles, domotique et vid\u00e9o-surveillance","isPartOf":{"@id":"https:\/\/www.electronweb.it\/fr\/#website"},"primaryImageOfPage":{"@id":"https:\/\/www.electronweb.it\/fr\/installations-electriques\/#primaryimage"},"datePublished":"2017-07-07T08:53:12+00:00","dateModified":"2017-08-01T08:35:34+00:00","description":"Conception, r\u00e9alisation et entretien d'installations pour l'automatisation industrielle et d'installations \u00e9lectriques et \u00e9lectrom\u00e9caniques, alarmes, vid\u00e9o-surveillance et domotique pour particuliers et entreprises en Toscane.","breadcrumb":{"@id":"https:\/\/www.electronweb.it\/fr\/installations-electriques\/#breadcrumb"},"inLanguage":"fr-FR","potentialAction":[{"@type":"ReadAction","target":["https:\/\/www.electronweb.it\/fr\/installations-electriques\/"]}]},{"@type":"BreadcrumbList","@id":"https:\/\/www.electronweb.it\/fr\/installations-electriques\/#breadcrumb","itemListElement":[{"@type":"ListItem","position":1,"name":"Home","item":"https:\/\/www.electronweb.it\/fr\/"},{"@type":"ListItem","position":2,"name":"Installations \u00c9lectriques"}]}]}},"_links":{"self":[{"href":"https:\/\/www.electronweb.it\/fr\/wp-json\/wp\/v2\/pages\/389"}],"collection":[{"href":"https:\/\/www.electronweb.it\/fr\/wp-json\/wp\/v2\/pages"}],"about":[{"href":"https:\/\/www.electronweb.it\/fr\/wp-json\/wp\/v2\/types\/page"}],"author":[{"embeddable":true,"href":"https:\/\/www.electronweb.it\/fr\/wp-json\/wp\/v2\/users\/3"}],"replies":[{"embeddable":true,"href":"https:\/\/www.electronweb.it\/fr\/wp-json\/wp\/v2\/comments?post=389"}],"version-history":[{"count":3,"href":"https:\/\/www.electronweb.it\/fr\/wp-json\/wp\/v2\/pages\/389\/revisions"}],"predecessor-version":[{"id":471,"href":"https:\/\/www.electronweb.it\/fr\/wp-json\/wp\/v2\/pages\/389\/revisions\/471"}],"wp:featuredmedia":[{"embeddable":true,"href":"https:\/\/www.electronweb.it\/fr\/wp-json\/wp\/v2\/media\/807"}],"wp:attachment":[{"href":"https:\/\/www.electronweb.it\/fr\/wp-json\/wp\/v2\/media?parent=389"}],"curies":[{"name":"wp","href":"https:\/\/api.w.org\/{rel}","templated":true}]}}