{"id":387,"date":"2017-06-05T10:48:00","date_gmt":"2017-06-05T08:48:00","guid":{"rendered":"http:\/\/www.electronweb.it\/home\/"},"modified":"2020-11-02T10:29:26","modified_gmt":"2020-11-02T09:29:26","slug":"home","status":"publish","type":"page","link":"https:\/\/www.electronweb.it\/fr\/","title":{"rendered":"Home"},"content":{"rendered":"<p><a href=\"http:\/\/www.electronweb.it\/wp-content\/uploads\/2020\/11\/MEC3-J-260x300.png\"><img loading=\"lazy\" class=\"alignleft wp-image-623\" src=\"http:\/\/www.electronweb.it\/wp-content\/uploads\/2020\/11\/MEC3-J-260x300.png\" alt=\"\" width=\"340\" height=\"393\" srcset=\"https:\/\/www.electronweb.it\/wp-content\/uploads\/2020\/11\/MEC3-J-260x300.png 260w, https:\/\/www.electronweb.it\/wp-content\/uploads\/2020\/11\/MEC3-J-886x1024.png 886w, https:\/\/www.electronweb.it\/wp-content\/uploads\/2020\/11\/MEC3-J-768x888.png 768w, https:\/\/www.electronweb.it\/wp-content\/uploads\/2020\/11\/MEC3-J.png 1156w\" sizes=\"(max-width: 340px) 100vw, 340px\"><\/a><\/p>\n<h1 class=\"western\" align=\"justify\"><span style=\"color: #007632;\">SOLUTIONS<\/span> D\u2019AUTOMATISATION POUR<\/h1>\n<h2 class=\"western\" align=\"justify\"><em>\u00e9tiquetage, embouteillage et bouchage<\/em><\/h2>\n<p class=\"western\" align=\"justify\">Electron s.r.l. est une entreprise moderne et dynamique ayant son si\u00e8ge social \u00e0 Foiano della Chiana (Arezzo) qui travaille dans le domaine de l\u2019automatisation industrielle notamment li\u00e9e \u00e0 la production de vins et produits alimentaires conditionn\u00e9s, en fournissant des machines pour la manutention, l\u2019\u00e9tiquetage, le remplissage, le bouchage et le capsulage.<\/p>\n<p class=\"western\" align=\"justify\">Gr\u00e2ce \u00e0 plus de vingt ans d\u2019exp\u00e9rience dans le domaine \u00e9lectrique, Electron s\u2019occupe \u00e9galement de la conception, la fabrication et l\u2019entretien d\u2019installations \u00e9lectriques, domotique, vid\u00e9o-surveillance et alarmes pour particuliers et entreprises.<\/p>\n<p class=\"western\" align=\"justify\">Electron est une soci\u00e9t\u00e9 en constante \u00e9volution visant \u00e0 \u00e9largir ses comp\u00e9tences afin d\u2019offrir un service qui soit le plus complet possible en Toscane, Ombrie et dans l\u2019Italie centrale.<\/p>\n","protected":false},"excerpt":{"rendered":"<p>SOLUTIONS D\u2019AUTOMATISATION POUR \u00e9tiquetage, embouteillage et bouchage Electron s.r.l. est une entreprise moderne et dynamique ayant son si\u00e8ge social \u00e0 Foiano della Chiana (Arezzo) qui travaille dans le domaine de l\u2019automatisation industrielle notamment li\u00e9e \u00e0 la production de vins et produits alimentaires conditionn\u00e9s, en fournissant des machines pour la manutention, l\u2019\u00e9tiquetage, le remplissage, le bouchage [&hellip;]<\/p>\n","protected":false},"author":1,"featured_media":0,"parent":0,"menu_order":0,"comment_status":"closed","ping_status":"closed","template":"page-templates\/home-site.php","meta":[],"yoast_head":"<!-- This site is optimized with the Yoast SEO plugin v18.9 - https:\/\/yoast.com\/wordpress\/plugins\/seo\/ -->\n<title>Installations \u00e9lectriques et solutions d&#039;automatisation industrielle en Toscane<\/title>\n<meta name=\"description\" content=\"Electron s&#039;occupe de machines pour manutention, \u00e9tiquetage, remplissage et bouchage de vins et produits alimentaires conditionn\u00e9s et d&#039;installations \u00e9lectriques civiles et industrielles, alarmes, domotique et vid\u00e9o-surveillance.\" \/>\n<meta name=\"robots\" content=\"index, follow, max-snippet:-1, max-image-preview:large, max-video-preview:-1\" \/>\n<link rel=\"canonical\" href=\"https:\/\/www.electronweb.it\/fr\/\" \/>\n<meta property=\"og:locale\" content=\"fr_FR\" \/>\n<meta property=\"og:type\" content=\"article\" \/>\n<meta property=\"og:title\" content=\"Installations \u00e9lectriques et solutions d&#039;automatisation industrielle en Toscane\" \/>\n<meta property=\"og:description\" content=\"Electron s&#039;occupe de machines pour manutention, \u00e9tiquetage, remplissage et bouchage de vins et produits alimentaires conditionn\u00e9s et d&#039;installations \u00e9lectriques civiles et industrielles, alarmes, domotique et vid\u00e9o-surveillance.\" \/>\n<meta property=\"og:url\" content=\"https:\/\/www.electronweb.it\/fr\/\" \/>\n<meta property=\"og:site_name\" content=\"Electron\" \/>\n<meta property=\"article:modified_time\" content=\"2020-11-02T09:29:26+00:00\" \/>\n<meta property=\"og:image\" content=\"http:\/\/www.electronweb.it\/wp-content\/uploads\/2020\/11\/MEC3-J-260x300.png\" \/>\n<meta name=\"twitter:card\" content=\"summary\" \/>\n<meta name=\"twitter:label1\" content=\"Dur\u00e9e de lecture estim\u00e9e\" \/>\n\t<meta name=\"twitter:data1\" content=\"1 minute\" \/>\n<script type=\"application\/ld+json\" class=\"yoast-schema-graph\">{\"@context\":\"https:\/\/schema.org\",\"@graph\":[{\"@type\":\"Organization\",\"@id\":\"https:\/\/www.electronweb.it\/fr\/#organization\",\"name\":\"Electron S.r.l.\",\"url\":\"https:\/\/www.electronweb.it\/fr\/\",\"sameAs\":[],\"logo\":{\"@type\":\"ImageObject\",\"inLanguage\":\"fr-FR\",\"@id\":\"https:\/\/www.electronweb.it\/fr\/#\/schema\/logo\/image\/\",\"url\":\"https:\/\/www.electronweb.it\/wp-content\/uploads\/2017\/08\/electron.png\",\"contentUrl\":\"https:\/\/www.electronweb.it\/wp-content\/uploads\/2017\/08\/electron.png\",\"width\":1211,\"height\":866,\"caption\":\"Electron S.r.l.\"},\"image\":{\"@id\":\"https:\/\/www.electronweb.it\/fr\/#\/schema\/logo\/image\/\"}},{\"@type\":\"WebSite\",\"@id\":\"https:\/\/www.electronweb.it\/fr\/#website\",\"url\":\"https:\/\/www.electronweb.it\/fr\/\",\"name\":\"Electron\",\"description\":\"Impianti elettrici e macchine per automazione industriale in Toscana\",\"publisher\":{\"@id\":\"https:\/\/www.electronweb.it\/fr\/#organization\"},\"potentialAction\":[{\"@type\":\"SearchAction\",\"target\":{\"@type\":\"EntryPoint\",\"urlTemplate\":\"https:\/\/www.electronweb.it\/fr\/?s={search_term_string}\"},\"query-input\":\"required name=search_term_string\"}],\"inLanguage\":\"fr-FR\"},{\"@type\":\"ImageObject\",\"inLanguage\":\"fr-FR\",\"@id\":\"https:\/\/www.electronweb.it\/fr\/#primaryimage\",\"url\":\"https:\/\/www.electronweb.it\/wp-content\/uploads\/2020\/11\/MEC3-J.png\",\"contentUrl\":\"https:\/\/www.electronweb.it\/wp-content\/uploads\/2020\/11\/MEC3-J.png\",\"width\":1156,\"height\":1336,\"caption\":\"etichettatura alimentare attaccare etichette riempire bottiglie etichettatrice riempitrice etichettatura riempimento imbottigliamento imbottigliare etichettare tappare bottiglie barattoli vino conserve impianto automatico tappatura controllo temperatura automatico industriale impianti elettrici cabine elettriche elettricista arezzo fotovoltaico pannelli solari\"},{\"@type\":\"WebPage\",\"@id\":\"https:\/\/www.electronweb.it\/fr\/#webpage\",\"url\":\"https:\/\/www.electronweb.it\/fr\/\",\"name\":\"Installations \u00e9lectriques et solutions d'automatisation industrielle en Toscane\",\"isPartOf\":{\"@id\":\"https:\/\/www.electronweb.it\/fr\/#website\"},\"primaryImageOfPage\":{\"@id\":\"https:\/\/www.electronweb.it\/fr\/#primaryimage\"},\"datePublished\":\"2017-06-05T08:48:00+00:00\",\"dateModified\":\"2020-11-02T09:29:26+00:00\",\"description\":\"Electron s'occupe de machines pour manutention, \u00e9tiquetage, remplissage et bouchage de vins et produits alimentaires conditionn\u00e9s et d'installations \u00e9lectriques civiles et industrielles, alarmes, domotique et vid\u00e9o-surveillance.\",\"breadcrumb\":{\"@id\":\"https:\/\/www.electronweb.it\/fr\/#breadcrumb\"},\"inLanguage\":\"fr-FR\",\"potentialAction\":[{\"@type\":\"ReadAction\",\"target\":[\"https:\/\/www.electronweb.it\/fr\/\"]}]},{\"@type\":\"BreadcrumbList\",\"@id\":\"https:\/\/www.electronweb.it\/fr\/#breadcrumb\",\"itemListElement\":[{\"@type\":\"ListItem\",\"position\":1,\"name\":\"Home\",\"item\":\"https:\/\/www.electronweb.it\/fr\/\"},{\"@type\":\"ListItem\",\"position\":2,\"name\":\"Home\"}]}]}<\/script>\n<!-- \/ Yoast SEO plugin. -->","yoast_head_json":{"title":"Installations \u00e9lectriques et solutions d'automatisation industrielle en Toscane","description":"Electron s'occupe de machines pour manutention, \u00e9tiquetage, remplissage et bouchage de vins et produits alimentaires conditionn\u00e9s et d'installations \u00e9lectriques civiles et industrielles, alarmes, domotique et vid\u00e9o-surveillance.","robots":{"index":"index","follow":"follow","max-snippet":"max-snippet:-1","max-image-preview":"max-image-preview:large","max-video-preview":"max-video-preview:-1"},"canonical":"https:\/\/www.electronweb.it\/fr\/","og_locale":"fr_FR","og_type":"article","og_title":"Installations \u00e9lectriques et solutions d'automatisation industrielle en Toscane","og_description":"Electron s'occupe de machines pour manutention, \u00e9tiquetage, remplissage et bouchage de vins et produits alimentaires conditionn\u00e9s et d'installations \u00e9lectriques civiles et industrielles, alarmes, domotique et vid\u00e9o-surveillance.","og_url":"https:\/\/www.electronweb.it\/fr\/","og_site_name":"Electron","article_modified_time":"2020-11-02T09:29:26+00:00","og_image":[{"url":"http:\/\/www.electronweb.it\/wp-content\/uploads\/2020\/11\/MEC3-J-260x300.png"}],"twitter_card":"summary","twitter_misc":{"Dur\u00e9e de lecture estim\u00e9e":"1 minute"},"schema":{"@context":"https:\/\/schema.org","@graph":[{"@type":"Organization","@id":"https:\/\/www.electronweb.it\/fr\/#organization","name":"Electron S.r.l.","url":"https:\/\/www.electronweb.it\/fr\/","sameAs":[],"logo":{"@type":"ImageObject","inLanguage":"fr-FR","@id":"https:\/\/www.electronweb.it\/fr\/#\/schema\/logo\/image\/","url":"https:\/\/www.electronweb.it\/wp-content\/uploads\/2017\/08\/electron.png","contentUrl":"https:\/\/www.electronweb.it\/wp-content\/uploads\/2017\/08\/electron.png","width":1211,"height":866,"caption":"Electron S.r.l."},"image":{"@id":"https:\/\/www.electronweb.it\/fr\/#\/schema\/logo\/image\/"}},{"@type":"WebSite","@id":"https:\/\/www.electronweb.it\/fr\/#website","url":"https:\/\/www.electronweb.it\/fr\/","name":"Electron","description":"Impianti elettrici e macchine per automazione industriale in Toscana","publisher":{"@id":"https:\/\/www.electronweb.it\/fr\/#organization"},"potentialAction":[{"@type":"SearchAction","target":{"@type":"EntryPoint","urlTemplate":"https:\/\/www.electronweb.it\/fr\/?s={search_term_string}"},"query-input":"required name=search_term_string"}],"inLanguage":"fr-FR"},{"@type":"ImageObject","inLanguage":"fr-FR","@id":"https:\/\/www.electronweb.it\/fr\/#primaryimage","url":"https:\/\/www.electronweb.it\/wp-content\/uploads\/2020\/11\/MEC3-J.png","contentUrl":"https:\/\/www.electronweb.it\/wp-content\/uploads\/2020\/11\/MEC3-J.png","width":1156,"height":1336,"caption":"etichettatura alimentare attaccare etichette riempire bottiglie etichettatrice riempitrice etichettatura riempimento imbottigliamento imbottigliare etichettare tappare bottiglie barattoli vino conserve impianto automatico tappatura controllo temperatura automatico industriale impianti elettrici cabine elettriche elettricista arezzo fotovoltaico pannelli solari"},{"@type":"WebPage","@id":"https:\/\/www.electronweb.it\/fr\/#webpage","url":"https:\/\/www.electronweb.it\/fr\/","name":"Installations \u00e9lectriques et solutions d'automatisation industrielle en Toscane","isPartOf":{"@id":"https:\/\/www.electronweb.it\/fr\/#website"},"primaryImageOfPage":{"@id":"https:\/\/www.electronweb.it\/fr\/#primaryimage"},"datePublished":"2017-06-05T08:48:00+00:00","dateModified":"2020-11-02T09:29:26+00:00","description":"Electron s'occupe de machines pour manutention, \u00e9tiquetage, remplissage et bouchage de vins et produits alimentaires conditionn\u00e9s et d'installations \u00e9lectriques civiles et industrielles, alarmes, domotique et vid\u00e9o-surveillance.","breadcrumb":{"@id":"https:\/\/www.electronweb.it\/fr\/#breadcrumb"},"inLanguage":"fr-FR","potentialAction":[{"@type":"ReadAction","target":["https:\/\/www.electronweb.it\/fr\/"]}]},{"@type":"BreadcrumbList","@id":"https:\/\/www.electronweb.it\/fr\/#breadcrumb","itemListElement":[{"@type":"ListItem","position":1,"name":"Home","item":"https:\/\/www.electronweb.it\/fr\/"},{"@type":"ListItem","position":2,"name":"Home"}]}]}},"_links":{"self":[{"href":"https:\/\/www.electronweb.it\/fr\/wp-json\/wp\/v2\/pages\/387"}],"collection":[{"href":"https:\/\/www.electronweb.it\/fr\/wp-json\/wp\/v2\/pages"}],"about":[{"href":"https:\/\/www.electronweb.it\/fr\/wp-json\/wp\/v2\/types\/page"}],"author":[{"embeddable":true,"href":"https:\/\/www.electronweb.it\/fr\/wp-json\/wp\/v2\/users\/1"}],"replies":[{"embeddable":true,"href":"https:\/\/www.electronweb.it\/fr\/wp-json\/wp\/v2\/comments?post=387"}],"version-history":[{"count":7,"href":"https:\/\/www.electronweb.it\/fr\/wp-json\/wp\/v2\/pages\/387\/revisions"}],"predecessor-version":[{"id":627,"href":"https:\/\/www.electronweb.it\/fr\/wp-json\/wp\/v2\/pages\/387\/revisions\/627"}],"wp:attachment":[{"href":"https:\/\/www.electronweb.it\/fr\/wp-json\/wp\/v2\/media?parent=387"}],"curies":[{"name":"wp","href":"https:\/\/api.w.org\/{rel}","templated":true}]}}