{"id":383,"date":"2017-06-24T11:32:50","date_gmt":"2017-06-24T09:32:50","guid":{"rendered":"http:\/\/www.electronweb.it\/etichettatura\/"},"modified":"2021-10-22T16:42:30","modified_gmt":"2021-10-22T14:42:30","slug":"etiquetage","status":"publish","type":"page","link":"https:\/\/www.electronweb.it\/fr\/etiquetage\/","title":{"rendered":"\u00c9tiquetage"},"content":{"rendered":"<p><a href=\"http:\/\/www.electronweb.it\/wp-content\/uploads\/2017\/06\/etichettatura-01-300x169.jpg\"><img loading=\"lazy\" class=\"alignleft wp-image-384\" src=\"http:\/\/www.electronweb.it\/wp-content\/uploads\/2017\/06\/etichettatura-01-300x169.jpg\" alt=\"\u00c9tiqueteuses et capsuleuses automatiques pour vins et produits conditionn\u00e9s\" width=\"370\" height=\"208\" srcset=\"https:\/\/www.electronweb.it\/wp-content\/uploads\/2017\/06\/etichettatura-01-300x169.jpg 300w, https:\/\/www.electronweb.it\/wp-content\/uploads\/2017\/06\/etichettatura-01-768x432.jpg 768w, https:\/\/www.electronweb.it\/wp-content\/uploads\/2017\/06\/etichettatura-01-1024x576.jpg 1024w, https:\/\/www.electronweb.it\/wp-content\/uploads\/2017\/06\/etichettatura-01.jpg 1920w\" sizes=\"(max-width: 370px) 100vw, 370px\"><\/a><\/p>\n<h1>DIVISION <span style=\"color: #007632;\">M\u00c9CANIQUE<\/span><\/h1>\n<h2><em>Nos \u00e9tiqueteuses<\/em><\/h2>\n<p>\u00a0<\/p>\n<p>Electron s\u2019occupe de la conception, de l\u2019implantation, de la vente et de l\u2019entretien de machines \u00e9tiqueteuses automatiques pour l\u2019application d\u2019\u00e9tiquettes autoadh\u00e9sives sur plusieurs types de produits conditionn\u00e9s. <strong>Compactes et modulaires<\/strong>, elles sont r\u00e9alis\u00e9es avec des mat\u00e9riaux de haute qualit\u00e9 et \u00e9quip\u00e9es d\u2019\u00e9lectronique de derni\u00e8re g\u00e9n\u00e9ration et interface tactile de gestion qui rendent leur <strong>utilisation tr\u00e8s facile et intuitive<\/strong>.<\/p>\n<p>Chaque machine pour l\u2019\u00e9tiquetage et le capsulage a \u00e9t\u00e9 con\u00e7ue pour \u00eatre <strong>adapt\u00e9e facilement aux applications les plus diverses<\/strong> tout simplement en ajoutant d\u2019accessoires et des fonctions optionnelles. Notre bureau technique est toujours \u00e0 votre disposition pour trouver \u00e0 chaque fois des solutions personnalis\u00e9es selon les diff\u00e9rentes n\u00e9cessit\u00e9s.<\/p>\n","protected":false},"excerpt":{"rendered":"<p>DIVISION M\u00c9CANIQUE Nos \u00e9tiqueteuses \u00a0 Electron s\u2019occupe de la conception, de l\u2019implantation, de la vente et de l\u2019entretien de machines \u00e9tiqueteuses automatiques pour l\u2019application d\u2019\u00e9tiquettes autoadh\u00e9sives sur plusieurs types de produits conditionn\u00e9s. Compactes et modulaires, elles sont r\u00e9alis\u00e9es avec des mat\u00e9riaux de haute qualit\u00e9 et \u00e9quip\u00e9es d\u2019\u00e9lectronique de derni\u00e8re g\u00e9n\u00e9ration et interface tactile de gestion [&hellip;]<\/p>\n","protected":false},"author":3,"featured_media":432,"parent":0,"menu_order":0,"comment_status":"closed","ping_status":"closed","template":"","meta":[],"yoast_head":"<!-- This site is optimized with the Yoast SEO plugin v18.9 - https:\/\/yoast.com\/wordpress\/plugins\/seo\/ -->\n<title>\u00c9tiqueteuses et capsuleuses automatiques pour vins et produits conditionn\u00e9s<\/title>\n<meta name=\"description\" content=\"Vente, conception, implantation et entretien de t\u00eates d&#039;\u00e9tiquetage et capsuleuses modulaires et compactes et de monoblocs automatiques pour l&#039;application d&#039;\u00e9tiquettes et capsules sur contenants et bouteilles avec \u00e9cran de contr\u00f4le tactile.\" \/>\n<meta name=\"robots\" content=\"index, follow, max-snippet:-1, max-image-preview:large, max-video-preview:-1\" \/>\n<link rel=\"canonical\" href=\"https:\/\/www.electronweb.it\/fr\/etiquetage\/\" \/>\n<meta property=\"og:locale\" content=\"fr_FR\" \/>\n<meta property=\"og:type\" content=\"article\" \/>\n<meta property=\"og:title\" content=\"\u00c9tiqueteuses et capsuleuses automatiques pour vins et produits conditionn\u00e9s\" \/>\n<meta property=\"og:description\" content=\"Vente, conception, implantation et entretien de t\u00eates d&#039;\u00e9tiquetage et capsuleuses modulaires et compactes et de monoblocs automatiques pour l&#039;application d&#039;\u00e9tiquettes et capsules sur contenants et bouteilles avec \u00e9cran de contr\u00f4le tactile.\" \/>\n<meta property=\"og:url\" content=\"https:\/\/www.electronweb.it\/fr\/etiquetage\/\" \/>\n<meta property=\"og:site_name\" content=\"Electron\" \/>\n<meta property=\"article:modified_time\" content=\"2021-10-22T14:42:30+00:00\" \/>\n<meta property=\"og:image\" content=\"https:\/\/www.electronweb.it\/wp-content\/uploads\/2017\/06\/etichettatura-02-wide.jpg\" \/>\n\t<meta property=\"og:image:width\" content=\"1920\" \/>\n\t<meta property=\"og:image:height\" content=\"720\" \/>\n\t<meta property=\"og:image:type\" content=\"image\/jpeg\" \/>\n<meta name=\"twitter:card\" content=\"summary\" \/>\n<meta name=\"twitter:label1\" content=\"Dur\u00e9e de lecture estim\u00e9e\" \/>\n\t<meta name=\"twitter:data1\" content=\"1 minute\" \/>\n<script type=\"application\/ld+json\" class=\"yoast-schema-graph\">{\"@context\":\"https:\/\/schema.org\",\"@graph\":[{\"@type\":\"Organization\",\"@id\":\"https:\/\/www.electronweb.it\/fr\/#organization\",\"name\":\"Electron S.r.l.\",\"url\":\"https:\/\/www.electronweb.it\/fr\/\",\"sameAs\":[],\"logo\":{\"@type\":\"ImageObject\",\"inLanguage\":\"fr-FR\",\"@id\":\"https:\/\/www.electronweb.it\/fr\/#\/schema\/logo\/image\/\",\"url\":\"https:\/\/www.electronweb.it\/wp-content\/uploads\/2017\/08\/electron.png\",\"contentUrl\":\"https:\/\/www.electronweb.it\/wp-content\/uploads\/2017\/08\/electron.png\",\"width\":1211,\"height\":866,\"caption\":\"Electron S.r.l.\"},\"image\":{\"@id\":\"https:\/\/www.electronweb.it\/fr\/#\/schema\/logo\/image\/\"}},{\"@type\":\"WebSite\",\"@id\":\"https:\/\/www.electronweb.it\/fr\/#website\",\"url\":\"https:\/\/www.electronweb.it\/fr\/\",\"name\":\"Electron\",\"description\":\"Impianti elettrici e macchine per automazione industriale in Toscana\",\"publisher\":{\"@id\":\"https:\/\/www.electronweb.it\/fr\/#organization\"},\"potentialAction\":[{\"@type\":\"SearchAction\",\"target\":{\"@type\":\"EntryPoint\",\"urlTemplate\":\"https:\/\/www.electronweb.it\/fr\/?s={search_term_string}\"},\"query-input\":\"required name=search_term_string\"}],\"inLanguage\":\"fr-FR\"},{\"@type\":\"ImageObject\",\"inLanguage\":\"fr-FR\",\"@id\":\"https:\/\/www.electronweb.it\/fr\/etiquetage\/#primaryimage\",\"url\":\"https:\/\/www.electronweb.it\/wp-content\/uploads\/2017\/06\/etichettatura-02-wide.jpg\",\"contentUrl\":\"https:\/\/www.electronweb.it\/wp-content\/uploads\/2017\/06\/etichettatura-02-wide.jpg\",\"width\":1920,\"height\":720,\"caption\":\"etichettatura alimentare attaccare etichette riempire bottiglie etichettatrice riempitrice etichettatura riempimento imbottigliamento imbottigliare etichettare tappare bottiglie barattoli vino conserve impianto automatico tappatura controllo temperatura automatico industriale impianti elettrici cabine elettriche elettricista arezzo fotovoltaico pannelli solari\"},{\"@type\":\"WebPage\",\"@id\":\"https:\/\/www.electronweb.it\/fr\/etiquetage\/#webpage\",\"url\":\"https:\/\/www.electronweb.it\/fr\/etiquetage\/\",\"name\":\"\u00c9tiqueteuses et capsuleuses automatiques pour vins et produits conditionn\u00e9s\",\"isPartOf\":{\"@id\":\"https:\/\/www.electronweb.it\/fr\/#website\"},\"primaryImageOfPage\":{\"@id\":\"https:\/\/www.electronweb.it\/fr\/etiquetage\/#primaryimage\"},\"datePublished\":\"2017-06-24T09:32:50+00:00\",\"dateModified\":\"2021-10-22T14:42:30+00:00\",\"description\":\"Vente, conception, implantation et entretien de t\u00eates d'\u00e9tiquetage et capsuleuses modulaires et compactes et de monoblocs automatiques pour l'application d'\u00e9tiquettes et capsules sur contenants et bouteilles avec \u00e9cran de contr\u00f4le tactile.\",\"breadcrumb\":{\"@id\":\"https:\/\/www.electronweb.it\/fr\/etiquetage\/#breadcrumb\"},\"inLanguage\":\"fr-FR\",\"potentialAction\":[{\"@type\":\"ReadAction\",\"target\":[\"https:\/\/www.electronweb.it\/fr\/etiquetage\/\"]}]},{\"@type\":\"BreadcrumbList\",\"@id\":\"https:\/\/www.electronweb.it\/fr\/etiquetage\/#breadcrumb\",\"itemListElement\":[{\"@type\":\"ListItem\",\"position\":1,\"name\":\"Home\",\"item\":\"https:\/\/www.electronweb.it\/fr\/\"},{\"@type\":\"ListItem\",\"position\":2,\"name\":\"\u00c9tiquetage\"}]}]}<\/script>\n<!-- \/ Yoast SEO plugin. -->","yoast_head_json":{"title":"\u00c9tiqueteuses et capsuleuses automatiques pour vins et produits conditionn\u00e9s","description":"Vente, conception, implantation et entretien de t\u00eates d'\u00e9tiquetage et capsuleuses modulaires et compactes et de monoblocs automatiques pour l'application d'\u00e9tiquettes et capsules sur contenants et bouteilles avec \u00e9cran de contr\u00f4le tactile.","robots":{"index":"index","follow":"follow","max-snippet":"max-snippet:-1","max-image-preview":"max-image-preview:large","max-video-preview":"max-video-preview:-1"},"canonical":"https:\/\/www.electronweb.it\/fr\/etiquetage\/","og_locale":"fr_FR","og_type":"article","og_title":"\u00c9tiqueteuses et capsuleuses automatiques pour vins et produits conditionn\u00e9s","og_description":"Vente, conception, implantation et entretien de t\u00eates d'\u00e9tiquetage et capsuleuses modulaires et compactes et de monoblocs automatiques pour l'application d'\u00e9tiquettes et capsules sur contenants et bouteilles avec \u00e9cran de contr\u00f4le tactile.","og_url":"https:\/\/www.electronweb.it\/fr\/etiquetage\/","og_site_name":"Electron","article_modified_time":"2021-10-22T14:42:30+00:00","og_image":[{"width":1920,"height":720,"url":"https:\/\/www.electronweb.it\/wp-content\/uploads\/2017\/06\/etichettatura-02-wide.jpg","type":"image\/jpeg"}],"twitter_card":"summary","twitter_misc":{"Dur\u00e9e de lecture estim\u00e9e":"1 minute"},"schema":{"@context":"https:\/\/schema.org","@graph":[{"@type":"Organization","@id":"https:\/\/www.electronweb.it\/fr\/#organization","name":"Electron S.r.l.","url":"https:\/\/www.electronweb.it\/fr\/","sameAs":[],"logo":{"@type":"ImageObject","inLanguage":"fr-FR","@id":"https:\/\/www.electronweb.it\/fr\/#\/schema\/logo\/image\/","url":"https:\/\/www.electronweb.it\/wp-content\/uploads\/2017\/08\/electron.png","contentUrl":"https:\/\/www.electronweb.it\/wp-content\/uploads\/2017\/08\/electron.png","width":1211,"height":866,"caption":"Electron S.r.l."},"image":{"@id":"https:\/\/www.electronweb.it\/fr\/#\/schema\/logo\/image\/"}},{"@type":"WebSite","@id":"https:\/\/www.electronweb.it\/fr\/#website","url":"https:\/\/www.electronweb.it\/fr\/","name":"Electron","description":"Impianti elettrici e macchine per automazione industriale in Toscana","publisher":{"@id":"https:\/\/www.electronweb.it\/fr\/#organization"},"potentialAction":[{"@type":"SearchAction","target":{"@type":"EntryPoint","urlTemplate":"https:\/\/www.electronweb.it\/fr\/?s={search_term_string}"},"query-input":"required name=search_term_string"}],"inLanguage":"fr-FR"},{"@type":"ImageObject","inLanguage":"fr-FR","@id":"https:\/\/www.electronweb.it\/fr\/etiquetage\/#primaryimage","url":"https:\/\/www.electronweb.it\/wp-content\/uploads\/2017\/06\/etichettatura-02-wide.jpg","contentUrl":"https:\/\/www.electronweb.it\/wp-content\/uploads\/2017\/06\/etichettatura-02-wide.jpg","width":1920,"height":720,"caption":"etichettatura alimentare attaccare etichette riempire bottiglie etichettatrice riempitrice etichettatura riempimento imbottigliamento imbottigliare etichettare tappare bottiglie barattoli vino conserve impianto automatico tappatura controllo temperatura automatico industriale impianti elettrici cabine elettriche elettricista arezzo fotovoltaico pannelli solari"},{"@type":"WebPage","@id":"https:\/\/www.electronweb.it\/fr\/etiquetage\/#webpage","url":"https:\/\/www.electronweb.it\/fr\/etiquetage\/","name":"\u00c9tiqueteuses et capsuleuses automatiques pour vins et produits conditionn\u00e9s","isPartOf":{"@id":"https:\/\/www.electronweb.it\/fr\/#website"},"primaryImageOfPage":{"@id":"https:\/\/www.electronweb.it\/fr\/etiquetage\/#primaryimage"},"datePublished":"2017-06-24T09:32:50+00:00","dateModified":"2021-10-22T14:42:30+00:00","description":"Vente, conception, implantation et entretien de t\u00eates d'\u00e9tiquetage et capsuleuses modulaires et compactes et de monoblocs automatiques pour l'application d'\u00e9tiquettes et capsules sur contenants et bouteilles avec \u00e9cran de contr\u00f4le tactile.","breadcrumb":{"@id":"https:\/\/www.electronweb.it\/fr\/etiquetage\/#breadcrumb"},"inLanguage":"fr-FR","potentialAction":[{"@type":"ReadAction","target":["https:\/\/www.electronweb.it\/fr\/etiquetage\/"]}]},{"@type":"BreadcrumbList","@id":"https:\/\/www.electronweb.it\/fr\/etiquetage\/#breadcrumb","itemListElement":[{"@type":"ListItem","position":1,"name":"Home","item":"https:\/\/www.electronweb.it\/fr\/"},{"@type":"ListItem","position":2,"name":"\u00c9tiquetage"}]}]}},"_links":{"self":[{"href":"https:\/\/www.electronweb.it\/fr\/wp-json\/wp\/v2\/pages\/383"}],"collection":[{"href":"https:\/\/www.electronweb.it\/fr\/wp-json\/wp\/v2\/pages"}],"about":[{"href":"https:\/\/www.electronweb.it\/fr\/wp-json\/wp\/v2\/types\/page"}],"author":[{"embeddable":true,"href":"https:\/\/www.electronweb.it\/fr\/wp-json\/wp\/v2\/users\/3"}],"replies":[{"embeddable":true,"href":"https:\/\/www.electronweb.it\/fr\/wp-json\/wp\/v2\/comments?post=383"}],"version-history":[{"count":10,"href":"https:\/\/www.electronweb.it\/fr\/wp-json\/wp\/v2\/pages\/383\/revisions"}],"predecessor-version":[{"id":702,"href":"https:\/\/www.electronweb.it\/fr\/wp-json\/wp\/v2\/pages\/383\/revisions\/702"}],"wp:featuredmedia":[{"embeddable":true,"href":"https:\/\/www.electronweb.it\/fr\/wp-json\/wp\/v2\/media\/432"}],"wp:attachment":[{"href":"https:\/\/www.electronweb.it\/fr\/wp-json\/wp\/v2\/media?parent=383"}],"curies":[{"name":"wp","href":"https:\/\/api.w.org\/{rel}","templated":true}]}}