{"id":379,"date":"2017-07-07T10:54:59","date_gmt":"2017-07-07T08:54:59","guid":{"rendered":"http:\/\/www.electronweb.it\/enologia-vinificazione\/"},"modified":"2017-08-01T11:17:09","modified_gmt":"2017-08-01T09:17:09","slug":"oenologie","status":"publish","type":"page","link":"https:\/\/www.electronweb.it\/fr\/oenologie\/","title":{"rendered":"\u0152nologie"},"content":{"rendered":"<p><a href=\"http:\/\/www.electronweb.it\/wp-content\/uploads\/2017\/07\/enologia-01.jpg\"><img loading=\"lazy\" decoding=\"async\" class=\"alignleft wp-image-380\" src=\"http:\/\/www.electronweb.it\/wp-content\/uploads\/2017\/07\/enologia-01-300x169.jpg\" alt=\"Installations de r\u00e9glage des temp\u00e9ratures et remontages pour la vinification\" width=\"370\" height=\"208\" srcset=\"https:\/\/www.electronweb.it\/wp-content\/uploads\/2017\/07\/enologia-01-300x169.jpg 300w, https:\/\/www.electronweb.it\/wp-content\/uploads\/2017\/07\/enologia-01-768x432.jpg 768w, https:\/\/www.electronweb.it\/wp-content\/uploads\/2017\/07\/enologia-01-1024x576.jpg 1024w, https:\/\/www.electronweb.it\/wp-content\/uploads\/2017\/07\/enologia-01.jpg 1920w\" sizes=\"auto, (max-width: 370px) 100vw, 370px\" \/><\/a><\/p>\n<h1>ELECTRON AU SERVICE DES\u00a0<span style=\"color: #007632;\">EXPLOITATIONS VITICOLES<\/span><\/h1>\n<h2><em>Installations et machines pour la production de vins<\/em><\/h2>\n<p>\u00a0<\/p>\n<p>Electron s.r.l. a son si\u00e8ge en Toscane, une r\u00e9gion c\u00e9l\u00e8bre pour la production de vin. C\u2019est pour cela que nous sommes entr\u00e9s en contact plusieurs fois avec les vignobles locales, pour collaborer \u00e0 diff\u00e9rents niveaux \u00e0 partir des installations \u00e9lectriques et technologiques jusqu\u2019\u00e0 la fourniture de tableaux \u00e9lectriques de r\u00e9glage et gestion des temp\u00e9ratures et des remontages pendant le <strong>proc\u00e8s de vinification<\/strong>.<\/p>\n<p>La surveillance des temp\u00e9ratures joue un r\u00f4le tr\u00e8s important parce qu\u2019elle affecte la plupart des proc\u00e8s chimiques ayant lieu lors de la transformation du raisin en vin. Un contr\u00f4le soign\u00e9 et constant des temp\u00e9ratures est donc une condition n\u00e9cessaire pour obtenir un produit de qualit\u00e9.<\/p>\n<p><a href=\"http:\/\/www.electronweb.it\/wp-content\/uploads\/2017\/07\/enologia-02.jpg\"><img loading=\"lazy\" decoding=\"async\" class=\"alignright wp-image-508\" src=\"http:\/\/www.electronweb.it\/wp-content\/uploads\/2017\/07\/enologia-02-300x169.jpg\" alt=\"Installations de r\u00e9glage des temp\u00e9ratures et remontages pour la vinification\" width=\"370\" height=\"208\" srcset=\"https:\/\/www.electronweb.it\/wp-content\/uploads\/2017\/07\/enologia-02-300x169.jpg 300w, https:\/\/www.electronweb.it\/wp-content\/uploads\/2017\/07\/enologia-02-768x432.jpg 768w, https:\/\/www.electronweb.it\/wp-content\/uploads\/2017\/07\/enologia-02-1024x576.jpg 1024w, https:\/\/www.electronweb.it\/wp-content\/uploads\/2017\/07\/enologia-02.jpg 1920w\" sizes=\"auto, (max-width: 370px) 100vw, 370px\" \/><\/a><br>\nNos tableaux de commande pour la gestion automatis\u00e9e des <strong>temp\u00e9ratures<\/strong> et du <strong>remontage<\/strong> permettent un contr\u00f4le centralis\u00e9 et constant 24 heures sur 24, pr\u00e9cis et efficace, \u00e0 travers un thermor\u00e9gulateur ou un API avec interface tactile pour des syst\u00e8mes complexes.<\/p>\n<p>En outre, gr\u00e2ce \u00e0 nos machines <a href=\"http:\/\/www.electronweb.it\/fr\/remplissage\/\">remplisseuses<\/a> et <a href=\"http:\/\/www.electronweb.it\/fr\/etiquetage\/\">\u00e9tiqueteuses automatiques<\/a>, nous arrivons \u00e0 fournir des services de conseil, installation et assistance pour toute phase de production du vin jusqu\u2019au conditionnement du produit fini.<\/p>\n<div style=\"clear: both;\"><\/div>\n<h1>FICHES\u00a0<span style=\"color: #007632;\">TECHNIQUES<\/span><\/h1>\n<h2><em>T\u00e9l\u00e9chargez les documents PDF en pi\u00e8ce-jointe<\/em><\/h2>\n<p>\n    <a class=\"content-attachment large-6 columns\" type=\"application\/pdf\" href=\"http:\/\/www.electronweb.it\/wp-content\/uploads\/2017\/07\/regolazione-temperature.pdf\" target=\"_blank\">\n\t\t<span class=\"content-attachment-text\">\n            <i class=\"content-attachment-icon\"><\/i>Surveillance et gestion automatique des temp\u00e9ratures\n\t\t<\/span>\n\t\t<button>DOWNLOAD <i class=\"fa fa-angle-down\"><\/i><\/button>\n\t<\/a><\/p>\n","protected":false},"excerpt":{"rendered":"<p>ELECTRON AU SERVICE DES\u00a0EXPLOITATIONS VITICOLES Installations et machines pour la production de vins \u00a0 Electron s.r.l. a son si\u00e8ge en Toscane, une r\u00e9gion c\u00e9l\u00e8bre pour la production de vin. C\u2019est pour cela que nous sommes entr\u00e9s en contact plusieurs fois avec les vignobles locales, pour collaborer \u00e0 diff\u00e9rents niveaux \u00e0 partir des installations \u00e9lectriques et [&hellip;]<\/p>\n","protected":false},"author":3,"featured_media":381,"parent":0,"menu_order":0,"comment_status":"closed","ping_status":"closed","template":"","meta":{"footnotes":""},"class_list":["post-379","page","type-page","status-publish","has-post-thumbnail","hentry"],"yoast_head":"<!-- This site is optimized with the Yoast SEO plugin v27.5 - https:\/\/yoast.com\/product\/yoast-seo-wordpress\/ -->\n<title>Installations de r\u00e9glage des temp\u00e9ratures et remontages pour la vinification<\/title>\n<meta name=\"description\" content=\"R\u00e9alisation et assistance technique d&#039;installations \u00e9lectriques et technologiques pour exploitations viticoles, tableaux de commande pour r\u00e9glage et surveillance constante des temp\u00e9ratures et pour remontages pour la production et le conditionnement de vins.\" \/>\n<meta name=\"robots\" content=\"index, follow, max-snippet:-1, max-image-preview:large, max-video-preview:-1\" \/>\n<link rel=\"canonical\" href=\"https:\/\/www.electronweb.it\/fr\/oenologie\/\" \/>\n<meta property=\"og:locale\" content=\"fr_FR\" \/>\n<meta property=\"og:type\" content=\"article\" \/>\n<meta property=\"og:title\" content=\"Installations de r\u00e9glage des temp\u00e9ratures et remontages pour la vinification\" \/>\n<meta property=\"og:description\" content=\"R\u00e9alisation et assistance technique d&#039;installations \u00e9lectriques et technologiques pour exploitations viticoles, tableaux de commande pour r\u00e9glage et surveillance constante des temp\u00e9ratures et pour remontages pour la production et le conditionnement de vins.\" \/>\n<meta property=\"og:url\" content=\"https:\/\/www.electronweb.it\/fr\/oenologie\/\" \/>\n<meta property=\"og:site_name\" content=\"Electron\" \/>\n<meta property=\"article:modified_time\" content=\"2017-08-01T09:17:09+00:00\" \/>\n<meta property=\"og:image\" content=\"https:\/\/www.electronweb.it\/wp-content\/uploads\/2017\/07\/enologia-header.jpg\" \/>\n\t<meta property=\"og:image:width\" content=\"1920\" \/>\n\t<meta property=\"og:image:height\" content=\"720\" \/>\n\t<meta property=\"og:image:type\" content=\"image\/jpeg\" \/>\n<meta name=\"twitter:card\" content=\"summary_large_image\" \/>\n<meta name=\"twitter:label1\" content=\"Dur\u00e9e de lecture estim\u00e9e\" \/>\n\t<meta name=\"twitter:data1\" content=\"1 minute\" \/>\n<script type=\"application\/ld+json\" class=\"yoast-schema-graph\">{\"@context\":\"https:\\\/\\\/schema.org\",\"@graph\":[{\"@type\":\"WebPage\",\"@id\":\"https:\\\/\\\/www.electronweb.it\\\/fr\\\/oenologie\\\/\",\"url\":\"https:\\\/\\\/www.electronweb.it\\\/fr\\\/oenologie\\\/\",\"name\":\"Installations de r\u00e9glage des temp\u00e9ratures et remontages pour la vinification\",\"isPartOf\":{\"@id\":\"https:\\\/\\\/www.electronweb.it\\\/fr\\\/#website\"},\"primaryImageOfPage\":{\"@id\":\"https:\\\/\\\/www.electronweb.it\\\/fr\\\/oenologie\\\/#primaryimage\"},\"image\":{\"@id\":\"https:\\\/\\\/www.electronweb.it\\\/fr\\\/oenologie\\\/#primaryimage\"},\"thumbnailUrl\":\"https:\\\/\\\/www.electronweb.it\\\/wp-content\\\/uploads\\\/2017\\\/07\\\/enologia-header.jpg\",\"datePublished\":\"2017-07-07T08:54:59+00:00\",\"dateModified\":\"2017-08-01T09:17:09+00:00\",\"description\":\"R\u00e9alisation et assistance technique d'installations \u00e9lectriques et technologiques pour exploitations viticoles, tableaux de commande pour r\u00e9glage et surveillance constante des temp\u00e9ratures et pour remontages pour la production et le conditionnement de vins.\",\"breadcrumb\":{\"@id\":\"https:\\\/\\\/www.electronweb.it\\\/fr\\\/oenologie\\\/#breadcrumb\"},\"inLanguage\":\"fr-FR\",\"potentialAction\":[{\"@type\":\"ReadAction\",\"target\":[\"https:\\\/\\\/www.electronweb.it\\\/fr\\\/oenologie\\\/\"]}]},{\"@type\":\"ImageObject\",\"inLanguage\":\"fr-FR\",\"@id\":\"https:\\\/\\\/www.electronweb.it\\\/fr\\\/oenologie\\\/#primaryimage\",\"url\":\"https:\\\/\\\/www.electronweb.it\\\/wp-content\\\/uploads\\\/2017\\\/07\\\/enologia-header.jpg\",\"contentUrl\":\"https:\\\/\\\/www.electronweb.it\\\/wp-content\\\/uploads\\\/2017\\\/07\\\/enologia-header.jpg\",\"width\":1920,\"height\":720},{\"@type\":\"BreadcrumbList\",\"@id\":\"https:\\\/\\\/www.electronweb.it\\\/fr\\\/oenologie\\\/#breadcrumb\",\"itemListElement\":[{\"@type\":\"ListItem\",\"position\":1,\"name\":\"Home\",\"item\":\"https:\\\/\\\/www.electronweb.it\\\/fr\\\/\"},{\"@type\":\"ListItem\",\"position\":2,\"name\":\"\u0152nologie\"}]},{\"@type\":\"WebSite\",\"@id\":\"https:\\\/\\\/www.electronweb.it\\\/fr\\\/#website\",\"url\":\"https:\\\/\\\/www.electronweb.it\\\/fr\\\/\",\"name\":\"Electron\",\"description\":\"Impianti elettrici e macchine per automazione industriale in Toscana\",\"publisher\":{\"@id\":\"https:\\\/\\\/www.electronweb.it\\\/fr\\\/#organization\"},\"potentialAction\":[{\"@type\":\"SearchAction\",\"target\":{\"@type\":\"EntryPoint\",\"urlTemplate\":\"https:\\\/\\\/www.electronweb.it\\\/fr\\\/?s={search_term_string}\"},\"query-input\":{\"@type\":\"PropertyValueSpecification\",\"valueRequired\":true,\"valueName\":\"search_term_string\"}}],\"inLanguage\":\"fr-FR\"},{\"@type\":\"Organization\",\"@id\":\"https:\\\/\\\/www.electronweb.it\\\/fr\\\/#organization\",\"name\":\"Electron S.r.l.\",\"url\":\"https:\\\/\\\/www.electronweb.it\\\/fr\\\/\",\"logo\":{\"@type\":\"ImageObject\",\"inLanguage\":\"fr-FR\",\"@id\":\"https:\\\/\\\/www.electronweb.it\\\/fr\\\/#\\\/schema\\\/logo\\\/image\\\/\",\"url\":\"https:\\\/\\\/www.electronweb.it\\\/wp-content\\\/uploads\\\/2017\\\/08\\\/electron.png\",\"contentUrl\":\"https:\\\/\\\/www.electronweb.it\\\/wp-content\\\/uploads\\\/2017\\\/08\\\/electron.png\",\"width\":1211,\"height\":866,\"caption\":\"Electron S.r.l.\"},\"image\":{\"@id\":\"https:\\\/\\\/www.electronweb.it\\\/fr\\\/#\\\/schema\\\/logo\\\/image\\\/\"}}]}<\/script>\n<!-- \/ Yoast SEO plugin. -->","yoast_head_json":{"title":"Installations de r\u00e9glage des temp\u00e9ratures et remontages pour la vinification","description":"R\u00e9alisation et assistance technique d'installations \u00e9lectriques et technologiques pour exploitations viticoles, tableaux de commande pour r\u00e9glage et surveillance constante des temp\u00e9ratures et pour remontages pour la production et le conditionnement de vins.","robots":{"index":"index","follow":"follow","max-snippet":"max-snippet:-1","max-image-preview":"max-image-preview:large","max-video-preview":"max-video-preview:-1"},"canonical":"https:\/\/www.electronweb.it\/fr\/oenologie\/","og_locale":"fr_FR","og_type":"article","og_title":"Installations de r\u00e9glage des temp\u00e9ratures et remontages pour la vinification","og_description":"R\u00e9alisation et assistance technique d'installations \u00e9lectriques et technologiques pour exploitations viticoles, tableaux de commande pour r\u00e9glage et surveillance constante des temp\u00e9ratures et pour remontages pour la production et le conditionnement de vins.","og_url":"https:\/\/www.electronweb.it\/fr\/oenologie\/","og_site_name":"Electron","article_modified_time":"2017-08-01T09:17:09+00:00","og_image":[{"width":1920,"height":720,"url":"https:\/\/www.electronweb.it\/wp-content\/uploads\/2017\/07\/enologia-header.jpg","type":"image\/jpeg"}],"twitter_card":"summary_large_image","twitter_misc":{"Dur\u00e9e de lecture estim\u00e9e":"1 minute"},"schema":{"@context":"https:\/\/schema.org","@graph":[{"@type":"WebPage","@id":"https:\/\/www.electronweb.it\/fr\/oenologie\/","url":"https:\/\/www.electronweb.it\/fr\/oenologie\/","name":"Installations de r\u00e9glage des temp\u00e9ratures et remontages pour la vinification","isPartOf":{"@id":"https:\/\/www.electronweb.it\/fr\/#website"},"primaryImageOfPage":{"@id":"https:\/\/www.electronweb.it\/fr\/oenologie\/#primaryimage"},"image":{"@id":"https:\/\/www.electronweb.it\/fr\/oenologie\/#primaryimage"},"thumbnailUrl":"https:\/\/www.electronweb.it\/wp-content\/uploads\/2017\/07\/enologia-header.jpg","datePublished":"2017-07-07T08:54:59+00:00","dateModified":"2017-08-01T09:17:09+00:00","description":"R\u00e9alisation et assistance technique d'installations \u00e9lectriques et technologiques pour exploitations viticoles, tableaux de commande pour r\u00e9glage et surveillance constante des temp\u00e9ratures et pour remontages pour la production et le conditionnement de vins.","breadcrumb":{"@id":"https:\/\/www.electronweb.it\/fr\/oenologie\/#breadcrumb"},"inLanguage":"fr-FR","potentialAction":[{"@type":"ReadAction","target":["https:\/\/www.electronweb.it\/fr\/oenologie\/"]}]},{"@type":"ImageObject","inLanguage":"fr-FR","@id":"https:\/\/www.electronweb.it\/fr\/oenologie\/#primaryimage","url":"https:\/\/www.electronweb.it\/wp-content\/uploads\/2017\/07\/enologia-header.jpg","contentUrl":"https:\/\/www.electronweb.it\/wp-content\/uploads\/2017\/07\/enologia-header.jpg","width":1920,"height":720},{"@type":"BreadcrumbList","@id":"https:\/\/www.electronweb.it\/fr\/oenologie\/#breadcrumb","itemListElement":[{"@type":"ListItem","position":1,"name":"Home","item":"https:\/\/www.electronweb.it\/fr\/"},{"@type":"ListItem","position":2,"name":"\u0152nologie"}]},{"@type":"WebSite","@id":"https:\/\/www.electronweb.it\/fr\/#website","url":"https:\/\/www.electronweb.it\/fr\/","name":"Electron","description":"Impianti elettrici e macchine per automazione industriale in Toscana","publisher":{"@id":"https:\/\/www.electronweb.it\/fr\/#organization"},"potentialAction":[{"@type":"SearchAction","target":{"@type":"EntryPoint","urlTemplate":"https:\/\/www.electronweb.it\/fr\/?s={search_term_string}"},"query-input":{"@type":"PropertyValueSpecification","valueRequired":true,"valueName":"search_term_string"}}],"inLanguage":"fr-FR"},{"@type":"Organization","@id":"https:\/\/www.electronweb.it\/fr\/#organization","name":"Electron S.r.l.","url":"https:\/\/www.electronweb.it\/fr\/","logo":{"@type":"ImageObject","inLanguage":"fr-FR","@id":"https:\/\/www.electronweb.it\/fr\/#\/schema\/logo\/image\/","url":"https:\/\/www.electronweb.it\/wp-content\/uploads\/2017\/08\/electron.png","contentUrl":"https:\/\/www.electronweb.it\/wp-content\/uploads\/2017\/08\/electron.png","width":1211,"height":866,"caption":"Electron S.r.l."},"image":{"@id":"https:\/\/www.electronweb.it\/fr\/#\/schema\/logo\/image\/"}}]}},"_links":{"self":[{"href":"https:\/\/www.electronweb.it\/fr\/wp-json\/wp\/v2\/pages\/379","targetHints":{"allow":["GET"]}}],"collection":[{"href":"https:\/\/www.electronweb.it\/fr\/wp-json\/wp\/v2\/pages"}],"about":[{"href":"https:\/\/www.electronweb.it\/fr\/wp-json\/wp\/v2\/types\/page"}],"author":[{"embeddable":true,"href":"https:\/\/www.electronweb.it\/fr\/wp-json\/wp\/v2\/users\/3"}],"replies":[{"embeddable":true,"href":"https:\/\/www.electronweb.it\/fr\/wp-json\/wp\/v2\/comments?post=379"}],"version-history":[{"count":4,"href":"https:\/\/www.electronweb.it\/fr\/wp-json\/wp\/v2\/pages\/379\/revisions"}],"predecessor-version":[{"id":510,"href":"https:\/\/www.electronweb.it\/fr\/wp-json\/wp\/v2\/pages\/379\/revisions\/510"}],"wp:featuredmedia":[{"embeddable":true,"href":"https:\/\/www.electronweb.it\/fr\/wp-json\/wp\/v2\/media\/381"}],"wp:attachment":[{"href":"https:\/\/www.electronweb.it\/fr\/wp-json\/wp\/v2\/media?parent=379"}],"curies":[{"name":"wp","href":"https:\/\/api.w.org\/{rel}","templated":true}]}}