{"id":376,"date":"2017-07-07T10:56:09","date_gmt":"2017-07-07T08:56:09","guid":{"rendered":"http:\/\/www.electronweb.it\/contatti\/"},"modified":"2017-08-01T11:21:39","modified_gmt":"2017-08-01T09:21:39","slug":"nous-contacter","status":"publish","type":"page","link":"https:\/\/www.electronweb.it\/fr\/nous-contacter\/","title":{"rendered":"Nous Contacter"},"content":{"rendered":"<div class=\"csRow\">\n<div class=\"csColumnGap\" style=\"margin: 0px; padding: 0px; float: left; width: 1.56%;\"><img style=\"border: none;\" src=\"http:\/\/www.electronweb.it\/wp-content\/plugins\/advanced-wp-columns\/assets\/js\/plugins\/views\/img\/1x1-pixel.png\"><\/div>\n<div class=\"csColumn\" style=\"margin: 0px; padding: 0px; float: left; width: 45.3%;\" data-csstartpoint=\"15\" data-csendpoint=\"450\" data-cswidth=\"45.3%\" data-csid=\"9c6333b0-d56c-1b5b-853e-0d63f2f55e7c\">\n<p style=\"text-align: right;\"><strong>Electron S.r.l.<\/strong><br>\nVia di Arezzo, 118\/A<br>\n52045 Foiano della Chiana (AR)<br>\nTel. e Fax <a href=\"phone:+39%200575%20640107\">+39 0575 640107<br>\n<\/a><\/p>\n<div class=\"csRow\" style=\"text-align: right;\">\n<div class=\"csColumn\" data-csstartpoint=\"500\" data-csendpoint=\"945\" data-cswidth=\"46.4%\" data-csid=\"e7eb1d94-0aeb-e9cb-bee4-0fb4a059fb60\">\n<p>Courriel certifi\u00e9: <a href=\"mailto:info@pec.electronweb.it\">info@pec.electronweb.it<\/a><\/p>\n<p>Num\u00e9ro d\u2019identification fiscale ou Num\u00e9ro d\u2019identification TVA 01926750512<br>\nNum\u00e9ro d\u2019immatriculation au Registre \u00e9conomique et administratif (REA) 149454 \u2013 Capital Social \u20ac 25 000,00 enti\u00e8rement lib\u00e9r\u00e9<\/p>\n<\/div>\n<\/div>\n<\/div>\n<div class=\"csColumnGap\" style=\"margin: 0px; padding: 0px; float: left; width: 5.21%;\"><img style=\"border: none;\" src=\"http:\/\/www.electronweb.it\/wp-content\/plugins\/advanced-wp-columns\/assets\/js\/plugins\/views\/img\/1x1-pixel.png\"><\/div>\n<div class=\"csColumn\" style=\"margin: 0px; padding: 0px; float: left; width: 46.4%;\" data-csstartpoint=\"500\" data-csendpoint=\"945\" data-cswidth=\"46.4%\" data-csid=\"e7eb1d94-0aeb-e9cb-bee4-0fb4a059fb60\">\n<p><strong>Informations g\u00e9n\u00e9rales<\/strong><br>\n<a href=\"mailto:info@electronweb.it\">info@electronweb.it<\/a><br>\n<strong>Bureau de ventes<\/strong><br>\n<a href=\"mailto:sales@electronweb.it\">sales@electronweb.it<\/a><br>\n<strong>Bureau administratif<\/strong><br>\n<a href=\"mailto:amministrazione@electronweb.it\">amministrazione@electronweb.it<\/a><br>\n<strong>Assistance technique<\/strong><br>\n<a href=\"mailto:tecnico@electronweb.it\">tecnico@electronweb.it<\/a><\/p>\n<\/div>\n<\/div>\n<p>\u00a0<\/p>\n<h1 style=\"text-align: center;\"><span style=\"color: #007632;\">FORMULAIRE<\/span>\u00a0DE CONTACT<\/h1>\n\n                <div class=\"gf_browser_gecko gform_wrapper\" id=\"gform_wrapper_1\"><form method=\"post\" enctype=\"multipart\/form-data\" id=\"gform_1\" action=\"\/fr\/wp-json\/wp\/v2\/pages\/376\">\n                        <div class=\"gform_body\"><ul id=\"gform_fields_1\" class=\"gform_fields top_label form_sublabel_below description_below\"><li id=\"field_1_1\" class=\"gfield large-6 medium-6 small-12 columns gfield_contains_required field_sublabel_below field_description_below gfield_visibility_visible\"><label class=\"gfield_label\" for=\"input_1_1\">Nom<span class=\"gfield_required\">*<\/span><\/label><div class=\"ginput_container ginput_container_text\"><input name=\"input_1\" id=\"input_1_1\" type=\"text\" value=\"\" class=\"large\" tabindex=\"1\" aria-required=\"true\" aria-invalid=\"false\"><\/div><\/li><li id=\"field_1_2\" class=\"gfield large-6 medium-6 small-12 columns gfield_contains_required field_sublabel_below field_description_below gfield_visibility_visible\"><label class=\"gfield_label\" for=\"input_1_2\">PR\u00c9NOM<span class=\"gfield_required\">*<\/span><\/label><div class=\"ginput_container ginput_container_text\"><input name=\"input_2\" id=\"input_1_2\" type=\"text\" value=\"\" class=\"large\" tabindex=\"2\" aria-required=\"true\" aria-invalid=\"false\"><\/div><\/li><li id=\"field_1_4\" class=\"gfield large-6 medium-6 small-12 columns gfield_contains_required field_sublabel_below field_description_below gfield_visibility_visible\"><label class=\"gfield_label\" for=\"input_1_4\">Email<span class=\"gfield_required\">*<\/span><\/label><div class=\"ginput_container ginput_container_email\">\n                            <input name=\"input_4\" id=\"input_1_4\" type=\"email\" value=\"\" class=\"large\" tabindex=\"3\" aria-required=\"true\" aria-invalid=\"false\">\n                        <\/div><\/li><li id=\"field_1_7\" class=\"gfield large-6 medium-6 small-12 columns field_sublabel_below field_description_below gfield_visibility_visible\"><label class=\"gfield_label\" for=\"input_1_7\">t\u00e9l\u00e9phone<\/label><div class=\"ginput_container ginput_container_phone\"><input name=\"input_7\" id=\"input_1_7\" type=\"tel\" value=\"\" class=\"large\" tabindex=\"4\" aria-invalid=\"false\"><\/div><\/li><li id=\"field_1_5\" class=\"gfield large-12 medium-12 small-12 columns field_sublabel_below field_description_below gfield_visibility_visible\"><label class=\"gfield_label\" for=\"input_1_5\">message<\/label><div class=\"ginput_container ginput_container_textarea\"><textarea name=\"input_5\" id=\"input_1_5\" class=\"textarea large\" tabindex=\"5\" aria-invalid=\"false\" rows=\"10\" cols=\"50\"><\/textarea><\/div><\/li><li id=\"field_1_6\" class=\"gfield large-8 medium-8 small-12 columns gfield_contains_required field_sublabel_below field_description_below hidden_label gfield_visibility_visible\"><label class=\"gfield_label\">Privacy<span class=\"gfield_required\">*<\/span><\/label><div class=\"ginput_container ginput_container_checkbox\"><ul class=\"gfield_checkbox\" id=\"input_1_6\"><li class=\"gchoice_1_6_1\">\n\t\t\t\t\t\t\t\t<input name=\"input_6.1\" type=\"checkbox\" value=\"&lt;strong&gt;Accettazione Privacy&lt;\/strong&gt; (Leggi l'&lt;a&gt;informativa d.lgs 196\/03&lt;\/a&gt;)\" id=\"choice_1_6_1\" tabindex=\"6\">\n\t\t\t\t\t\t\t\t<label for=\"choice_1_6_1\" id=\"label_1_6_1\"><strong>Acceptation de la politique de confidentialit\u00e9<\/strong> (Lisez <a data-open=\"privacy-modal\">la note d'informations d.lgs. 193\/03<\/a><\/label>\n\t\t\t\t\t\t\t<\/li><\/ul><\/div><\/li>\n                            <\/ul><\/div>\n        <div class=\"gform_footer top_label\"> <button id=\"gform_submit_button_1\" class=\"gform_button\"><i class=\"icon-mail-sent\"><\/i> <p>Envoyer<\/p><\/button> \n            <input type=\"hidden\" class=\"gform_hidden\" name=\"is_submit_1\" value=\"1\">\n            <input type=\"hidden\" class=\"gform_hidden\" name=\"gform_submit\" value=\"1\">\n            \n            <input type=\"hidden\" class=\"gform_hidden\" name=\"gform_unique_id\" value=\"\">\n            <input type=\"hidden\" class=\"gform_hidden\" name=\"state_1\" value=\"WyJbXSIsIjhmY2QzZTY3ODFiNDIxYzQzNzA2NTcxMWE0MGMwOTBhIl0=\">\n            <input type=\"hidden\" class=\"gform_hidden\" name=\"gform_target_page_number_1\" id=\"gform_target_page_number_1\" value=\"0\">\n            <input type=\"hidden\" class=\"gform_hidden\" name=\"gform_source_page_number_1\" id=\"gform_source_page_number_1\" value=\"1\">\n            <input type=\"hidden\" name=\"gform_field_values\" value=\"\">\n            \n        <\/div>\n                        <\/form>\n                        <\/div><script type=\"text\/javascript\"> jQuery(document).bind('gform_post_render', function(event, formId, currentPage){if(formId == 1) {} } );jQuery(document).bind('gform_post_conditional_logic', function(event, formId, fields, isInit){} );<\/script><script type=\"text\/javascript\"> jQuery(document).ready(function(){jQuery(document).trigger('gform_post_render', [1, 1]) } ); <\/script>\n<div style=\"clear: both; padding: 40px 0;\"><\/div>\n<p>\n<\/p><div class=\"google-maps-builder-wrap\">\n\n\t<div id=\"google-maps-builder-272\" class=\"google-maps-builder\" data-map-id=\"272\" style=\"width:100%; height:550px\"><\/div>\n\n\t\n<\/div>\n<br>\nNotre si\u00e8ge social se trouve \u00e0 Foiano della Chiana, dans la province d\u2019Arezzo, \u00e0 l\u2019adresse suivante: Via di Arezzo 118\/A.<br>\nPour ceux qui viennent du <strong>Nord<\/strong> en parcourant l\u2019autoroute A1, prendre la sortie \u00ab\u00a0Monte San Savino\u00a0\u00bb, tourner \u00e0 droite, continuer sur la route SP25 pour 5 Km et prendre ensuite la route SP327. Notre \u00e9tablissement se trouve avant d\u2019arriver \u00e0 Foiano della Chiana.<br>\nPour ceux qui viennent du <strong>Sud<\/strong> en parcourant l\u2019autoroute A1, prendre la sortie \u00ab\u00a0Valdichiana\u00a0\u00bb, tourner \u00e0 droite vers Foiano della Chiana et continuer sur la route SP327 vers Arezzo. Notre si\u00e8ge se trouve apr\u00e8s le village de Foiano della Chiana.\n","protected":false},"excerpt":{"rendered":"<p>Electron S.r.l. Via di Arezzo, 118\/A 52045 Foiano della Chiana (AR) Tel. e Fax +39 0575 640107 Courriel certifi\u00e9: info@pec.electronweb.it Num\u00e9ro d\u2019identification fiscale ou Num\u00e9ro d\u2019identification TVA 01926750512 Num\u00e9ro d\u2019immatriculation au Registre \u00e9conomique et administratif (REA) 149454 \u2013 Capital Social \u20ac 25 000,00 enti\u00e8rement lib\u00e9r\u00e9 Informations g\u00e9n\u00e9rales info@electronweb.it Bureau de ventes sales@electronweb.it Bureau administratif amministrazione@electronweb.it [&hellip;]<\/p>\n","protected":false},"author":3,"featured_media":979,"parent":0,"menu_order":0,"comment_status":"closed","ping_status":"closed","template":"","meta":[],"yoast_head":"<!-- This site is optimized with the Yoast SEO plugin v18.9 - https:\/\/yoast.com\/wordpress\/plugins\/seo\/ -->\n<title>Contacts d&#039;Electron pour installations \u00e9lectriques et d&#039;automatisation industrielle<\/title>\n<meta name=\"description\" content=\"Coordonn\u00e9es, contacts et indications routi\u00e8res pour plus d&#039;informations sur les services offerts et pour arriver au si\u00e8ge d&#039;Electron S.r.l. \u00e0 Foiano della Chiana, dans la province d&#039;Arezzo.\" \/>\n<meta name=\"robots\" content=\"index, follow, max-snippet:-1, max-image-preview:large, max-video-preview:-1\" \/>\n<link rel=\"canonical\" href=\"https:\/\/www.electronweb.it\/fr\/nous-contacter\/\" \/>\n<meta property=\"og:locale\" content=\"fr_FR\" \/>\n<meta property=\"og:type\" content=\"article\" \/>\n<meta property=\"og:title\" content=\"Contacts d&#039;Electron pour installations \u00e9lectriques et d&#039;automatisation industrielle\" \/>\n<meta property=\"og:description\" content=\"Coordonn\u00e9es, contacts et indications routi\u00e8res pour plus d&#039;informations sur les services offerts et pour arriver au si\u00e8ge d&#039;Electron S.r.l. \u00e0 Foiano della Chiana, dans la province d&#039;Arezzo.\" \/>\n<meta property=\"og:url\" content=\"https:\/\/www.electronweb.it\/fr\/nous-contacter\/\" \/>\n<meta property=\"og:site_name\" content=\"Electron\" \/>\n<meta property=\"article:modified_time\" content=\"2017-08-01T09:21:39+00:00\" \/>\n<meta property=\"og:image\" content=\"https:\/\/www.electronweb.it\/wp-content\/uploads\/2017\/07\/contatti-header.jpg\" \/>\n\t<meta property=\"og:image:width\" content=\"1920\" \/>\n\t<meta property=\"og:image:height\" content=\"720\" \/>\n\t<meta property=\"og:image:type\" content=\"image\/jpeg\" \/>\n<meta name=\"twitter:card\" content=\"summary\" \/>\n<meta name=\"twitter:label1\" content=\"Dur\u00e9e de lecture estim\u00e9e\" \/>\n\t<meta name=\"twitter:data1\" content=\"1 minute\" \/>\n<script type=\"application\/ld+json\" class=\"yoast-schema-graph\">{\"@context\":\"https:\/\/schema.org\",\"@graph\":[{\"@type\":\"Organization\",\"@id\":\"https:\/\/www.electronweb.it\/fr\/#organization\",\"name\":\"Electron S.r.l.\",\"url\":\"https:\/\/www.electronweb.it\/fr\/\",\"sameAs\":[],\"logo\":{\"@type\":\"ImageObject\",\"inLanguage\":\"fr-FR\",\"@id\":\"https:\/\/www.electronweb.it\/fr\/#\/schema\/logo\/image\/\",\"url\":\"https:\/\/www.electronweb.it\/wp-content\/uploads\/2017\/08\/electron.png\",\"contentUrl\":\"https:\/\/www.electronweb.it\/wp-content\/uploads\/2017\/08\/electron.png\",\"width\":1211,\"height\":866,\"caption\":\"Electron S.r.l.\"},\"image\":{\"@id\":\"https:\/\/www.electronweb.it\/fr\/#\/schema\/logo\/image\/\"}},{\"@type\":\"WebSite\",\"@id\":\"https:\/\/www.electronweb.it\/fr\/#website\",\"url\":\"https:\/\/www.electronweb.it\/fr\/\",\"name\":\"Electron\",\"description\":\"Impianti elettrici e macchine per automazione industriale in Toscana\",\"publisher\":{\"@id\":\"https:\/\/www.electronweb.it\/fr\/#organization\"},\"potentialAction\":[{\"@type\":\"SearchAction\",\"target\":{\"@type\":\"EntryPoint\",\"urlTemplate\":\"https:\/\/www.electronweb.it\/fr\/?s={search_term_string}\"},\"query-input\":\"required name=search_term_string\"}],\"inLanguage\":\"fr-FR\"},{\"@type\":\"ImageObject\",\"inLanguage\":\"fr-FR\",\"@id\":\"https:\/\/www.electronweb.it\/fr\/nous-contacter\/#primaryimage\",\"url\":\"https:\/\/www.electronweb.it\/wp-content\/uploads\/2022\/09\/ONTAT.jpg\",\"contentUrl\":\"https:\/\/www.electronweb.it\/wp-content\/uploads\/2022\/09\/ONTAT.jpg\",\"width\":1920,\"height\":1080},{\"@type\":\"WebPage\",\"@id\":\"https:\/\/www.electronweb.it\/fr\/nous-contacter\/#webpage\",\"url\":\"https:\/\/www.electronweb.it\/fr\/nous-contacter\/\",\"name\":\"Contacts d'Electron pour installations \u00e9lectriques et d'automatisation industrielle\",\"isPartOf\":{\"@id\":\"https:\/\/www.electronweb.it\/fr\/#website\"},\"primaryImageOfPage\":{\"@id\":\"https:\/\/www.electronweb.it\/fr\/nous-contacter\/#primaryimage\"},\"datePublished\":\"2017-07-07T08:56:09+00:00\",\"dateModified\":\"2017-08-01T09:21:39+00:00\",\"description\":\"Coordonn\u00e9es, contacts et indications routi\u00e8res pour plus d'informations sur les services offerts et pour arriver au si\u00e8ge d'Electron S.r.l. \u00e0 Foiano della Chiana, dans la province d'Arezzo.\",\"breadcrumb\":{\"@id\":\"https:\/\/www.electronweb.it\/fr\/nous-contacter\/#breadcrumb\"},\"inLanguage\":\"fr-FR\",\"potentialAction\":[{\"@type\":\"ReadAction\",\"target\":[\"https:\/\/www.electronweb.it\/fr\/nous-contacter\/\"]}]},{\"@type\":\"BreadcrumbList\",\"@id\":\"https:\/\/www.electronweb.it\/fr\/nous-contacter\/#breadcrumb\",\"itemListElement\":[{\"@type\":\"ListItem\",\"position\":1,\"name\":\"Home\",\"item\":\"https:\/\/www.electronweb.it\/fr\/\"},{\"@type\":\"ListItem\",\"position\":2,\"name\":\"Nous Contacter\"}]}]}<\/script>\n<!-- \/ Yoast SEO plugin. -->","yoast_head_json":{"title":"Contacts d'Electron pour installations \u00e9lectriques et d'automatisation industrielle","description":"Coordonn\u00e9es, contacts et indications routi\u00e8res pour plus d'informations sur les services offerts et pour arriver au si\u00e8ge d'Electron S.r.l. \u00e0 Foiano della Chiana, dans la province d'Arezzo.","robots":{"index":"index","follow":"follow","max-snippet":"max-snippet:-1","max-image-preview":"max-image-preview:large","max-video-preview":"max-video-preview:-1"},"canonical":"https:\/\/www.electronweb.it\/fr\/nous-contacter\/","og_locale":"fr_FR","og_type":"article","og_title":"Contacts d'Electron pour installations \u00e9lectriques et d'automatisation industrielle","og_description":"Coordonn\u00e9es, contacts et indications routi\u00e8res pour plus d'informations sur les services offerts et pour arriver au si\u00e8ge d'Electron S.r.l. \u00e0 Foiano della Chiana, dans la province d'Arezzo.","og_url":"https:\/\/www.electronweb.it\/fr\/nous-contacter\/","og_site_name":"Electron","article_modified_time":"2017-08-01T09:21:39+00:00","og_image":[{"width":1920,"height":720,"url":"https:\/\/www.electronweb.it\/wp-content\/uploads\/2017\/07\/contatti-header.jpg","type":"image\/jpeg"}],"twitter_card":"summary","twitter_misc":{"Dur\u00e9e de lecture estim\u00e9e":"1 minute"},"schema":{"@context":"https:\/\/schema.org","@graph":[{"@type":"Organization","@id":"https:\/\/www.electronweb.it\/fr\/#organization","name":"Electron S.r.l.","url":"https:\/\/www.electronweb.it\/fr\/","sameAs":[],"logo":{"@type":"ImageObject","inLanguage":"fr-FR","@id":"https:\/\/www.electronweb.it\/fr\/#\/schema\/logo\/image\/","url":"https:\/\/www.electronweb.it\/wp-content\/uploads\/2017\/08\/electron.png","contentUrl":"https:\/\/www.electronweb.it\/wp-content\/uploads\/2017\/08\/electron.png","width":1211,"height":866,"caption":"Electron S.r.l."},"image":{"@id":"https:\/\/www.electronweb.it\/fr\/#\/schema\/logo\/image\/"}},{"@type":"WebSite","@id":"https:\/\/www.electronweb.it\/fr\/#website","url":"https:\/\/www.electronweb.it\/fr\/","name":"Electron","description":"Impianti elettrici e macchine per automazione industriale in Toscana","publisher":{"@id":"https:\/\/www.electronweb.it\/fr\/#organization"},"potentialAction":[{"@type":"SearchAction","target":{"@type":"EntryPoint","urlTemplate":"https:\/\/www.electronweb.it\/fr\/?s={search_term_string}"},"query-input":"required name=search_term_string"}],"inLanguage":"fr-FR"},{"@type":"ImageObject","inLanguage":"fr-FR","@id":"https:\/\/www.electronweb.it\/fr\/nous-contacter\/#primaryimage","url":"https:\/\/www.electronweb.it\/wp-content\/uploads\/2022\/09\/ONTAT.jpg","contentUrl":"https:\/\/www.electronweb.it\/wp-content\/uploads\/2022\/09\/ONTAT.jpg","width":1920,"height":1080},{"@type":"WebPage","@id":"https:\/\/www.electronweb.it\/fr\/nous-contacter\/#webpage","url":"https:\/\/www.electronweb.it\/fr\/nous-contacter\/","name":"Contacts d'Electron pour installations \u00e9lectriques et d'automatisation industrielle","isPartOf":{"@id":"https:\/\/www.electronweb.it\/fr\/#website"},"primaryImageOfPage":{"@id":"https:\/\/www.electronweb.it\/fr\/nous-contacter\/#primaryimage"},"datePublished":"2017-07-07T08:56:09+00:00","dateModified":"2017-08-01T09:21:39+00:00","description":"Coordonn\u00e9es, contacts et indications routi\u00e8res pour plus d'informations sur les services offerts et pour arriver au si\u00e8ge d'Electron S.r.l. \u00e0 Foiano della Chiana, dans la province d'Arezzo.","breadcrumb":{"@id":"https:\/\/www.electronweb.it\/fr\/nous-contacter\/#breadcrumb"},"inLanguage":"fr-FR","potentialAction":[{"@type":"ReadAction","target":["https:\/\/www.electronweb.it\/fr\/nous-contacter\/"]}]},{"@type":"BreadcrumbList","@id":"https:\/\/www.electronweb.it\/fr\/nous-contacter\/#breadcrumb","itemListElement":[{"@type":"ListItem","position":1,"name":"Home","item":"https:\/\/www.electronweb.it\/fr\/"},{"@type":"ListItem","position":2,"name":"Nous Contacter"}]}]}},"_links":{"self":[{"href":"https:\/\/www.electronweb.it\/fr\/wp-json\/wp\/v2\/pages\/376"}],"collection":[{"href":"https:\/\/www.electronweb.it\/fr\/wp-json\/wp\/v2\/pages"}],"about":[{"href":"https:\/\/www.electronweb.it\/fr\/wp-json\/wp\/v2\/types\/page"}],"author":[{"embeddable":true,"href":"https:\/\/www.electronweb.it\/fr\/wp-json\/wp\/v2\/users\/3"}],"replies":[{"embeddable":true,"href":"https:\/\/www.electronweb.it\/fr\/wp-json\/wp\/v2\/comments?post=376"}],"version-history":[{"count":4,"href":"https:\/\/www.electronweb.it\/fr\/wp-json\/wp\/v2\/pages\/376\/revisions"}],"predecessor-version":[{"id":513,"href":"https:\/\/www.electronweb.it\/fr\/wp-json\/wp\/v2\/pages\/376\/revisions\/513"}],"wp:featuredmedia":[{"embeddable":true,"href":"https:\/\/www.electronweb.it\/fr\/wp-json\/wp\/v2\/media\/979"}],"wp:attachment":[{"href":"https:\/\/www.electronweb.it\/fr\/wp-json\/wp\/v2\/media?parent=376"}],"curies":[{"name":"wp","href":"https:\/\/api.w.org\/{rel}","templated":true}]}}