{"id":372,"date":"2017-07-07T10:54:53","date_gmt":"2017-07-07T08:54:53","guid":{"rendered":"http:\/\/www.electronweb.it\/aziende-agricole-agricoltura\/"},"modified":"2017-08-01T11:11:36","modified_gmt":"2017-08-01T09:11:36","slug":"agriculture","status":"publish","type":"page","link":"https:\/\/www.electronweb.it\/fr\/agriculture\/","title":{"rendered":"Agriculture"},"content":{"rendered":"<p><a href=\"http:\/\/www.electronweb.it\/wp-content\/uploads\/2017\/07\/agricoltura-01-300x169.jpg\"><img loading=\"lazy\" class=\"alignleft wp-image-373\" src=\"http:\/\/www.electronweb.it\/wp-content\/uploads\/2017\/07\/agricoltura-01-300x169.jpg\" alt=\"Machines automatis\u00e9es et installations \u00e9lectriques pour fermes\" width=\"370\" height=\"208\" srcset=\"https:\/\/www.electronweb.it\/wp-content\/uploads\/2017\/07\/agricoltura-01-300x169.jpg 300w, https:\/\/www.electronweb.it\/wp-content\/uploads\/2017\/07\/agricoltura-01-768x432.jpg 768w, https:\/\/www.electronweb.it\/wp-content\/uploads\/2017\/07\/agricoltura-01-1024x576.jpg 1024w, https:\/\/www.electronweb.it\/wp-content\/uploads\/2017\/07\/agricoltura-01.jpg 1920w\" sizes=\"(max-width: 370px) 100vw, 370px\"><\/a><\/p>\n<h1>ELECTRON POUR <span style=\"color: #007632;\">L\u2019AGRICULTURE<\/span><\/h1>\n<h2><em>Cycles de production de plus en plus \u00e9volu\u00e9s et innovants<\/em><\/h2>\n<p>Electron se place \u00e0 c\u00f4t\u00e9 des exploitations agricoles pour offrir un service complet allant des installations \u00e9lectriques aux sources d\u2019\u00e9nergie renouvelable, \u00e0 l\u2019assistance pour machines et syst\u00e8mes automatiques jusqu\u2019au conditionnement du produit fini en utilisant nos remplisseuses et \u00e9tiqueteuses automatiques.<\/p>\n<p>En plus du secteur purement \u0153nologique, ces machines peuvent \u00eatre \u00e9galement utilis\u00e9es avec succ\u00e8s pour le conditionnement d\u2019huile, confitures, miel, jus de fruit, conserves alimentaires, sauces, etc.<\/p>\n<p><a href=\"http:\/\/www.electronweb.it\/wp-content\/uploads\/2017\/07\/agricoltura-02-300x169.jpg\"><img loading=\"lazy\" class=\"alignright wp-image-504\" src=\"http:\/\/www.electronweb.it\/wp-content\/uploads\/2017\/07\/agricoltura-02-300x169.jpg\" alt=\"Machines automatis\u00e9es et installations \u00e9lectriques pour fermes\" width=\"370\" height=\"208\" srcset=\"https:\/\/www.electronweb.it\/wp-content\/uploads\/2017\/07\/agricoltura-02-300x169.jpg 300w, https:\/\/www.electronweb.it\/wp-content\/uploads\/2017\/07\/agricoltura-02-768x432.jpg 768w, https:\/\/www.electronweb.it\/wp-content\/uploads\/2017\/07\/agricoltura-02-1024x576.jpg 1024w, https:\/\/www.electronweb.it\/wp-content\/uploads\/2017\/07\/agricoltura-02.jpg 1920w\" sizes=\"(max-width: 370px) 100vw, 370px\"><\/a><\/p>\n<p>Le monde de l\u2019agriculture moderne, contrairement au pass\u00e9, ne peut plus renoncer aux technologies \u00e0 cause des nouvelles machines de pointe utilis\u00e9es et des cycles de production de plus en plus \u00e9volu\u00e9s et innovants, ainsi que \u00e0 une sensibilit\u00e9 et une attention croissantes \u00e0 l\u2019\u00e9gard des \u00e9nergies renouvelables et du recyclage.<\/p>\n<p>Par rapport \u00e0 ce souci pour la sauvegarde et la valorisation du territoire et \u00e0 la promotion des excellences locales par le biais de la philosophie du \u00ab\u00a0canal court\u00a0\u00bb, un nombre croissant de producteurs agricoles entrent sur le march\u00e9 pour vendre leurs produits et, donc, ils ont besoin d\u2019assistance et conseil technologique pour exploiter mieux leurs ressources et leur production.<\/p>\n","protected":false},"excerpt":{"rendered":"<p>ELECTRON POUR L\u2019AGRICULTURE Cycles de production de plus en plus \u00e9volu\u00e9s et innovants Electron se place \u00e0 c\u00f4t\u00e9 des exploitations agricoles pour offrir un service complet allant des installations \u00e9lectriques aux sources d\u2019\u00e9nergie renouvelable, \u00e0 l\u2019assistance pour machines et syst\u00e8mes automatiques jusqu\u2019au conditionnement du produit fini en utilisant nos remplisseuses et \u00e9tiqueteuses automatiques. En plus [&hellip;]<\/p>\n","protected":false},"author":3,"featured_media":374,"parent":0,"menu_order":0,"comment_status":"closed","ping_status":"closed","template":"","meta":[],"yoast_head":"<!-- This site is optimized with the Yoast SEO plugin v18.9 - https:\/\/yoast.com\/wordpress\/plugins\/seo\/ -->\n<title>Machines automatis\u00e9es et installations \u00e9lectriques pour fermes<\/title>\n<meta name=\"description\" content=\"Service de conseil, r\u00e9alisation et assistance pour installations \u00e9lectriques, installations automatis\u00e9es, machines agricoles, remplisseuses et \u00e9tiqueteuses pour le conditionnement de produits alimentaires.\" \/>\n<meta name=\"robots\" content=\"index, follow, max-snippet:-1, max-image-preview:large, max-video-preview:-1\" \/>\n<link rel=\"canonical\" href=\"https:\/\/www.electronweb.it\/fr\/agriculture\/\" \/>\n<meta property=\"og:locale\" content=\"fr_FR\" \/>\n<meta property=\"og:type\" content=\"article\" \/>\n<meta property=\"og:title\" content=\"Machines automatis\u00e9es et installations \u00e9lectriques pour fermes\" \/>\n<meta property=\"og:description\" content=\"Service de conseil, r\u00e9alisation et assistance pour installations \u00e9lectriques, installations automatis\u00e9es, machines agricoles, remplisseuses et \u00e9tiqueteuses pour le conditionnement de produits alimentaires.\" \/>\n<meta property=\"og:url\" content=\"https:\/\/www.electronweb.it\/fr\/agriculture\/\" \/>\n<meta property=\"og:site_name\" content=\"Electron\" \/>\n<meta property=\"article:modified_time\" content=\"2017-08-01T09:11:36+00:00\" \/>\n<meta property=\"og:image\" content=\"https:\/\/www.electronweb.it\/wp-content\/uploads\/2017\/07\/agricoltura-header.jpg\" \/>\n\t<meta property=\"og:image:width\" content=\"1920\" \/>\n\t<meta property=\"og:image:height\" content=\"720\" \/>\n\t<meta property=\"og:image:type\" content=\"image\/jpeg\" \/>\n<meta name=\"twitter:card\" content=\"summary\" \/>\n<meta name=\"twitter:label1\" content=\"Dur\u00e9e de lecture estim\u00e9e\" \/>\n\t<meta name=\"twitter:data1\" content=\"1 minute\" \/>\n<script type=\"application\/ld+json\" class=\"yoast-schema-graph\">{\"@context\":\"https:\/\/schema.org\",\"@graph\":[{\"@type\":\"Organization\",\"@id\":\"https:\/\/www.electronweb.it\/fr\/#organization\",\"name\":\"Electron S.r.l.\",\"url\":\"https:\/\/www.electronweb.it\/fr\/\",\"sameAs\":[],\"logo\":{\"@type\":\"ImageObject\",\"inLanguage\":\"fr-FR\",\"@id\":\"https:\/\/www.electronweb.it\/fr\/#\/schema\/logo\/image\/\",\"url\":\"https:\/\/www.electronweb.it\/wp-content\/uploads\/2017\/08\/electron.png\",\"contentUrl\":\"https:\/\/www.electronweb.it\/wp-content\/uploads\/2017\/08\/electron.png\",\"width\":1211,\"height\":866,\"caption\":\"Electron S.r.l.\"},\"image\":{\"@id\":\"https:\/\/www.electronweb.it\/fr\/#\/schema\/logo\/image\/\"}},{\"@type\":\"WebSite\",\"@id\":\"https:\/\/www.electronweb.it\/fr\/#website\",\"url\":\"https:\/\/www.electronweb.it\/fr\/\",\"name\":\"Electron\",\"description\":\"Impianti elettrici e macchine per automazione industriale in Toscana\",\"publisher\":{\"@id\":\"https:\/\/www.electronweb.it\/fr\/#organization\"},\"potentialAction\":[{\"@type\":\"SearchAction\",\"target\":{\"@type\":\"EntryPoint\",\"urlTemplate\":\"https:\/\/www.electronweb.it\/fr\/?s={search_term_string}\"},\"query-input\":\"required name=search_term_string\"}],\"inLanguage\":\"fr-FR\"},{\"@type\":\"ImageObject\",\"inLanguage\":\"fr-FR\",\"@id\":\"https:\/\/www.electronweb.it\/fr\/agriculture\/#primaryimage\",\"url\":\"https:\/\/www.electronweb.it\/wp-content\/uploads\/2017\/07\/agricoltura-header.jpg\",\"contentUrl\":\"https:\/\/www.electronweb.it\/wp-content\/uploads\/2017\/07\/agricoltura-header.jpg\",\"width\":1920,\"height\":720},{\"@type\":\"WebPage\",\"@id\":\"https:\/\/www.electronweb.it\/fr\/agriculture\/#webpage\",\"url\":\"https:\/\/www.electronweb.it\/fr\/agriculture\/\",\"name\":\"Machines automatis\u00e9es et installations \u00e9lectriques pour fermes\",\"isPartOf\":{\"@id\":\"https:\/\/www.electronweb.it\/fr\/#website\"},\"primaryImageOfPage\":{\"@id\":\"https:\/\/www.electronweb.it\/fr\/agriculture\/#primaryimage\"},\"datePublished\":\"2017-07-07T08:54:53+00:00\",\"dateModified\":\"2017-08-01T09:11:36+00:00\",\"description\":\"Service de conseil, r\u00e9alisation et assistance pour installations \u00e9lectriques, installations automatis\u00e9es, machines agricoles, remplisseuses et \u00e9tiqueteuses pour le conditionnement de produits alimentaires.\",\"breadcrumb\":{\"@id\":\"https:\/\/www.electronweb.it\/fr\/agriculture\/#breadcrumb\"},\"inLanguage\":\"fr-FR\",\"potentialAction\":[{\"@type\":\"ReadAction\",\"target\":[\"https:\/\/www.electronweb.it\/fr\/agriculture\/\"]}]},{\"@type\":\"BreadcrumbList\",\"@id\":\"https:\/\/www.electronweb.it\/fr\/agriculture\/#breadcrumb\",\"itemListElement\":[{\"@type\":\"ListItem\",\"position\":1,\"name\":\"Home\",\"item\":\"https:\/\/www.electronweb.it\/fr\/\"},{\"@type\":\"ListItem\",\"position\":2,\"name\":\"Agriculture\"}]}]}<\/script>\n<!-- \/ Yoast SEO plugin. -->","yoast_head_json":{"title":"Machines automatis\u00e9es et installations \u00e9lectriques pour fermes","description":"Service de conseil, r\u00e9alisation et assistance pour installations \u00e9lectriques, installations automatis\u00e9es, machines agricoles, remplisseuses et \u00e9tiqueteuses pour le conditionnement de produits alimentaires.","robots":{"index":"index","follow":"follow","max-snippet":"max-snippet:-1","max-image-preview":"max-image-preview:large","max-video-preview":"max-video-preview:-1"},"canonical":"https:\/\/www.electronweb.it\/fr\/agriculture\/","og_locale":"fr_FR","og_type":"article","og_title":"Machines automatis\u00e9es et installations \u00e9lectriques pour fermes","og_description":"Service de conseil, r\u00e9alisation et assistance pour installations \u00e9lectriques, installations automatis\u00e9es, machines agricoles, remplisseuses et \u00e9tiqueteuses pour le conditionnement de produits alimentaires.","og_url":"https:\/\/www.electronweb.it\/fr\/agriculture\/","og_site_name":"Electron","article_modified_time":"2017-08-01T09:11:36+00:00","og_image":[{"width":1920,"height":720,"url":"https:\/\/www.electronweb.it\/wp-content\/uploads\/2017\/07\/agricoltura-header.jpg","type":"image\/jpeg"}],"twitter_card":"summary","twitter_misc":{"Dur\u00e9e de lecture estim\u00e9e":"1 minute"},"schema":{"@context":"https:\/\/schema.org","@graph":[{"@type":"Organization","@id":"https:\/\/www.electronweb.it\/fr\/#organization","name":"Electron S.r.l.","url":"https:\/\/www.electronweb.it\/fr\/","sameAs":[],"logo":{"@type":"ImageObject","inLanguage":"fr-FR","@id":"https:\/\/www.electronweb.it\/fr\/#\/schema\/logo\/image\/","url":"https:\/\/www.electronweb.it\/wp-content\/uploads\/2017\/08\/electron.png","contentUrl":"https:\/\/www.electronweb.it\/wp-content\/uploads\/2017\/08\/electron.png","width":1211,"height":866,"caption":"Electron S.r.l."},"image":{"@id":"https:\/\/www.electronweb.it\/fr\/#\/schema\/logo\/image\/"}},{"@type":"WebSite","@id":"https:\/\/www.electronweb.it\/fr\/#website","url":"https:\/\/www.electronweb.it\/fr\/","name":"Electron","description":"Impianti elettrici e macchine per automazione industriale in Toscana","publisher":{"@id":"https:\/\/www.electronweb.it\/fr\/#organization"},"potentialAction":[{"@type":"SearchAction","target":{"@type":"EntryPoint","urlTemplate":"https:\/\/www.electronweb.it\/fr\/?s={search_term_string}"},"query-input":"required name=search_term_string"}],"inLanguage":"fr-FR"},{"@type":"ImageObject","inLanguage":"fr-FR","@id":"https:\/\/www.electronweb.it\/fr\/agriculture\/#primaryimage","url":"https:\/\/www.electronweb.it\/wp-content\/uploads\/2017\/07\/agricoltura-header.jpg","contentUrl":"https:\/\/www.electronweb.it\/wp-content\/uploads\/2017\/07\/agricoltura-header.jpg","width":1920,"height":720},{"@type":"WebPage","@id":"https:\/\/www.electronweb.it\/fr\/agriculture\/#webpage","url":"https:\/\/www.electronweb.it\/fr\/agriculture\/","name":"Machines automatis\u00e9es et installations \u00e9lectriques pour fermes","isPartOf":{"@id":"https:\/\/www.electronweb.it\/fr\/#website"},"primaryImageOfPage":{"@id":"https:\/\/www.electronweb.it\/fr\/agriculture\/#primaryimage"},"datePublished":"2017-07-07T08:54:53+00:00","dateModified":"2017-08-01T09:11:36+00:00","description":"Service de conseil, r\u00e9alisation et assistance pour installations \u00e9lectriques, installations automatis\u00e9es, machines agricoles, remplisseuses et \u00e9tiqueteuses pour le conditionnement de produits alimentaires.","breadcrumb":{"@id":"https:\/\/www.electronweb.it\/fr\/agriculture\/#breadcrumb"},"inLanguage":"fr-FR","potentialAction":[{"@type":"ReadAction","target":["https:\/\/www.electronweb.it\/fr\/agriculture\/"]}]},{"@type":"BreadcrumbList","@id":"https:\/\/www.electronweb.it\/fr\/agriculture\/#breadcrumb","itemListElement":[{"@type":"ListItem","position":1,"name":"Home","item":"https:\/\/www.electronweb.it\/fr\/"},{"@type":"ListItem","position":2,"name":"Agriculture"}]}]}},"_links":{"self":[{"href":"https:\/\/www.electronweb.it\/fr\/wp-json\/wp\/v2\/pages\/372"}],"collection":[{"href":"https:\/\/www.electronweb.it\/fr\/wp-json\/wp\/v2\/pages"}],"about":[{"href":"https:\/\/www.electronweb.it\/fr\/wp-json\/wp\/v2\/types\/page"}],"author":[{"embeddable":true,"href":"https:\/\/www.electronweb.it\/fr\/wp-json\/wp\/v2\/users\/3"}],"replies":[{"embeddable":true,"href":"https:\/\/www.electronweb.it\/fr\/wp-json\/wp\/v2\/comments?post=372"}],"version-history":[{"count":3,"href":"https:\/\/www.electronweb.it\/fr\/wp-json\/wp\/v2\/pages\/372\/revisions"}],"predecessor-version":[{"id":505,"href":"https:\/\/www.electronweb.it\/fr\/wp-json\/wp\/v2\/pages\/372\/revisions\/505"}],"wp:featuredmedia":[{"embeddable":true,"href":"https:\/\/www.electronweb.it\/fr\/wp-json\/wp\/v2\/media\/374"}],"wp:attachment":[{"href":"https:\/\/www.electronweb.it\/fr\/wp-json\/wp\/v2\/media?parent=372"}],"curies":[{"name":"wp","href":"https:\/\/api.w.org\/{rel}","templated":true}]}}