{"id":368,"date":"2017-07-07T10:55:05","date_gmt":"2017-07-07T08:55:05","guid":{"rendered":"http:\/\/www.electronweb.it\/artigianato-impianti-automazioni\/"},"modified":"2017-08-01T11:05:06","modified_gmt":"2017-08-01T09:05:06","slug":"artisanat","status":"publish","type":"page","link":"https:\/\/www.electronweb.it\/fr\/artisanat\/","title":{"rendered":"Artisanat"},"content":{"rendered":"<p><a href=\"http:\/\/www.electronweb.it\/wp-content\/uploads\/2017\/07\/artigianato-01.jpg\"><img loading=\"lazy\" decoding=\"async\" class=\"alignleft wp-image-369\" src=\"http:\/\/www.electronweb.it\/wp-content\/uploads\/2017\/07\/artigianato-01-300x169.jpg\" alt=\"Installations \u00e9lectriques et assistance technique pour ateliers artisanaux\" width=\"370\" height=\"208\" srcset=\"https:\/\/www.electronweb.it\/wp-content\/uploads\/2017\/07\/artigianato-01-300x169.jpg 300w, https:\/\/www.electronweb.it\/wp-content\/uploads\/2017\/07\/artigianato-01-768x432.jpg 768w, https:\/\/www.electronweb.it\/wp-content\/uploads\/2017\/07\/artigianato-01-1024x576.jpg 1024w, https:\/\/www.electronweb.it\/wp-content\/uploads\/2017\/07\/artigianato-01.jpg 1920w\" sizes=\"auto, (max-width: 370px) 100vw, 370px\" \/><\/a><\/p>\n<h1>ELECTRON POUR\u00a0<span style=\"color: #007632;\">L\u2019ARTISANAT<\/span><\/h1>\n<h2><em>Technologies, machines et assistance pour artisans<\/em><\/h2>\n<p>Electron s.r.l. est un point de rep\u00e8re essentiel dans le domaine artisanal aussi gr\u00e2ce \u00e0 ses services d\u2019expertise-conseil, r\u00e9alisation et assistance technique d\u2019installations \u00e9lectriques et technologiques de pointe qui sont sp\u00e9cifiquement con\u00e7ues pour tout type de production artisanale.<\/p>\n<p>Entreprise leader sur le march\u00e9 des installations \u00e9lectriques et de l\u2019automatisation du domaine artisanal, Electron s\u2019occupe de toutes installations \u00e9lectriques tout en profitant de sa longue exp\u00e9rience, son professionnalisme et sa fiabilit\u00e9.<\/p>\n<p><a href=\"http:\/\/www.electronweb.it\/wp-content\/uploads\/2017\/07\/artigianato-02.jpg\"><img loading=\"lazy\" decoding=\"async\" class=\"alignright wp-image-493\" src=\"http:\/\/www.electronweb.it\/wp-content\/uploads\/2017\/07\/artigianato-02-300x169.jpg\" alt=\"Installations \u00e9lectriques et assistance technique pour ateliers artisanaux\" width=\"370\" height=\"208\" srcset=\"https:\/\/www.electronweb.it\/wp-content\/uploads\/2017\/07\/artigianato-02-300x169.jpg 300w, https:\/\/www.electronweb.it\/wp-content\/uploads\/2017\/07\/artigianato-02-768x432.jpg 768w, https:\/\/www.electronweb.it\/wp-content\/uploads\/2017\/07\/artigianato-02-1024x576.jpg 1024w, https:\/\/www.electronweb.it\/wp-content\/uploads\/2017\/07\/artigianato-02.jpg 1920w\" sizes=\"auto, (max-width: 370px) 100vw, 370px\" \/><\/a><\/p>\n<h1>NOS\u00a0<span style=\"color: #007632;\">SERVICES<\/span><\/h1>\n<ul>\n<li>Basse Tension: conception, r\u00e9alisation et entretien d\u2019installations de fourniture \u00e9lectrique et de distribution d\u2019\u00e9nergie pour la production artisanale.<\/li>\n<li>Moyenne Tension: conception, r\u00e9alisation et entretien de cabines et transformateurs pour usines et \u00e9tablissements artisanaux.<\/li>\n<li>\u00c9conomie d\u2019\u00e9nergie: installation de panneaux photovolta\u00efques et solaires pour encourager l\u2019\u00e9conomie d\u2019\u00e9nergie et l\u2019utilisation de sources d\u2019\u00e9nergie renouvelable pour la production artisanale en garantissant des b\u00e9n\u00e9fices fiscaux et des r\u00e9ductions d\u2019imp\u00f4ts consid\u00e9rables.<\/li>\n<li>Solutions d\u2019automatisation: r\u00e9alisation, entretien et service d\u2019assistance technique de syst\u00e8mes d\u2019automatisation, de contr\u00f4le et de gestion de machines pour la production artisanale.<\/li>\n<li>Installations technologiques et r\u00e9seau de donn\u00e9es: installations technologiques en cuivre et en fibre optique pour le contr\u00f4le et la gestion d\u2019appareils et syst\u00e8mes informatiques.<\/li>\n<li>Modernisation de machines et lignes de production artisanale: r\u00e9novation d\u2019installations et machines pour le secteur artisanal afin d\u2019am\u00e9liorer et augmenter une production artisanale de qualit\u00e9.<\/li>\n<\/ul>\n","protected":false},"excerpt":{"rendered":"<p>ELECTRON POUR\u00a0L\u2019ARTISANAT Technologies, machines et assistance pour artisans Electron s.r.l. est un point de rep\u00e8re essentiel dans le domaine artisanal aussi gr\u00e2ce \u00e0 ses services d\u2019expertise-conseil, r\u00e9alisation et assistance technique d\u2019installations \u00e9lectriques et technologiques de pointe qui sont sp\u00e9cifiquement con\u00e7ues pour tout type de production artisanale. Entreprise leader sur le march\u00e9 des installations \u00e9lectriques et [&hellip;]<\/p>\n","protected":false},"author":3,"featured_media":1093,"parent":0,"menu_order":0,"comment_status":"closed","ping_status":"closed","template":"","meta":{"footnotes":""},"class_list":["post-368","page","type-page","status-publish","has-post-thumbnail","hentry"],"yoast_head":"<!-- This site is optimized with the Yoast SEO plugin v27.5 - https:\/\/yoast.com\/product\/yoast-seo-wordpress\/ -->\n<title>Installations \u00e9lectriques et assistance technique pour ateliers artisanaux<\/title>\n<meta name=\"description\" content=\"Conception, r\u00e9alisation et assistance technique pour installations \u00e9lectriques et technologiques de moyenne et basse tension pour l&#039;artisanat, en plus des r\u00e9seaux de donn\u00e9es, automatisation et entretien de machines pour la production artisanale.\" \/>\n<meta name=\"robots\" content=\"index, follow, max-snippet:-1, max-image-preview:large, max-video-preview:-1\" \/>\n<link rel=\"canonical\" href=\"https:\/\/www.electronweb.it\/fr\/artisanat\/\" \/>\n<meta property=\"og:locale\" content=\"fr_FR\" \/>\n<meta property=\"og:type\" content=\"article\" \/>\n<meta property=\"og:title\" content=\"Installations \u00e9lectriques et assistance technique pour ateliers artisanaux\" \/>\n<meta property=\"og:description\" content=\"Conception, r\u00e9alisation et assistance technique pour installations \u00e9lectriques et technologiques de moyenne et basse tension pour l&#039;artisanat, en plus des r\u00e9seaux de donn\u00e9es, automatisation et entretien de machines pour la production artisanale.\" \/>\n<meta property=\"og:url\" content=\"https:\/\/www.electronweb.it\/fr\/artisanat\/\" \/>\n<meta property=\"og:site_name\" content=\"Electron\" \/>\n<meta property=\"article:modified_time\" content=\"2017-08-01T09:05:06+00:00\" \/>\n<meta property=\"og:image\" content=\"https:\/\/www.electronweb.it\/wp-content\/uploads\/2017\/07\/artigianato-header.jpg\" \/>\n\t<meta property=\"og:image:width\" content=\"1920\" \/>\n\t<meta property=\"og:image:height\" content=\"720\" \/>\n\t<meta property=\"og:image:type\" content=\"image\/jpeg\" \/>\n<meta name=\"twitter:card\" content=\"summary_large_image\" \/>\n<meta name=\"twitter:label1\" content=\"Dur\u00e9e de lecture estim\u00e9e\" \/>\n\t<meta name=\"twitter:data1\" content=\"1 minute\" \/>\n<script type=\"application\/ld+json\" class=\"yoast-schema-graph\">{\"@context\":\"https:\\\/\\\/schema.org\",\"@graph\":[{\"@type\":\"WebPage\",\"@id\":\"https:\\\/\\\/www.electronweb.it\\\/fr\\\/artisanat\\\/\",\"url\":\"https:\\\/\\\/www.electronweb.it\\\/fr\\\/artisanat\\\/\",\"name\":\"Installations \u00e9lectriques et assistance technique pour ateliers artisanaux\",\"isPartOf\":{\"@id\":\"https:\\\/\\\/www.electronweb.it\\\/fr\\\/#website\"},\"primaryImageOfPage\":{\"@id\":\"https:\\\/\\\/www.electronweb.it\\\/fr\\\/artisanat\\\/#primaryimage\"},\"image\":{\"@id\":\"https:\\\/\\\/www.electronweb.it\\\/fr\\\/artisanat\\\/#primaryimage\"},\"thumbnailUrl\":\"https:\\\/\\\/www.electronweb.it\\\/wp-content\\\/uploads\\\/2024\\\/02\\\/Progetto-senza-titolo-8.png\",\"datePublished\":\"2017-07-07T08:55:05+00:00\",\"dateModified\":\"2017-08-01T09:05:06+00:00\",\"description\":\"Conception, r\u00e9alisation et assistance technique pour installations \u00e9lectriques et technologiques de moyenne et basse tension pour l'artisanat, en plus des r\u00e9seaux de donn\u00e9es, automatisation et entretien de machines pour la production artisanale.\",\"breadcrumb\":{\"@id\":\"https:\\\/\\\/www.electronweb.it\\\/fr\\\/artisanat\\\/#breadcrumb\"},\"inLanguage\":\"fr-FR\",\"potentialAction\":[{\"@type\":\"ReadAction\",\"target\":[\"https:\\\/\\\/www.electronweb.it\\\/fr\\\/artisanat\\\/\"]}]},{\"@type\":\"ImageObject\",\"inLanguage\":\"fr-FR\",\"@id\":\"https:\\\/\\\/www.electronweb.it\\\/fr\\\/artisanat\\\/#primaryimage\",\"url\":\"https:\\\/\\\/www.electronweb.it\\\/wp-content\\\/uploads\\\/2024\\\/02\\\/Progetto-senza-titolo-8.png\",\"contentUrl\":\"https:\\\/\\\/www.electronweb.it\\\/wp-content\\\/uploads\\\/2024\\\/02\\\/Progetto-senza-titolo-8.png\",\"width\":900,\"height\":600},{\"@type\":\"BreadcrumbList\",\"@id\":\"https:\\\/\\\/www.electronweb.it\\\/fr\\\/artisanat\\\/#breadcrumb\",\"itemListElement\":[{\"@type\":\"ListItem\",\"position\":1,\"name\":\"Home\",\"item\":\"https:\\\/\\\/www.electronweb.it\\\/fr\\\/\"},{\"@type\":\"ListItem\",\"position\":2,\"name\":\"Artisanat\"}]},{\"@type\":\"WebSite\",\"@id\":\"https:\\\/\\\/www.electronweb.it\\\/fr\\\/#website\",\"url\":\"https:\\\/\\\/www.electronweb.it\\\/fr\\\/\",\"name\":\"Electron\",\"description\":\"Impianti elettrici e macchine per automazione industriale in Toscana\",\"publisher\":{\"@id\":\"https:\\\/\\\/www.electronweb.it\\\/fr\\\/#organization\"},\"potentialAction\":[{\"@type\":\"SearchAction\",\"target\":{\"@type\":\"EntryPoint\",\"urlTemplate\":\"https:\\\/\\\/www.electronweb.it\\\/fr\\\/?s={search_term_string}\"},\"query-input\":{\"@type\":\"PropertyValueSpecification\",\"valueRequired\":true,\"valueName\":\"search_term_string\"}}],\"inLanguage\":\"fr-FR\"},{\"@type\":\"Organization\",\"@id\":\"https:\\\/\\\/www.electronweb.it\\\/fr\\\/#organization\",\"name\":\"Electron S.r.l.\",\"url\":\"https:\\\/\\\/www.electronweb.it\\\/fr\\\/\",\"logo\":{\"@type\":\"ImageObject\",\"inLanguage\":\"fr-FR\",\"@id\":\"https:\\\/\\\/www.electronweb.it\\\/fr\\\/#\\\/schema\\\/logo\\\/image\\\/\",\"url\":\"https:\\\/\\\/www.electronweb.it\\\/wp-content\\\/uploads\\\/2017\\\/08\\\/electron.png\",\"contentUrl\":\"https:\\\/\\\/www.electronweb.it\\\/wp-content\\\/uploads\\\/2017\\\/08\\\/electron.png\",\"width\":1211,\"height\":866,\"caption\":\"Electron S.r.l.\"},\"image\":{\"@id\":\"https:\\\/\\\/www.electronweb.it\\\/fr\\\/#\\\/schema\\\/logo\\\/image\\\/\"}}]}<\/script>\n<!-- \/ Yoast SEO plugin. -->","yoast_head_json":{"title":"Installations \u00e9lectriques et assistance technique pour ateliers artisanaux","description":"Conception, r\u00e9alisation et assistance technique pour installations \u00e9lectriques et technologiques de moyenne et basse tension pour l'artisanat, en plus des r\u00e9seaux de donn\u00e9es, automatisation et entretien de machines pour la production artisanale.","robots":{"index":"index","follow":"follow","max-snippet":"max-snippet:-1","max-image-preview":"max-image-preview:large","max-video-preview":"max-video-preview:-1"},"canonical":"https:\/\/www.electronweb.it\/fr\/artisanat\/","og_locale":"fr_FR","og_type":"article","og_title":"Installations \u00e9lectriques et assistance technique pour ateliers artisanaux","og_description":"Conception, r\u00e9alisation et assistance technique pour installations \u00e9lectriques et technologiques de moyenne et basse tension pour l'artisanat, en plus des r\u00e9seaux de donn\u00e9es, automatisation et entretien de machines pour la production artisanale.","og_url":"https:\/\/www.electronweb.it\/fr\/artisanat\/","og_site_name":"Electron","article_modified_time":"2017-08-01T09:05:06+00:00","og_image":[{"width":1920,"height":720,"url":"https:\/\/www.electronweb.it\/wp-content\/uploads\/2017\/07\/artigianato-header.jpg","type":"image\/jpeg"}],"twitter_card":"summary_large_image","twitter_misc":{"Dur\u00e9e de lecture estim\u00e9e":"1 minute"},"schema":{"@context":"https:\/\/schema.org","@graph":[{"@type":"WebPage","@id":"https:\/\/www.electronweb.it\/fr\/artisanat\/","url":"https:\/\/www.electronweb.it\/fr\/artisanat\/","name":"Installations \u00e9lectriques et assistance technique pour ateliers artisanaux","isPartOf":{"@id":"https:\/\/www.electronweb.it\/fr\/#website"},"primaryImageOfPage":{"@id":"https:\/\/www.electronweb.it\/fr\/artisanat\/#primaryimage"},"image":{"@id":"https:\/\/www.electronweb.it\/fr\/artisanat\/#primaryimage"},"thumbnailUrl":"https:\/\/www.electronweb.it\/wp-content\/uploads\/2024\/02\/Progetto-senza-titolo-8.png","datePublished":"2017-07-07T08:55:05+00:00","dateModified":"2017-08-01T09:05:06+00:00","description":"Conception, r\u00e9alisation et assistance technique pour installations \u00e9lectriques et technologiques de moyenne et basse tension pour l'artisanat, en plus des r\u00e9seaux de donn\u00e9es, automatisation et entretien de machines pour la production artisanale.","breadcrumb":{"@id":"https:\/\/www.electronweb.it\/fr\/artisanat\/#breadcrumb"},"inLanguage":"fr-FR","potentialAction":[{"@type":"ReadAction","target":["https:\/\/www.electronweb.it\/fr\/artisanat\/"]}]},{"@type":"ImageObject","inLanguage":"fr-FR","@id":"https:\/\/www.electronweb.it\/fr\/artisanat\/#primaryimage","url":"https:\/\/www.electronweb.it\/wp-content\/uploads\/2024\/02\/Progetto-senza-titolo-8.png","contentUrl":"https:\/\/www.electronweb.it\/wp-content\/uploads\/2024\/02\/Progetto-senza-titolo-8.png","width":900,"height":600},{"@type":"BreadcrumbList","@id":"https:\/\/www.electronweb.it\/fr\/artisanat\/#breadcrumb","itemListElement":[{"@type":"ListItem","position":1,"name":"Home","item":"https:\/\/www.electronweb.it\/fr\/"},{"@type":"ListItem","position":2,"name":"Artisanat"}]},{"@type":"WebSite","@id":"https:\/\/www.electronweb.it\/fr\/#website","url":"https:\/\/www.electronweb.it\/fr\/","name":"Electron","description":"Impianti elettrici e macchine per automazione industriale in Toscana","publisher":{"@id":"https:\/\/www.electronweb.it\/fr\/#organization"},"potentialAction":[{"@type":"SearchAction","target":{"@type":"EntryPoint","urlTemplate":"https:\/\/www.electronweb.it\/fr\/?s={search_term_string}"},"query-input":{"@type":"PropertyValueSpecification","valueRequired":true,"valueName":"search_term_string"}}],"inLanguage":"fr-FR"},{"@type":"Organization","@id":"https:\/\/www.electronweb.it\/fr\/#organization","name":"Electron S.r.l.","url":"https:\/\/www.electronweb.it\/fr\/","logo":{"@type":"ImageObject","inLanguage":"fr-FR","@id":"https:\/\/www.electronweb.it\/fr\/#\/schema\/logo\/image\/","url":"https:\/\/www.electronweb.it\/wp-content\/uploads\/2017\/08\/electron.png","contentUrl":"https:\/\/www.electronweb.it\/wp-content\/uploads\/2017\/08\/electron.png","width":1211,"height":866,"caption":"Electron S.r.l."},"image":{"@id":"https:\/\/www.electronweb.it\/fr\/#\/schema\/logo\/image\/"}}]}},"_links":{"self":[{"href":"https:\/\/www.electronweb.it\/fr\/wp-json\/wp\/v2\/pages\/368","targetHints":{"allow":["GET"]}}],"collection":[{"href":"https:\/\/www.electronweb.it\/fr\/wp-json\/wp\/v2\/pages"}],"about":[{"href":"https:\/\/www.electronweb.it\/fr\/wp-json\/wp\/v2\/types\/page"}],"author":[{"embeddable":true,"href":"https:\/\/www.electronweb.it\/fr\/wp-json\/wp\/v2\/users\/3"}],"replies":[{"embeddable":true,"href":"https:\/\/www.electronweb.it\/fr\/wp-json\/wp\/v2\/comments?post=368"}],"version-history":[{"count":4,"href":"https:\/\/www.electronweb.it\/fr\/wp-json\/wp\/v2\/pages\/368\/revisions"}],"predecessor-version":[{"id":500,"href":"https:\/\/www.electronweb.it\/fr\/wp-json\/wp\/v2\/pages\/368\/revisions\/500"}],"wp:featuredmedia":[{"embeddable":true,"href":"https:\/\/www.electronweb.it\/fr\/wp-json\/wp\/v2\/media\/1093"}],"wp:attachment":[{"href":"https:\/\/www.electronweb.it\/fr\/wp-json\/wp\/v2\/media?parent=368"}],"curies":[{"name":"wp","href":"https:\/\/api.w.org\/{rel}","templated":true}]}}